{"id":52861,"date":"2026-03-12T13:09:43","date_gmt":"2026-03-12T13:09:43","guid":{"rendered":"https:\/\/trade.colart.com\/fr\/product\/charbonnel-encre-lithographique-liquide-75ml-2\/"},"modified":"2026-04-17T09:52:16","modified_gmt":"2026-04-17T09:52:16","slug":"charbonnel-encre-%c3%a0-dessin-lithographique-liquide-75ml","status":"publish","type":"product","link":"https:\/\/trade.colart.com\/fr\/product\/charbonnel-encre-%c3%a0-dessin-lithographique-liquide-75ml\/","title":{"rendered":"Charbonnel Encre \u00e0 Dessin Lithographique Liquide 75ml"},"content":{"rendered":"<p>Encre \u00e0 dessiner pour le travail \u00e0 la plume ou au pinceau<\/p>\n","protected":false},"excerpt":{"rendered":"<p>Encre \u00e0 dessiner pour le travail \u00e0 la plume ou au pinceau <span class=\"more_dots\">&#8230;<\/span><\/p>\n<p><a class=\"btn btn-secondary understrap-read-more-link\" href=\"https:\/\/trade.colart.com\/fr\/product\/charbonnel-encre-%c3%a0-dessin-lithographique-liquide-75ml\/\">Read More&#8230;<span class=\"screen-reader-text\"> from Charbonnel Encre \u00e0 Dessin Lithographique Liquide 75ml<\/span><\/a><\/p>\n","protected":false},"featured_media":52948,"comment_status":"closed","ping_status":"closed","template":"","meta":{"_acf_changed":false},"product_brand":[],"product_cat":[1488],"product_tag":[],"class_list":{"0":"post-52861","1":"product","2":"type-product","3":"status-publish","4":"has-post-thumbnail","6":"product_cat-charbonnel-encres-litho","8":"first","9":"instock","10":"shipping-taxable","11":"purchasable","12":"product-type-simple"},"acf":[],"_links":{"self":[{"href":"https:\/\/trade.colart.com\/fr\/wp-json\/wp\/v2\/product\/52861","targetHints":{"allow":["GET"]}}],"collection":[{"href":"https:\/\/trade.colart.com\/fr\/wp-json\/wp\/v2\/product"}],"about":[{"href":"https:\/\/trade.colart.com\/fr\/wp-json\/wp\/v2\/types\/product"}],"replies":[{"embeddable":true,"href":"https:\/\/trade.colart.com\/fr\/wp-json\/wp\/v2\/comments?post=52861"}],"wp:featuredmedia":[{"embeddable":true,"href":"https:\/\/trade.colart.com\/fr\/wp-json\/wp\/v2\/media\/52948"}],"wp:attachment":[{"href":"https:\/\/trade.colart.com\/fr\/wp-json\/wp\/v2\/media?parent=52861"}],"wp:term":[{"taxonomy":"product_brand","embeddable":true,"href":"https:\/\/trade.colart.com\/fr\/wp-json\/wp\/v2\/product_brand?post=52861"},{"taxonomy":"product_cat","embeddable":true,"href":"https:\/\/trade.colart.com\/fr\/wp-json\/wp\/v2\/product_cat?post=52861"},{"taxonomy":"product_tag","embeddable":true,"href":"https:\/\/trade.colart.com\/fr\/wp-json\/wp\/v2\/product_tag?post=52861"}],"curies":[{"name":"wp","href":"https:\/\/api.w.org\/{rel}","templated":true}]}}