{"id":52867,"date":"2026-03-12T13:11:30","date_gmt":"2026-03-12T13:11:30","guid":{"rendered":"https:\/\/trade.colart.com\/fr\/product\/charbonnel-encre-lithographique-en-baton-2\/"},"modified":"2026-04-13T09:54:05","modified_gmt":"2026-04-13T09:54:05","slug":"charbonnel-encre-lithographique-en-baton","status":"publish","type":"product","link":"https:\/\/trade.colart.com\/fr\/product\/charbonnel-encre-lithographique-en-baton\/","title":{"rendered":"Charbonnel Encre Lithographique En Baton"},"content":{"rendered":"<p>Encre lithographique \u00e0 dessiner. La dilution se fait \u00e0 l&#8217;essence (t\u00e9r\u00e9benthine ou white spririt).L&#8217;encre en b\u00e2ton est plus visqueuse et p\u00e9n\u00e8tre plus profond\u00e9ment dans la pierre que l&#8217;encre liquide et l&#8217;encre dilu\u00e9e \u00e0 l&#8217;eau. L&#8217;image produite est solidement ancr\u00e9e et souvent plus riche et bien r\u00e9sistante lors de la pr\u00e9paration. Elle a tendance aussi \u00e0 imprimer plus sombre que ce que le dessin rend sur la pierre.<\/p>\n","protected":false},"excerpt":{"rendered":"<p>Encre lithographique \u00e0 dessiner. La dilution se fait \u00e0 l&#8217;essence (t\u00e9r\u00e9benthine ou white spririt).L&#8217;encre en b\u00e2ton est plus visqueuse et p\u00e9n\u00e8tre plus profond\u00e9ment dans la pierre que l&#8217;encre liquide et l&#8217;encre dilu\u00e9e \u00e0 l&#8217;eau. L&#8217;image produite est solidement ancr\u00e9e et souvent plus riche et bien r\u00e9sistante lors de la pr\u00e9paration. Elle a tendance aussi \u00e0 imprimer plus sombre que ce que le dessin rend sur la pierre. <span class=\"more_dots\">&#8230;<\/span><\/p>\n<p><a class=\"btn btn-secondary understrap-read-more-link\" href=\"https:\/\/trade.colart.com\/fr\/product\/charbonnel-encre-lithographique-en-baton\/\">Read More&#8230;<span class=\"screen-reader-text\"> from Charbonnel Encre Lithographique En Baton<\/span><\/a><\/p>\n","protected":false},"featured_media":52950,"comment_status":"closed","ping_status":"closed","template":"","meta":{"_acf_changed":false},"product_brand":[],"product_cat":[1488],"product_tag":[],"class_list":{"0":"post-52867","1":"product","2":"type-product","3":"status-publish","4":"has-post-thumbnail","6":"product_cat-charbonnel-encres-litho","8":"first","9":"instock","10":"shipping-taxable","11":"purchasable","12":"product-type-simple"},"acf":[],"_links":{"self":[{"href":"https:\/\/trade.colart.com\/fr\/wp-json\/wp\/v2\/product\/52867","targetHints":{"allow":["GET"]}}],"collection":[{"href":"https:\/\/trade.colart.com\/fr\/wp-json\/wp\/v2\/product"}],"about":[{"href":"https:\/\/trade.colart.com\/fr\/wp-json\/wp\/v2\/types\/product"}],"replies":[{"embeddable":true,"href":"https:\/\/trade.colart.com\/fr\/wp-json\/wp\/v2\/comments?post=52867"}],"wp:featuredmedia":[{"embeddable":true,"href":"https:\/\/trade.colart.com\/fr\/wp-json\/wp\/v2\/media\/52950"}],"wp:attachment":[{"href":"https:\/\/trade.colart.com\/fr\/wp-json\/wp\/v2\/media?parent=52867"}],"wp:term":[{"taxonomy":"product_brand","embeddable":true,"href":"https:\/\/trade.colart.com\/fr\/wp-json\/wp\/v2\/product_brand?post=52867"},{"taxonomy":"product_cat","embeddable":true,"href":"https:\/\/trade.colart.com\/fr\/wp-json\/wp\/v2\/product_cat?post=52867"},{"taxonomy":"product_tag","embeddable":true,"href":"https:\/\/trade.colart.com\/fr\/wp-json\/wp\/v2\/product_tag?post=52867"}],"curies":[{"name":"wp","href":"https:\/\/api.w.org\/{rel}","templated":true}]}}