{"id":52868,"date":"2026-03-12T13:11:54","date_gmt":"2026-03-12T13:11:54","guid":{"rendered":"https:\/\/trade.colart.com\/fr\/product\/charbonnel-encre-lithographique-high-grade-125g-2\/"},"modified":"2026-04-17T09:42:45","modified_gmt":"2026-04-17T09:42:45","slug":"charbonnel-encre-%c3%a0-dessin-lithographique-%c3%a0-diluer-haut-grade-125gr","status":"publish","type":"product","link":"https:\/\/trade.colart.com\/fr\/product\/charbonnel-encre-%c3%a0-dessin-lithographique-%c3%a0-diluer-haut-grade-125gr\/","title":{"rendered":"Charbonnel Encre \u00e0 Dessin Lithographique \u00e0 Diluer Haut Grade 125gr"},"content":{"rendered":"<p>Encre lithographique \u00e0 dessiner.La dilution se fait \u00e0 l&#8217;eau, ou \u00e0 l&#8217;essence (t\u00e9r\u00e9benthine ou white spririt). Si la dilution se fait directement dans la bo\u00eete, ne pas m\u00e9langer les solvents, r\u00e9server une bo\u00eete pour l&#8217;eau et une bo\u00eete pour l&#8217;essence.L&#8217;encre pr\u00e9par\u00e9e \u00e0 l&#8217;eau est relativement fluide et s\u00e8che lentement.L&#8217;encre pr\u00e9par\u00e9e \u00e0 l&#8217;essence est plus visqueuse et p\u00e9n\u00e8tre plus profond\u00e9ment dans la pierre. L&#8217;image produite est solidement ancr\u00e9e et souvent plus riche et bien r\u00e9sistante lors de la pr\u00e9paration. Elle a tendance aussi \u00e0 imprimer plus sombre que ce que le dessin rend sur la pierre.<\/p>\n","protected":false},"excerpt":{"rendered":"<p>Encre lithographique \u00e0 dessiner.La dilution se fait \u00e0 l&#8217;eau, ou \u00e0 l&#8217;essence (t\u00e9r\u00e9benthine ou white spririt). Si la dilution se fait directement dans la bo\u00eete, ne pas m\u00e9langer les solvents, r\u00e9server une bo\u00eete pour l&#8217;eau et une bo\u00eete pour l&#8217;essence.L&#8217;encre pr\u00e9par\u00e9e \u00e0 l&#8217;eau est relativement fluide et s\u00e8che lentement.L&#8217;encre pr\u00e9par\u00e9e \u00e0 l&#8217;essence est plus visqueuse et p\u00e9n\u00e8tre plus profond\u00e9ment dans la pierre. L&#8217;image produite est solidement ancr\u00e9e et souvent plus riche et bien r\u00e9sistante lors de la pr\u00e9paration. Elle a tendance aussi \u00e0 imprimer plus sombre que ce que le dessin rend sur la pierre. <span class=\"more_dots\">&#8230;<\/span><\/p>\n<p><a class=\"btn btn-secondary understrap-read-more-link\" href=\"https:\/\/trade.colart.com\/fr\/product\/charbonnel-encre-%c3%a0-dessin-lithographique-%c3%a0-diluer-haut-grade-125gr\/\">Read More&#8230;<span class=\"screen-reader-text\"> from Charbonnel Encre \u00e0 Dessin Lithographique \u00e0 Diluer Haut Grade 125gr<\/span><\/a><\/p>\n","protected":false},"featured_media":56756,"comment_status":"closed","ping_status":"closed","template":"","meta":{"_acf_changed":false},"product_brand":[],"product_cat":[1488],"product_tag":[],"class_list":{"0":"post-52868","1":"product","2":"type-product","3":"status-publish","4":"has-post-thumbnail","6":"product_cat-charbonnel-encres-litho","8":"first","9":"instock","10":"shipping-taxable","11":"purchasable","12":"product-type-simple"},"acf":[],"_links":{"self":[{"href":"https:\/\/trade.colart.com\/fr\/wp-json\/wp\/v2\/product\/52868","targetHints":{"allow":["GET"]}}],"collection":[{"href":"https:\/\/trade.colart.com\/fr\/wp-json\/wp\/v2\/product"}],"about":[{"href":"https:\/\/trade.colart.com\/fr\/wp-json\/wp\/v2\/types\/product"}],"replies":[{"embeddable":true,"href":"https:\/\/trade.colart.com\/fr\/wp-json\/wp\/v2\/comments?post=52868"}],"wp:featuredmedia":[{"embeddable":true,"href":"https:\/\/trade.colart.com\/fr\/wp-json\/wp\/v2\/media\/56756"}],"wp:attachment":[{"href":"https:\/\/trade.colart.com\/fr\/wp-json\/wp\/v2\/media?parent=52868"}],"wp:term":[{"taxonomy":"product_brand","embeddable":true,"href":"https:\/\/trade.colart.com\/fr\/wp-json\/wp\/v2\/product_brand?post=52868"},{"taxonomy":"product_cat","embeddable":true,"href":"https:\/\/trade.colart.com\/fr\/wp-json\/wp\/v2\/product_cat?post=52868"},{"taxonomy":"product_tag","embeddable":true,"href":"https:\/\/trade.colart.com\/fr\/wp-json\/wp\/v2\/product_tag?post=52868"}],"curies":[{"name":"wp","href":"https:\/\/api.w.org\/{rel}","templated":true}]}}