{"id":53159,"date":"2025-03-27T00:50:43","date_gmt":"2025-03-27T00:50:43","guid":{"rendered":"https:\/\/trade.colart.com\/fr\/product\/lefranc-bourgeois-peinture-a-lhuile-fine\/"},"modified":"2026-04-17T00:43:09","modified_gmt":"2026-04-17T00:43:09","slug":"lefranc-bourgeois-peinture-a-lhuile-fine","status":"publish","type":"product","link":"https:\/\/trade.colart.com\/fr\/product\/lefranc-bourgeois-peinture-a-lhuile-fine\/","title":{"rendered":"Peinture \u00e0 l\u2019huile Fine"},"content":{"rendered":"<p>D\u00e9couvrez l&#8217;incroyable pouvoir couvrant de notre gamme d&#8217;huiles fines. Explorez les 48 couleurs contemporaines \u00e9l\u00e9gamment choisies. M\u00e9lang\u00e9e avec des tons hautement pigment\u00e9s, chaque couleur offre une couvrance uniforme sur de grandes surfaces. <\/p>\n<p>Reconnues par les institutions du monde entier, ces peintures \u00e0 l&#8217;huile sont id\u00e9ales pour les \u00e9tudiants, les passionn\u00e9s et les professionnels. Parfaites pour les croquis, l&#8217;application de couches de base et la cr\u00e9ation de grandes \u0153uvres.<\/p>\n","protected":false},"excerpt":{"rendered":"<p>D\u00e9couvrez l&#8217;incroyable pouvoir couvrant de notre gamme d&#8217;huiles fines. Explorez les 48 couleurs contemporaines \u00e9l\u00e9gamment choisies. M\u00e9lang\u00e9e avec des tons hautement pigment\u00e9s, chaque couleur offre une couvrance uniforme sur de grandes surfaces. Reconnues par les institutions du monde entier, ces peintures \u00e0 l&#8217;huile sont id\u00e9ales pour les \u00e9tudiants, les passionn\u00e9s et les professionnels. Parfaites pour <span class=\"more_dots\">&#8230;<\/span><\/p>\n<p><a class=\"btn btn-secondary understrap-read-more-link\" href=\"https:\/\/trade.colart.com\/fr\/product\/lefranc-bourgeois-peinture-a-lhuile-fine\/\">Read More&#8230;<span class=\"screen-reader-text\"> from Peinture \u00e0 l\u2019huile Fine<\/span><\/a><\/p>\n","protected":false},"featured_media":25513,"comment_status":"closed","ping_status":"closed","template":"","meta":{"_acf_changed":false},"product_brand":[],"product_cat":[2815],"product_tag":[],"class_list":{"0":"post-53159","1":"product","2":"type-product","3":"status-publish","4":"has-post-thumbnail","6":"product_cat-lefranc-bourgeois-beaux-arts-huile-huile-fine","8":"first","9":"instock","10":"shipping-taxable","11":"purchasable","12":"product-type-variable"},"acf":[],"_links":{"self":[{"href":"https:\/\/trade.colart.com\/fr\/wp-json\/wp\/v2\/product\/53159","targetHints":{"allow":["GET"]}}],"collection":[{"href":"https:\/\/trade.colart.com\/fr\/wp-json\/wp\/v2\/product"}],"about":[{"href":"https:\/\/trade.colart.com\/fr\/wp-json\/wp\/v2\/types\/product"}],"replies":[{"embeddable":true,"href":"https:\/\/trade.colart.com\/fr\/wp-json\/wp\/v2\/comments?post=53159"}],"wp:featuredmedia":[{"embeddable":true,"href":"https:\/\/trade.colart.com\/fr\/wp-json\/wp\/v2\/media\/25513"}],"wp:attachment":[{"href":"https:\/\/trade.colart.com\/fr\/wp-json\/wp\/v2\/media?parent=53159"}],"wp:term":[{"taxonomy":"product_brand","embeddable":true,"href":"https:\/\/trade.colart.com\/fr\/wp-json\/wp\/v2\/product_brand?post=53159"},{"taxonomy":"product_cat","embeddable":true,"href":"https:\/\/trade.colart.com\/fr\/wp-json\/wp\/v2\/product_cat?post=53159"},{"taxonomy":"product_tag","embeddable":true,"href":"https:\/\/trade.colart.com\/fr\/wp-json\/wp\/v2\/product_tag?post=53159"}],"curies":[{"name":"wp","href":"https:\/\/api.w.org\/{rel}","templated":true}]}}