{"id":532,"date":"2026-03-12T17:34:24","date_gmt":"2026-03-12T17:34:24","guid":{"rendered":"https:\/\/trade.colart.com\/fr\/product\/winsor-newton-acrylique-galeria-set-6-tubes-60ml\/"},"modified":"2026-04-17T12:41:00","modified_gmt":"2026-04-17T12:41:00","slug":"winsor-newton-acrylique-galeria-set-6-tubes-60ml","status":"publish","type":"product","link":"https:\/\/trade.colart.com\/fr\/product\/winsor-newton-acrylique-galeria-set-6-tubes-60ml\/","title":{"rendered":"Winsor &amp; Newton Acrylique Galeria Set 6 Tubes 60ml"},"content":{"rendered":"<p>Une palette de base de 6 couleurs dans un format tube 60 ml tr\u00e8s appr\u00e9ci\u00e9, comprenant \u00e9galement une notice d&#8217;utilisation.<\/p>\n","protected":false},"excerpt":{"rendered":"<p>Une palette de base de 6 couleurs dans un format tube 60 ml tr\u00e8s appr\u00e9ci\u00e9, comprenant \u00e9galement une notice d&#8217;utilisation. <span class=\"more_dots\">&#8230;<\/span><\/p>\n<p><a class=\"btn btn-secondary understrap-read-more-link\" href=\"https:\/\/trade.colart.com\/fr\/product\/winsor-newton-acrylique-galeria-set-6-tubes-60ml\/\">Read More&#8230;<span class=\"screen-reader-text\"> from Winsor &amp; Newton Acrylique Galeria Set 6 Tubes 60ml<\/span><\/a><\/p>\n","protected":false},"featured_media":55578,"comment_status":"closed","ping_status":"closed","template":"","meta":{"_acf_changed":false},"product_brand":[],"product_cat":[319,318],"product_tag":[],"class_list":{"0":"post-532","1":"product","2":"type-product","3":"status-publish","4":"has-post-thumbnail","6":"product_cat-winsor-newton-couleurs-acrylique-couleurs-acrylique-galeria-sets-acrylique-galeria","7":"product_cat-winsor-newton-coffrets-sets-acrylique-galeria","9":"first","10":"instock","11":"shipping-taxable","12":"purchasable","13":"product-type-simple"},"acf":[],"_links":{"self":[{"href":"https:\/\/trade.colart.com\/fr\/wp-json\/wp\/v2\/product\/532","targetHints":{"allow":["GET"]}}],"collection":[{"href":"https:\/\/trade.colart.com\/fr\/wp-json\/wp\/v2\/product"}],"about":[{"href":"https:\/\/trade.colart.com\/fr\/wp-json\/wp\/v2\/types\/product"}],"replies":[{"embeddable":true,"href":"https:\/\/trade.colart.com\/fr\/wp-json\/wp\/v2\/comments?post=532"}],"wp:featuredmedia":[{"embeddable":true,"href":"https:\/\/trade.colart.com\/fr\/wp-json\/wp\/v2\/media\/55578"}],"wp:attachment":[{"href":"https:\/\/trade.colart.com\/fr\/wp-json\/wp\/v2\/media?parent=532"}],"wp:term":[{"taxonomy":"product_brand","embeddable":true,"href":"https:\/\/trade.colart.com\/fr\/wp-json\/wp\/v2\/product_brand?post=532"},{"taxonomy":"product_cat","embeddable":true,"href":"https:\/\/trade.colart.com\/fr\/wp-json\/wp\/v2\/product_cat?post=532"},{"taxonomy":"product_tag","embeddable":true,"href":"https:\/\/trade.colart.com\/fr\/wp-json\/wp\/v2\/product_tag?post=532"}],"curies":[{"name":"wp","href":"https:\/\/api.w.org\/{rel}","templated":true}]}}