{"id":53605,"date":"2026-03-12T22:32:49","date_gmt":"2026-03-12T22:32:49","guid":{"rendered":"https:\/\/trade.colart.com\/fr\/product\/winsor-newton-professional-watercolour-travel-case\/"},"modified":"2026-04-17T09:26:08","modified_gmt":"2026-04-17T09:26:08","slug":"winsor-newton-coffret-datelier-aquarelle-professionnelle","status":"publish","type":"product","link":"https:\/\/trade.colart.com\/fr\/product\/winsor-newton-coffret-datelier-aquarelle-professionnelle\/","title":{"rendered":"Winsor &amp; Newton Coffret d&#8217;Atelier Aquarelle Professionnelle"},"content":{"rendered":"<p>D\u00e9couvrez les Aquarelles Professionnelles avec une forte concentration de pigments de qualit\u00e9 pour assurer la r\u00e9sistance \u00e0 la lumi\u00e8re et la permanence des couleurs. Un coffret en bois complet contenant nos meilleurs mat\u00e9riaux &#8211; 12 tubes de 5 ml, un bloc de papier, deux pinceaux en poils de martre et des accessoires &#8211; pour vous initier \u00e0 cette texhnique. Il peut \u00e9galement \u00eatre un magnifique cadeau.<\/p>\n","protected":false},"excerpt":{"rendered":"<p>D\u00e9couvrez les Aquarelles Professionnelles avec une forte concentration de pigments de qualit\u00e9 pour assurer la r\u00e9sistance \u00e0 la lumi\u00e8re et la permanence des couleurs. Un coffret en bois complet contenant nos meilleurs mat\u00e9riaux &#8211; 12 tubes de 5 ml, un bloc de papier, deux pinceaux en poils de martre et des accessoires &#8211; pour vous initier \u00e0 cette texhnique. Il peut \u00e9galement \u00eatre un magnifique cadeau. <span class=\"more_dots\">&#8230;<\/span><\/p>\n<p><a class=\"btn btn-secondary understrap-read-more-link\" href=\"https:\/\/trade.colart.com\/fr\/product\/winsor-newton-coffret-datelier-aquarelle-professionnelle\/\">Read More&#8230;<span class=\"screen-reader-text\"> from Winsor &amp; Newton Coffret d&#8217;Atelier Aquarelle Professionnelle<\/span><\/a><\/p>\n","protected":false},"featured_media":53667,"comment_status":"closed","ping_status":"closed","template":"","meta":{"_acf_changed":false},"product_brand":[],"product_cat":[283,282],"product_tag":[],"class_list":{"0":"post-53605","1":"product","2":"type-product","3":"status-publish","4":"has-post-thumbnail","6":"product_cat-winsor-newton-couleurs-aquarelle-couleurs-aquarelle-extra-fine-professionnelle-sets-aquarelle-extra-fine-professionnelle","7":"product_cat-winsor-newton-coffrets-sets-aquarelle-extra-fine-professionnelle","9":"first","10":"instock","11":"shipping-taxable","12":"purchasable","13":"product-type-simple"},"acf":[],"_links":{"self":[{"href":"https:\/\/trade.colart.com\/fr\/wp-json\/wp\/v2\/product\/53605","targetHints":{"allow":["GET"]}}],"collection":[{"href":"https:\/\/trade.colart.com\/fr\/wp-json\/wp\/v2\/product"}],"about":[{"href":"https:\/\/trade.colart.com\/fr\/wp-json\/wp\/v2\/types\/product"}],"replies":[{"embeddable":true,"href":"https:\/\/trade.colart.com\/fr\/wp-json\/wp\/v2\/comments?post=53605"}],"wp:featuredmedia":[{"embeddable":true,"href":"https:\/\/trade.colart.com\/fr\/wp-json\/wp\/v2\/media\/53667"}],"wp:attachment":[{"href":"https:\/\/trade.colart.com\/fr\/wp-json\/wp\/v2\/media?parent=53605"}],"wp:term":[{"taxonomy":"product_brand","embeddable":true,"href":"https:\/\/trade.colart.com\/fr\/wp-json\/wp\/v2\/product_brand?post=53605"},{"taxonomy":"product_cat","embeddable":true,"href":"https:\/\/trade.colart.com\/fr\/wp-json\/wp\/v2\/product_cat?post=53605"},{"taxonomy":"product_tag","embeddable":true,"href":"https:\/\/trade.colart.com\/fr\/wp-json\/wp\/v2\/product_tag?post=53605"}],"curies":[{"name":"wp","href":"https:\/\/api.w.org\/{rel}","templated":true}]}}