{"id":537,"date":"2026-03-26T01:17:17","date_gmt":"2026-03-26T01:17:17","guid":{"rendered":"https:\/\/trade.colart.com\/fr\/product\/winsor-newton-gouache-designer-set-6x14ml-couleurs-primaires\/"},"modified":"2026-03-26T01:17:17","modified_gmt":"2026-03-26T01:17:17","slug":"winsor-newton-gouache-designer-set-6x14ml-couleurs-primaires","status":"publish","type":"product","link":"https:\/\/trade.colart.com\/fr\/product\/winsor-newton-gouache-designer-set-6x14ml-couleurs-primaires\/","title":{"rendered":"Winsor &amp; Newton Gouache Designer Set 6x14ml Couleurs Primaires"},"content":{"rendered":"<p>Ce set propose une s\u00e9lection de 6 tubes de 14 ml. Les couleurs ont \u00e9t\u00e9 sp\u00e9cialement choisies pour offrir des r\u00e9sultats optimaux lors du m\u00e9lange des couleurs afin de produire des m\u00e9langes intenses et lumineux. Inclus : Jaune Primaire, Rouge Primaire, Bleu Primaire, Vert Permanent Moyen, Noir d&#8217;Ivoire, Blanc de Zinc. Le contenu peut varier.<\/p>\n","protected":false},"excerpt":{"rendered":"<p>Ce set propose une s\u00e9lection de 6 tubes de 14 ml. Les couleurs ont \u00e9t\u00e9 sp\u00e9cialement choisies pour offrir des r\u00e9sultats optimaux lors du m\u00e9lange des couleurs afin de produire des m\u00e9langes intenses et lumineux. Inclus : Jaune Primaire, Rouge Primaire, Bleu Primaire, Vert Permanent Moyen, Noir d&#8217;Ivoire, Blanc de Zinc. Le contenu peut varier. <span class=\"more_dots\">&#8230;<\/span><\/p>\n<p><a class=\"btn btn-secondary understrap-read-more-link\" href=\"https:\/\/trade.colart.com\/fr\/product\/winsor-newton-gouache-designer-set-6x14ml-couleurs-primaires\/\">Read More&#8230;<span class=\"screen-reader-text\"> from Winsor &amp; Newton Gouache Designer Set 6x14ml Couleurs Primaires<\/span><\/a><\/p>\n","protected":false},"featured_media":3644,"comment_status":"closed","ping_status":"closed","template":"","meta":{"_acf_changed":false},"product_brand":[],"product_cat":[322],"product_tag":[],"class_list":{"0":"post-537","1":"product","2":"type-product","3":"status-publish","4":"has-post-thumbnail","6":"product_cat-winsor-newton-couleurs-gouache-couleurs-gouache-extra-fine-designers-sets-gouache-extra-fine-designers","8":"first","9":"outofstock","10":"shipping-taxable","11":"purchasable","12":"product-type-simple"},"acf":[],"_links":{"self":[{"href":"https:\/\/trade.colart.com\/fr\/wp-json\/wp\/v2\/product\/537","targetHints":{"allow":["GET"]}}],"collection":[{"href":"https:\/\/trade.colart.com\/fr\/wp-json\/wp\/v2\/product"}],"about":[{"href":"https:\/\/trade.colart.com\/fr\/wp-json\/wp\/v2\/types\/product"}],"replies":[{"embeddable":true,"href":"https:\/\/trade.colart.com\/fr\/wp-json\/wp\/v2\/comments?post=537"}],"wp:featuredmedia":[{"embeddable":true,"href":"https:\/\/trade.colart.com\/fr\/wp-json\/wp\/v2\/media\/3644"}],"wp:attachment":[{"href":"https:\/\/trade.colart.com\/fr\/wp-json\/wp\/v2\/media?parent=537"}],"wp:term":[{"taxonomy":"product_brand","embeddable":true,"href":"https:\/\/trade.colart.com\/fr\/wp-json\/wp\/v2\/product_brand?post=537"},{"taxonomy":"product_cat","embeddable":true,"href":"https:\/\/trade.colart.com\/fr\/wp-json\/wp\/v2\/product_cat?post=537"},{"taxonomy":"product_tag","embeddable":true,"href":"https:\/\/trade.colart.com\/fr\/wp-json\/wp\/v2\/product_tag?post=537"}],"curies":[{"name":"wp","href":"https:\/\/api.w.org\/{rel}","templated":true}]}}