{"id":53731,"date":"2026-01-02T04:47:56","date_gmt":"2026-01-02T04:47:56","guid":{"rendered":"https:\/\/trade.colart.com\/fr\/product\/lefranc-bourgeois-enfants-coffret-cr%c3%a9atif-r%c3%a9alise-tes-propres-toiles-de-ma%c3%aetre\/"},"modified":"2026-04-02T07:58:52","modified_gmt":"2026-04-02T07:58:52","slug":"lefranc-bourgeois-enfants-coffret-cr%c3%a9atif-r%c3%a9alise-tes-propres-toiles-de-ma%c3%aetre","status":"publish","type":"product","link":"https:\/\/trade.colart.com\/fr\/product\/lefranc-bourgeois-enfants-coffret-cr%c3%a9atif-r%c3%a9alise-tes-propres-toiles-de-ma%c3%aetre\/","title":{"rendered":"Lefranc Bourgeois Enfants Coffret Cr\u00e9atif R\u00e9alise tes Propres Toiles de Ma\u00eetre"},"content":{"rendered":"<p>Coffret acad\u00e9mique avec toutes les fournitures (faciles \u00e0 ranger et \u00e0 transporter dans un joli tote bag aux couleurs de la marque iconique) pour r\u00e9aliser 15 \u0153uvres, illustrant trois courants accessibles \u00e0 tous:  l\u2019impressionnisme, le cubisme et le pop art, avec tuto explicatif pour guider l\u2019enfant pas \u00e0 pas et lui donner confiance. <\/p>\n<p>Ce coffret comprend: 5 tubes de gouache 20ml, 3 tubes de gouache 10ml, 3 pinceaux ronds ergonomiques (n\u00b02\/8\/12), 3 pinceaux plats (n\u00b08\/10\/12), 15 feuilles pr\u00e9-imprim\u00e9es en noir et blanc pour le guidage, 1 d\u00e9pliant avec des conseils et des faits culturels, 1 sac fourre-tout en coton, id\u00e9al pour ranger et transporter les objets, 1 QR code redirigeant vers le contenu vid\u00e9o.<\/p>\n","protected":false},"excerpt":{"rendered":"<p>Coffret acad\u00e9mique avec toutes les fournitures (faciles \u00e0 ranger et \u00e0 transporter dans un joli tote bag aux couleurs de la marque iconique) pour r\u00e9aliser 15 \u0153uvres, illustrant trois courants accessibles \u00e0 tous:  l\u2019impressionnisme, le cubisme et le pop art, avec tuto explicatif pour guider l\u2019enfant pas \u00e0 pas et lui donner confiance. <\/p>\n<p>Ce coffret comprend: 5 tubes de gouache 20ml, 3 tubes de gouache 10ml, 3 pinceaux ronds ergonomiques (n\u00b02\/8\/12), 3 pinceaux plats (n\u00b08\/10\/12), 15 feuilles pr\u00e9-imprim\u00e9es en noir et blanc pour le guidage, 1 d\u00e9pliant avec des conseils et des faits culturels, 1 sac fourre-tout en coton, id\u00e9al pour ranger et transporter les objets, 1 QR code redirigeant vers le contenu vid\u00e9o. <span class=\"more_dots\">&#8230;<\/span><\/p>\n<p><a class=\"btn btn-secondary understrap-read-more-link\" href=\"https:\/\/trade.colart.com\/fr\/product\/lefranc-bourgeois-enfants-coffret-cr%c3%a9atif-r%c3%a9alise-tes-propres-toiles-de-ma%c3%aetre\/\">Read More&#8230;<span class=\"screen-reader-text\"> from Lefranc Bourgeois Enfants Coffret Cr\u00e9atif R\u00e9alise tes Propres Toiles de Ma\u00eetre<\/span><\/a><\/p>\n","protected":false},"featured_media":58907,"comment_status":"closed","ping_status":"closed","template":"","meta":{"_acf_changed":false},"product_brand":[],"product_cat":[2777],"product_tag":[],"class_list":{"0":"post-53731","1":"product","2":"type-product","3":"status-publish","4":"has-post-thumbnail","6":"product_cat-lefranc-bourgeois-enfants-6-ans-developpement-artistique","8":"first","9":"instock","10":"shipping-taxable","11":"purchasable","12":"product-type-simple"},"acf":[],"_links":{"self":[{"href":"https:\/\/trade.colart.com\/fr\/wp-json\/wp\/v2\/product\/53731","targetHints":{"allow":["GET"]}}],"collection":[{"href":"https:\/\/trade.colart.com\/fr\/wp-json\/wp\/v2\/product"}],"about":[{"href":"https:\/\/trade.colart.com\/fr\/wp-json\/wp\/v2\/types\/product"}],"replies":[{"embeddable":true,"href":"https:\/\/trade.colart.com\/fr\/wp-json\/wp\/v2\/comments?post=53731"}],"wp:featuredmedia":[{"embeddable":true,"href":"https:\/\/trade.colart.com\/fr\/wp-json\/wp\/v2\/media\/58907"}],"wp:attachment":[{"href":"https:\/\/trade.colart.com\/fr\/wp-json\/wp\/v2\/media?parent=53731"}],"wp:term":[{"taxonomy":"product_brand","embeddable":true,"href":"https:\/\/trade.colart.com\/fr\/wp-json\/wp\/v2\/product_brand?post=53731"},{"taxonomy":"product_cat","embeddable":true,"href":"https:\/\/trade.colart.com\/fr\/wp-json\/wp\/v2\/product_cat?post=53731"},{"taxonomy":"product_tag","embeddable":true,"href":"https:\/\/trade.colart.com\/fr\/wp-json\/wp\/v2\/product_tag?post=53731"}],"curies":[{"name":"wp","href":"https:\/\/api.w.org\/{rel}","templated":true}]}}