{"id":56100,"date":"2026-03-13T01:10:24","date_gmt":"2026-03-13T01:10:24","guid":{"rendered":"https:\/\/trade.colart.com\/fr\/product\/liquitex-additif-set-dessai-mediums-de-lissage-pouring-3x118-ml-2\/"},"modified":"2026-04-08T08:23:00","modified_gmt":"2026-04-08T08:23:00","slug":"liquitex-additif-set-dessai-mediums-de-lissage-pouring-3x118-ml-2","status":"publish","type":"product","link":"https:\/\/trade.colart.com\/fr\/product\/liquitex-additif-set-dessai-mediums-de-lissage-pouring-3x118-ml-2\/","title":{"rendered":"Liquitex Additif Set D&#8217;Essai Mediums De Lissage (Pouring) 3X118 ml"},"content":{"rendered":"<p>Le meilleur de la fluidit\u00e9. Une finition lisse, stable et qui ne craque pas. Le m\u00e9dium de lissage transforme votre couleur en quelque chose d&#8217;extraordinaire. Essayez les trois finitions propos\u00e9es dans ce set : Brillant, Mat et Iridescent.<\/p>\n","protected":false},"excerpt":{"rendered":"<p>Le meilleur de la fluidit\u00e9. Une finition lisse, stable et qui ne craque pas. Le m\u00e9dium de lissage transforme votre couleur en quelque chose d&#8217;extraordinaire. Essayez les trois finitions propos\u00e9es dans ce set : Brillant, Mat et Iridescent. <span class=\"more_dots\">&#8230;<\/span><\/p>\n<p><a class=\"btn btn-secondary understrap-read-more-link\" href=\"https:\/\/trade.colart.com\/fr\/product\/liquitex-additif-set-dessai-mediums-de-lissage-pouring-3x118-ml-2\/\">Read More&#8230;<span class=\"screen-reader-text\"> from Liquitex Additif Set D&#8217;Essai Mediums De Lissage (Pouring) 3X118 ml<\/span><\/a><\/p>\n","protected":false},"featured_media":25320,"comment_status":"closed","ping_status":"closed","template":"","meta":{"_acf_changed":false},"product_brand":[],"product_cat":[1100,1101],"product_tag":[],"class_list":{"0":"post-56100","1":"product","2":"type-product","3":"status-publish","4":"has-post-thumbnail","6":"product_cat-liquitex-produit-gamme-acrylique-professionnelle-sets-voir-tout","7":"product_cat-liquitex-produit-gamme-acrylique-professionnelle-sets-sets-additifs","9":"first","10":"instock","11":"shipping-taxable","12":"purchasable","13":"product-type-simple"},"acf":[],"_links":{"self":[{"href":"https:\/\/trade.colart.com\/fr\/wp-json\/wp\/v2\/product\/56100","targetHints":{"allow":["GET"]}}],"collection":[{"href":"https:\/\/trade.colart.com\/fr\/wp-json\/wp\/v2\/product"}],"about":[{"href":"https:\/\/trade.colart.com\/fr\/wp-json\/wp\/v2\/types\/product"}],"replies":[{"embeddable":true,"href":"https:\/\/trade.colart.com\/fr\/wp-json\/wp\/v2\/comments?post=56100"}],"wp:featuredmedia":[{"embeddable":true,"href":"https:\/\/trade.colart.com\/fr\/wp-json\/wp\/v2\/media\/25320"}],"wp:attachment":[{"href":"https:\/\/trade.colart.com\/fr\/wp-json\/wp\/v2\/media?parent=56100"}],"wp:term":[{"taxonomy":"product_brand","embeddable":true,"href":"https:\/\/trade.colart.com\/fr\/wp-json\/wp\/v2\/product_brand?post=56100"},{"taxonomy":"product_cat","embeddable":true,"href":"https:\/\/trade.colart.com\/fr\/wp-json\/wp\/v2\/product_cat?post=56100"},{"taxonomy":"product_tag","embeddable":true,"href":"https:\/\/trade.colart.com\/fr\/wp-json\/wp\/v2\/product_tag?post=56100"}],"curies":[{"name":"wp","href":"https:\/\/api.w.org\/{rel}","templated":true}]}}