{"id":56104,"date":"2026-03-13T01:10:28","date_gmt":"2026-03-13T01:10:28","guid":{"rendered":"https:\/\/trade.colart.com\/fr\/product\/liquitex-additif-set-medium-de-lissage-pouring-iridescent-237-mm-soft-body-3x59-ml-2\/"},"modified":"2026-04-02T09:17:19","modified_gmt":"2026-04-02T09:17:19","slug":"liquitex-additif-set-medium-de-lissage-pouring-iridescent-237-mm-soft-body-3x59-ml-2","status":"publish","type":"product","link":"https:\/\/trade.colart.com\/fr\/product\/liquitex-additif-set-medium-de-lissage-pouring-iridescent-237-mm-soft-body-3x59-ml-2\/","title":{"rendered":"Liquitex Additif Set Medium De Lissage (Pouring) Iridescent 237 mm + Soft Body 3X59 ml"},"content":{"rendered":"<p>M\u00e9langez les peintures acryliques Soft Body avec le m\u00e9dium de lissage iridescent et regardez-les se r\u00e9pandre. Bougez, manipulez, puis laissez reposer. S\u00e8che en un fini lisse avec un \u00e9clat iridescent.<\/p>\n","protected":false},"excerpt":{"rendered":"<p>M\u00e9langez les peintures acryliques Soft Body avec le m\u00e9dium de lissage iridescent et regardez-les se r\u00e9pandre. Bougez, manipulez, puis laissez reposer. S\u00e8che en un fini lisse avec un \u00e9clat iridescent. <span class=\"more_dots\">&#8230;<\/span><\/p>\n<p><a class=\"btn btn-secondary understrap-read-more-link\" href=\"https:\/\/trade.colart.com\/fr\/product\/liquitex-additif-set-medium-de-lissage-pouring-iridescent-237-mm-soft-body-3x59-ml-2\/\">Read More&#8230;<span class=\"screen-reader-text\"> from Liquitex Additif Set Medium De Lissage (Pouring) Iridescent 237 mm + Soft Body 3X59 ml<\/span><\/a><\/p>\n","protected":false},"featured_media":25328,"comment_status":"closed","ping_status":"closed","template":"","meta":{"_acf_changed":false},"product_brand":[],"product_cat":[1100,1101],"product_tag":[],"class_list":{"0":"post-56104","1":"product","2":"type-product","3":"status-publish","4":"has-post-thumbnail","6":"product_cat-liquitex-produit-gamme-acrylique-professionnelle-sets-voir-tout","7":"product_cat-liquitex-produit-gamme-acrylique-professionnelle-sets-sets-additifs","9":"first","10":"instock","11":"shipping-taxable","12":"purchasable","13":"product-type-simple"},"acf":[],"_links":{"self":[{"href":"https:\/\/trade.colart.com\/fr\/wp-json\/wp\/v2\/product\/56104","targetHints":{"allow":["GET"]}}],"collection":[{"href":"https:\/\/trade.colart.com\/fr\/wp-json\/wp\/v2\/product"}],"about":[{"href":"https:\/\/trade.colart.com\/fr\/wp-json\/wp\/v2\/types\/product"}],"replies":[{"embeddable":true,"href":"https:\/\/trade.colart.com\/fr\/wp-json\/wp\/v2\/comments?post=56104"}],"wp:featuredmedia":[{"embeddable":true,"href":"https:\/\/trade.colart.com\/fr\/wp-json\/wp\/v2\/media\/25328"}],"wp:attachment":[{"href":"https:\/\/trade.colart.com\/fr\/wp-json\/wp\/v2\/media?parent=56104"}],"wp:term":[{"taxonomy":"product_brand","embeddable":true,"href":"https:\/\/trade.colart.com\/fr\/wp-json\/wp\/v2\/product_brand?post=56104"},{"taxonomy":"product_cat","embeddable":true,"href":"https:\/\/trade.colart.com\/fr\/wp-json\/wp\/v2\/product_cat?post=56104"},{"taxonomy":"product_tag","embeddable":true,"href":"https:\/\/trade.colart.com\/fr\/wp-json\/wp\/v2\/product_tag?post=56104"}],"curies":[{"name":"wp","href":"https:\/\/api.w.org\/{rel}","templated":true}]}}