{"id":56105,"date":"2026-03-13T01:10:31","date_gmt":"2026-03-13T01:10:31","guid":{"rendered":"https:\/\/trade.colart.com\/fr\/product\/liquitex-encre-acrylique-ink-technique-pouring-couleurs-primaires-2\/"},"modified":"2026-04-13T14:06:46","modified_gmt":"2026-04-13T14:06:46","slug":"liquitex-encre-acrylique-ink-technique-pouring-couleurs-primaires","status":"publish","type":"product","link":"https:\/\/trade.colart.com\/fr\/product\/liquitex-encre-acrylique-ink-technique-pouring-couleurs-primaires\/","title":{"rendered":"Liquitex Encre Acrylique Ink Technique Pouring Couleurs Primaires"},"content":{"rendered":"<p>D\u00e9couvrez l&#8217;encre Acrylic Ink, notre acrylique professionnelle ultra-fluide. D\u00e9velopp\u00e9 exclusivement pour les effets de lissage (pouring) et de peinture fluide, ce set contient un m\u00e9dium de lissage et trois couleurs primaires pour cr\u00e9er une infinit\u00e9 de m\u00e9langes.<\/p>\n","protected":false},"excerpt":{"rendered":"<p>D\u00e9couvrez l&#8217;encre Acrylic Ink, notre acrylique professionnelle ultra-fluide. D\u00e9velopp\u00e9 exclusivement pour les effets de lissage (pouring) et de peinture fluide, ce set contient un m\u00e9dium de lissage et trois couleurs primaires pour cr\u00e9er une infinit\u00e9 de m\u00e9langes. <span class=\"more_dots\">&#8230;<\/span><\/p>\n<p><a class=\"btn btn-secondary understrap-read-more-link\" href=\"https:\/\/trade.colart.com\/fr\/product\/liquitex-encre-acrylique-ink-technique-pouring-couleurs-primaires\/\">Read More&#8230;<span class=\"screen-reader-text\"> from Liquitex Encre Acrylique Ink Technique Pouring Couleurs Primaires<\/span><\/a><\/p>\n","protected":false},"featured_media":12169,"comment_status":"closed","ping_status":"closed","template":"","meta":{"_acf_changed":false},"product_brand":[],"product_cat":[1105,1099,1100,1101],"product_tag":[],"class_list":{"0":"post-56105","1":"product","2":"type-product","3":"status-publish","4":"has-post-thumbnail","6":"product_cat-liquitex-produit-gamme-acrylique-professionnelle-couleurs-encres-acryliques-extra-fines-ink-sets-encres-acryliques-extra-fines-ink","7":"product_cat-liquitex-produit-gamme-acrylique-professionnelle-sets-sets-couleurs","8":"product_cat-liquitex-produit-gamme-acrylique-professionnelle-sets-voir-tout","9":"product_cat-liquitex-produit-gamme-acrylique-professionnelle-sets-sets-additifs","11":"first","12":"instock","13":"shipping-taxable","14":"purchasable","15":"product-type-simple"},"acf":[],"_links":{"self":[{"href":"https:\/\/trade.colart.com\/fr\/wp-json\/wp\/v2\/product\/56105","targetHints":{"allow":["GET"]}}],"collection":[{"href":"https:\/\/trade.colart.com\/fr\/wp-json\/wp\/v2\/product"}],"about":[{"href":"https:\/\/trade.colart.com\/fr\/wp-json\/wp\/v2\/types\/product"}],"replies":[{"embeddable":true,"href":"https:\/\/trade.colart.com\/fr\/wp-json\/wp\/v2\/comments?post=56105"}],"wp:featuredmedia":[{"embeddable":true,"href":"https:\/\/trade.colart.com\/fr\/wp-json\/wp\/v2\/media\/12169"}],"wp:attachment":[{"href":"https:\/\/trade.colart.com\/fr\/wp-json\/wp\/v2\/media?parent=56105"}],"wp:term":[{"taxonomy":"product_brand","embeddable":true,"href":"https:\/\/trade.colart.com\/fr\/wp-json\/wp\/v2\/product_brand?post=56105"},{"taxonomy":"product_cat","embeddable":true,"href":"https:\/\/trade.colart.com\/fr\/wp-json\/wp\/v2\/product_cat?post=56105"},{"taxonomy":"product_tag","embeddable":true,"href":"https:\/\/trade.colart.com\/fr\/wp-json\/wp\/v2\/product_tag?post=56105"}],"curies":[{"name":"wp","href":"https:\/\/api.w.org\/{rel}","templated":true}]}}