{"id":56961,"date":"2026-03-12T09:23:49","date_gmt":"2026-03-12T09:23:49","guid":{"rendered":"https:\/\/trade.colart.com\/fr\/product\/lefranc-bourgeois-vernis-a-leau-enfants-1-litre\/"},"modified":"2026-04-13T09:37:45","modified_gmt":"2026-04-13T09:37:45","slug":"lefranc-bourgeois-vernis-a-leau-enfants-1-litre","status":"publish","type":"product","link":"https:\/\/trade.colart.com\/fr\/product\/lefranc-bourgeois-vernis-a-leau-enfants-1-litre\/","title":{"rendered":"Lefranc Bourgeois Vernis A L&#8217;Eau Enfants 1 Litre"},"content":{"rendered":"<p>Prot\u00e9gez leurs chefs-d&#8217;\u0153uvre avec notre vernis \u00e0 l&#8217;eau pour gouache, pour enfants. Sans solvant et ind\u00e9l\u00e9bile, ce vernis pour peinture est id\u00e9al pour la gouache. Il convient \u00e0 tous les m\u00e9diums \u00e0 base d&#8217;eau, y compris la d\u00e9trempe et l&#8217;encre.<\/p>\n<p>Facile \u00e0 appliquer au pinceau, il s\u00e8che en 48 heures, en formant une couche brillante et protectrice sur votre travail. Con\u00e7u pour \u00eatre utilis\u00e9 \u00e0 la maison et \u00e0 l&#8217;\u00e9cole, il suffit de nettoyer les outils \u00e0 l&#8217;eau savonneuse.<\/p>\n","protected":false},"excerpt":{"rendered":"<p>Prot\u00e9gez leurs chefs-d&#8217;\u0153uvre avec notre vernis \u00e0 l&#8217;eau pour gouache, pour enfants. Sans solvant et ind\u00e9l\u00e9bile, ce vernis pour peinture est id\u00e9al pour la gouache. Il convient \u00e0 tous les m\u00e9diums \u00e0 base d&#8217;eau, y compris la d\u00e9trempe et l&#8217;encre.<\/p>\n<p>Facile \u00e0 appliquer au pinceau, il s\u00e8che en 48 heures, en formant une couche brillante et protectrice sur votre travail. Con\u00e7u pour \u00eatre utilis\u00e9 \u00e0 la maison et \u00e0 l&#8217;\u00e9cole, il suffit de nettoyer les outils \u00e0 l&#8217;eau savonneuse. <span class=\"more_dots\">&#8230;<\/span><\/p>\n<p><a class=\"btn btn-secondary understrap-read-more-link\" href=\"https:\/\/trade.colart.com\/fr\/product\/lefranc-bourgeois-vernis-a-leau-enfants-1-litre\/\">Read More&#8230;<span class=\"screen-reader-text\"> from Lefranc Bourgeois Vernis A L&#8217;Eau Enfants 1 Litre<\/span><\/a><\/p>\n","protected":false},"featured_media":12986,"comment_status":"closed","ping_status":"closed","template":"","meta":{"_acf_changed":false},"product_brand":[],"product_cat":[2784],"product_tag":[],"class_list":{"0":"post-56961","1":"product","2":"type-product","3":"status-publish","4":"has-post-thumbnail","6":"product_cat-lefranc-bourgeois-enfants-10-ans-education-artistique-gouache-liquide","8":"first","9":"instock","10":"shipping-taxable","11":"purchasable","12":"product-type-simple"},"acf":[],"_links":{"self":[{"href":"https:\/\/trade.colart.com\/fr\/wp-json\/wp\/v2\/product\/56961","targetHints":{"allow":["GET"]}}],"collection":[{"href":"https:\/\/trade.colart.com\/fr\/wp-json\/wp\/v2\/product"}],"about":[{"href":"https:\/\/trade.colart.com\/fr\/wp-json\/wp\/v2\/types\/product"}],"replies":[{"embeddable":true,"href":"https:\/\/trade.colart.com\/fr\/wp-json\/wp\/v2\/comments?post=56961"}],"wp:featuredmedia":[{"embeddable":true,"href":"https:\/\/trade.colart.com\/fr\/wp-json\/wp\/v2\/media\/12986"}],"wp:attachment":[{"href":"https:\/\/trade.colart.com\/fr\/wp-json\/wp\/v2\/media?parent=56961"}],"wp:term":[{"taxonomy":"product_brand","embeddable":true,"href":"https:\/\/trade.colart.com\/fr\/wp-json\/wp\/v2\/product_brand?post=56961"},{"taxonomy":"product_cat","embeddable":true,"href":"https:\/\/trade.colart.com\/fr\/wp-json\/wp\/v2\/product_cat?post=56961"},{"taxonomy":"product_tag","embeddable":true,"href":"https:\/\/trade.colart.com\/fr\/wp-json\/wp\/v2\/product_tag?post=56961"}],"curies":[{"name":"wp","href":"https:\/\/api.w.org\/{rel}","templated":true}]}}