{"id":57013,"date":"2026-03-12T23:14:22","date_gmt":"2026-03-12T23:14:22","guid":{"rendered":"https:\/\/trade.colart.com\/fr\/product\/winsor-newton-fineliner-noir-x3-assortment-petit\/"},"modified":"2026-04-17T13:19:50","modified_gmt":"2026-04-17T13:19:50","slug":"winsor-newton-fineliner-noir-x3-assortis-petit","status":"publish","type":"product","link":"https:\/\/trade.colart.com\/fr\/product\/winsor-newton-fineliner-noir-x3-assortis-petit\/","title":{"rendered":"Winsor &amp; Newton Fineliner Noir x3 Assortis Petit"},"content":{"rendered":"<p>Le feutre fineliner noir Winsor &amp; Newton s&#8217;adapte \u00e0 tous les styles de croquis, avec une pointe effil\u00e9e calibr\u00e9e lisse et un corps plus long qui s&#8217;adapte confortablement \u00e0 la main, permettant des ajustements flexibles de la prise. Un finelineer qui vous aide \u00e0 capturer vos id\u00e9es de mani\u00e8re plus fluide.<\/p>\n<p>Optimis\u00e9 pour le croquis et le dessin : encre pigment\u00e9e r\u00e9sistante \u00e0 l&#8217;eau et \u00e0 la d\u00e9coloration, avec un flux d&#8217;encre constant et fiable.<\/p>\n","protected":false},"excerpt":{"rendered":"<p>Le feutre fineliner noir Winsor &amp; Newton s&#8217;adapte \u00e0 tous les styles de croquis, avec une pointe effil\u00e9e calibr\u00e9e lisse et un corps plus long qui s&#8217;adapte confortablement \u00e0 la main, permettant des ajustements flexibles de la prise. Un finelineer qui vous aide \u00e0 capturer vos id\u00e9es de mani\u00e8re plus fluide.<\/p>\n<p>Optimis\u00e9 pour le croquis et le dessin : encre pigment\u00e9e r\u00e9sistante \u00e0 l&#8217;eau et \u00e0 la d\u00e9coloration, avec un flux d&#8217;encre constant et fiable. <span class=\"more_dots\">&#8230;<\/span><\/p>\n<p><a class=\"btn btn-secondary understrap-read-more-link\" href=\"https:\/\/trade.colart.com\/fr\/product\/winsor-newton-fineliner-noir-x3-assortis-petit\/\">Read More&#8230;<span class=\"screen-reader-text\"> from Winsor &amp; Newton Fineliner Noir x3 Assortis Petit<\/span><\/a><\/p>\n","protected":false},"featured_media":57058,"comment_status":"closed","ping_status":"closed","template":"","meta":{"_acf_changed":false},"product_brand":[],"product_cat":[358,357],"product_tag":[],"class_list":{"0":"post-57013","1":"product","2":"type-product","3":"status-publish","4":"has-post-thumbnail","6":"product_cat-winsor-newton-arts-graphiques-fineliners-sets-fineliners","7":"product_cat-winsor-newton-coffrets-sets-fineliners","9":"first","10":"instock","11":"shipping-taxable","12":"purchasable","13":"product-type-simple"},"acf":[],"_links":{"self":[{"href":"https:\/\/trade.colart.com\/fr\/wp-json\/wp\/v2\/product\/57013","targetHints":{"allow":["GET"]}}],"collection":[{"href":"https:\/\/trade.colart.com\/fr\/wp-json\/wp\/v2\/product"}],"about":[{"href":"https:\/\/trade.colart.com\/fr\/wp-json\/wp\/v2\/types\/product"}],"replies":[{"embeddable":true,"href":"https:\/\/trade.colart.com\/fr\/wp-json\/wp\/v2\/comments?post=57013"}],"wp:featuredmedia":[{"embeddable":true,"href":"https:\/\/trade.colart.com\/fr\/wp-json\/wp\/v2\/media\/57058"}],"wp:attachment":[{"href":"https:\/\/trade.colart.com\/fr\/wp-json\/wp\/v2\/media?parent=57013"}],"wp:term":[{"taxonomy":"product_brand","embeddable":true,"href":"https:\/\/trade.colart.com\/fr\/wp-json\/wp\/v2\/product_brand?post=57013"},{"taxonomy":"product_cat","embeddable":true,"href":"https:\/\/trade.colart.com\/fr\/wp-json\/wp\/v2\/product_cat?post=57013"},{"taxonomy":"product_tag","embeddable":true,"href":"https:\/\/trade.colart.com\/fr\/wp-json\/wp\/v2\/product_tag?post=57013"}],"curies":[{"name":"wp","href":"https:\/\/api.w.org\/{rel}","templated":true}]}}