{"id":57169,"date":"2025-03-19T04:52:04","date_gmt":"2025-03-19T04:52:04","guid":{"rendered":"https:\/\/trade.colart.com\/fr\/product\/winsor-newton-papier-aquarelle-professionnelle\/"},"modified":"2026-04-17T13:03:42","modified_gmt":"2026-04-17T13:03:42","slug":"winsor-newton-papier-aquarelle-professionnelle","status":"publish","type":"product","link":"https:\/\/trade.colart.com\/fr\/product\/winsor-newton-papier-aquarelle-professionnelle\/","title":{"rendered":"Papier Aquarelle Professionnelle"},"content":{"rendered":"","protected":false},"excerpt":{"rendered":"<p>Le papier grain torchon pr\u00e9sente un grain prononc\u00e9 pour r\u00e9aliser des peintures aquarelle avec le plus de texture et d&#8217;effets de granulation. Form\u00e9 sur un moule cylindrique traditionnel, notre papier pour aquarelle donne l&#8217;apparence d&#8217;\u00eatre fait \u00e0 la main. Tous nos papiers pour aquarelle sont con\u00e7us pour r\u00e9sister \u00e0 la saturation, et ce bloc encoll\u00e9 maintient le papier tendu pendant qu&#8217;il s\u00e8che. L&#8217;oeuvre achev\u00e9e est ensuite retir\u00e9e sans aucune d\u00e9formation. Chaque bloc contient 20 feuilles de papier de 300 g\/m\u00b2. <span class=\"more_dots\">&#8230;<\/span><\/p>\n<p><a class=\"btn btn-secondary understrap-read-more-link\" href=\"https:\/\/trade.colart.com\/fr\/product\/winsor-newton-papier-aquarelle-professionnelle\/\">Read More&#8230;<span class=\"screen-reader-text\"> from Papier Aquarelle Professionnelle<\/span><\/a><\/p>\n","protected":false},"featured_media":18139,"comment_status":"closed","ping_status":"closed","template":"","meta":{"_acf_changed":false},"product_brand":[],"product_cat":[302],"product_tag":[],"class_list":{"0":"post-57169","1":"product","2":"type-product","3":"status-publish","4":"has-post-thumbnail","6":"product_cat-winsor-newton-papier-papier-pour-aquarelle","8":"first","9":"instock","10":"shipping-taxable","11":"purchasable","12":"product-type-variable"},"acf":[],"_links":{"self":[{"href":"https:\/\/trade.colart.com\/fr\/wp-json\/wp\/v2\/product\/57169","targetHints":{"allow":["GET"]}}],"collection":[{"href":"https:\/\/trade.colart.com\/fr\/wp-json\/wp\/v2\/product"}],"about":[{"href":"https:\/\/trade.colart.com\/fr\/wp-json\/wp\/v2\/types\/product"}],"replies":[{"embeddable":true,"href":"https:\/\/trade.colart.com\/fr\/wp-json\/wp\/v2\/comments?post=57169"}],"wp:featuredmedia":[{"embeddable":true,"href":"https:\/\/trade.colart.com\/fr\/wp-json\/wp\/v2\/media\/18139"}],"wp:attachment":[{"href":"https:\/\/trade.colart.com\/fr\/wp-json\/wp\/v2\/media?parent=57169"}],"wp:term":[{"taxonomy":"product_brand","embeddable":true,"href":"https:\/\/trade.colart.com\/fr\/wp-json\/wp\/v2\/product_brand?post=57169"},{"taxonomy":"product_cat","embeddable":true,"href":"https:\/\/trade.colart.com\/fr\/wp-json\/wp\/v2\/product_cat?post=57169"},{"taxonomy":"product_tag","embeddable":true,"href":"https:\/\/trade.colart.com\/fr\/wp-json\/wp\/v2\/product_tag?post=57169"}],"curies":[{"name":"wp","href":"https:\/\/api.w.org\/{rel}","templated":true}]}}