{"id":57179,"date":"2026-03-12T22:18:39","date_gmt":"2026-03-12T22:18:39","guid":{"rendered":"https:\/\/trade.colart.com\/fr\/product\/winsor-newton-papier-aquarelle-professionnelle\/"},"modified":"2026-04-15T13:14:59","modified_gmt":"2026-04-15T13:14:59","slug":"winsor-newton-papier-aquarelle-professionnelle-rouleau-grain-fin-300g-140x1000cm","status":"publish","type":"product","link":"https:\/\/trade.colart.com\/fr\/product\/winsor-newton-papier-aquarelle-professionnelle-rouleau-grain-fin-300g-140x1000cm\/","title":{"rendered":"Winsor &amp; Newton Papier Aquarelle Professionnelle Rouleau Grain Fin 300g 140x1000cm"},"content":{"rendered":"<p>Le papier grain fin a un grain moyen avec une accroche moins prononc\u00e9e que le papier grain torchon. C&#8217;est un papier polyvalent pour les d\u00e9tails et les effets de texture. Form\u00e9 sur un moule cylindrique traditionnel, notre papier pour aquarelle donne l&#8217;impression d&#8217;avoir \u00e9t\u00e9 fabriqu\u00e9 \u00e0 la main. Tous nos papiers pour aquarelle sont con\u00e7us pour r\u00e9sister \u00e0 la saturation, et ce rouleau de papier a deux c\u00f4t\u00e9s avec des bords \u00e9barb\u00e9s et un filigrane comme symbole d&#8217;authenticit\u00e9 et de distinction. Chaque rouleau contient 140x1000cm de papier 300 g\/m\u00b2 et repr\u00e9sente un excellent rapport qualit\u00e9-prix.<\/p>\n","protected":false},"excerpt":{"rendered":"<p>Le papier grain fin a un grain moyen avec une accroche moins prononc\u00e9e que le papier grain torchon. C&#8217;est un papier polyvalent pour les d\u00e9tails et les effets de texture. Form\u00e9 sur un moule cylindrique traditionnel, notre papier pour aquarelle donne l&#8217;impression d&#8217;avoir \u00e9t\u00e9 fabriqu\u00e9 \u00e0 la main. Tous nos papiers pour aquarelle sont con\u00e7us pour r\u00e9sister \u00e0 la saturation, et ce rouleau de papier a deux c\u00f4t\u00e9s avec des bords \u00e9barb\u00e9s et un filigrane comme symbole d&#8217;authenticit\u00e9 et de distinction. Chaque rouleau contient 140x1000cm de papier 300 g\/m\u00b2 et repr\u00e9sente un excellent rapport qualit\u00e9-prix. <span class=\"more_dots\">&#8230;<\/span><\/p>\n<p><a class=\"btn btn-secondary understrap-read-more-link\" href=\"https:\/\/trade.colart.com\/fr\/product\/winsor-newton-papier-aquarelle-professionnelle-rouleau-grain-fin-300g-140x1000cm\/\">Read More&#8230;<span class=\"screen-reader-text\"> from Winsor &amp; Newton Papier Aquarelle Professionnelle Rouleau Grain Fin 300g 140x1000cm<\/span><\/a><\/p>\n","protected":false},"featured_media":18152,"comment_status":"closed","ping_status":"closed","template":"","meta":{"_acf_changed":false},"product_brand":[],"product_cat":[302],"product_tag":[],"class_list":{"0":"post-57179","1":"product","2":"type-product","3":"status-publish","4":"has-post-thumbnail","6":"product_cat-winsor-newton-papier-papier-pour-aquarelle","8":"first","9":"instock","10":"shipping-taxable","11":"purchasable","12":"product-type-simple"},"acf":[],"_links":{"self":[{"href":"https:\/\/trade.colart.com\/fr\/wp-json\/wp\/v2\/product\/57179","targetHints":{"allow":["GET"]}}],"collection":[{"href":"https:\/\/trade.colart.com\/fr\/wp-json\/wp\/v2\/product"}],"about":[{"href":"https:\/\/trade.colart.com\/fr\/wp-json\/wp\/v2\/types\/product"}],"replies":[{"embeddable":true,"href":"https:\/\/trade.colart.com\/fr\/wp-json\/wp\/v2\/comments?post=57179"}],"wp:featuredmedia":[{"embeddable":true,"href":"https:\/\/trade.colart.com\/fr\/wp-json\/wp\/v2\/media\/18152"}],"wp:attachment":[{"href":"https:\/\/trade.colart.com\/fr\/wp-json\/wp\/v2\/media?parent=57179"}],"wp:term":[{"taxonomy":"product_brand","embeddable":true,"href":"https:\/\/trade.colart.com\/fr\/wp-json\/wp\/v2\/product_brand?post=57179"},{"taxonomy":"product_cat","embeddable":true,"href":"https:\/\/trade.colart.com\/fr\/wp-json\/wp\/v2\/product_cat?post=57179"},{"taxonomy":"product_tag","embeddable":true,"href":"https:\/\/trade.colart.com\/fr\/wp-json\/wp\/v2\/product_tag?post=57179"}],"curies":[{"name":"wp","href":"https:\/\/api.w.org\/{rel}","templated":true}]}}