{"id":57309,"date":"2025-02-13T13:12:15","date_gmt":"2025-02-13T13:12:15","guid":{"rendered":"https:\/\/trade.colart.com\/fr\/product\/lefranc-bourgeois-enfants-brosse-en-soie-de-porc-plate\/"},"modified":"2025-02-13T15:31:20","modified_gmt":"2025-02-13T15:31:20","slug":"lefranc-bourgeois-enfants-brosse-en-soie-de-porc-plate","status":"publish","type":"product","link":"https:\/\/trade.colart.com\/fr\/product\/lefranc-bourgeois-enfants-brosse-en-soie-de-porc-plate\/","title":{"rendered":"Brosse en Soie de Porc Plate"},"content":{"rendered":"<p>A range of essential tools for artistic discovery. Trusted by schools, our art accessories include aprons, palettes and pots made for kids.<\/p>\n","protected":false},"excerpt":{"rendered":"<p>Notre gamme d&#8217;outils essentiels \u00e0 la d\u00e9couverte artistique et reconnue par les \u00e9coles. Nos accessoires artistiques comprennent des tabliers, des palettes et des pots con\u00e7us pour les enfants. <span class=\"more_dots\">&#8230;<\/span><\/p>\n<p><a class=\"btn btn-secondary understrap-read-more-link\" href=\"https:\/\/trade.colart.com\/fr\/product\/lefranc-bourgeois-enfants-brosse-en-soie-de-porc-plate\/\">Read More&#8230;<span class=\"screen-reader-text\"> from Brosse en Soie de Porc Plate<\/span><\/a><\/p>\n","protected":false},"featured_media":13334,"comment_status":"closed","ping_status":"closed","template":"","meta":{"_acf_changed":false},"product_brand":[],"product_cat":[2799],"product_tag":[],"class_list":{"0":"post-57309","1":"product","2":"type-product","3":"status-publish","4":"has-post-thumbnail","6":"product_cat-lefranc-bourgeois-enfants-10-ans-education-artistique-brosses-pinceaux-soie-de-porc-a-lunite","7":"no-variations-price","8":"d-none","10":"first","11":"instock","12":"shipping-taxable","13":"purchasable","14":"product-type-variable"},"acf":[],"_links":{"self":[{"href":"https:\/\/trade.colart.com\/fr\/wp-json\/wp\/v2\/product\/57309","targetHints":{"allow":["GET"]}}],"collection":[{"href":"https:\/\/trade.colart.com\/fr\/wp-json\/wp\/v2\/product"}],"about":[{"href":"https:\/\/trade.colart.com\/fr\/wp-json\/wp\/v2\/types\/product"}],"replies":[{"embeddable":true,"href":"https:\/\/trade.colart.com\/fr\/wp-json\/wp\/v2\/comments?post=57309"}],"wp:featuredmedia":[{"embeddable":true,"href":"https:\/\/trade.colart.com\/fr\/wp-json\/wp\/v2\/media\/13334"}],"wp:attachment":[{"href":"https:\/\/trade.colart.com\/fr\/wp-json\/wp\/v2\/media?parent=57309"}],"wp:term":[{"taxonomy":"product_brand","embeddable":true,"href":"https:\/\/trade.colart.com\/fr\/wp-json\/wp\/v2\/product_brand?post=57309"},{"taxonomy":"product_cat","embeddable":true,"href":"https:\/\/trade.colart.com\/fr\/wp-json\/wp\/v2\/product_cat?post=57309"},{"taxonomy":"product_tag","embeddable":true,"href":"https:\/\/trade.colart.com\/fr\/wp-json\/wp\/v2\/product_tag?post=57309"}],"curies":[{"name":"wp","href":"https:\/\/api.w.org\/{rel}","templated":true}]}}