{"id":575,"date":"2026-03-12T21:51:15","date_gmt":"2026-03-12T21:51:15","guid":{"rendered":"https:\/\/trade.colart.com\/fr\/product\/winsor-newton-fineliner-gris-set-x3-assortis\/"},"modified":"2026-04-17T14:25:17","modified_gmt":"2026-04-17T14:25:17","slug":"winsor-newton-fineliner-gris-set-x3-assortis","status":"publish","type":"product","link":"https:\/\/trade.colart.com\/fr\/product\/winsor-newton-fineliner-gris-set-x3-assortis\/","title":{"rendered":"Winsor &amp; Newton Fineliner Gris Set x3 Assortis"},"content":{"rendered":"<p>Le feutre fineliner gris froid Winsor &amp; Newton est parfait pour le croquis traditionnel et pour ajouter des effets d&#8217;ombrage \u00e0 votre prochain projet. Il offre une pointe calibr\u00e9e et un corps plus long qui s&#8217;ajuste confortablement \u00e0 la main, permettant des ajustements flexibles de la prise en main. L&#8217;encre pigment\u00e9e est r\u00e9sistante \u00e0 l&#8217;eau et \u00e0 la d\u00e9coloration, offrant un flux d&#8217;encre constant et fiable.<\/p>\n<p>Ce set contient 3 fineliners gris froid : tailles des pointes : 0.1, 0.3, 0.5 mm.<\/p>\n","protected":false},"excerpt":{"rendered":"<p>Le feutre fineliner gris froid Winsor &amp; Newton est parfait pour le croquis traditionnel et pour ajouter des effets d&#8217;ombrage \u00e0 votre prochain projet. Il offre une pointe calibr\u00e9e et un corps plus long qui s&#8217;ajuste confortablement \u00e0 la main, permettant des ajustements flexibles de la prise en main. L&#8217;encre pigment\u00e9e est r\u00e9sistante \u00e0 l&#8217;eau et \u00e0 la d\u00e9coloration, offrant un flux d&#8217;encre constant et fiable.<\/p>\n<p>Ce set contient 3 fineliners gris froid : tailles des pointes : 0.1, 0.3, 0.5 mm. <span class=\"more_dots\">&#8230;<\/span><\/p>\n<p><a class=\"btn btn-secondary understrap-read-more-link\" href=\"https:\/\/trade.colart.com\/fr\/product\/winsor-newton-fineliner-gris-set-x3-assortis\/\">Read More&#8230;<span class=\"screen-reader-text\"> from Winsor &amp; Newton Fineliner Gris Set x3 Assortis<\/span><\/a><\/p>\n","protected":false},"featured_media":57561,"comment_status":"closed","ping_status":"closed","template":"","meta":{"_acf_changed":false},"product_brand":[],"product_cat":[358,357],"product_tag":[],"class_list":{"0":"post-575","1":"product","2":"type-product","3":"status-publish","4":"has-post-thumbnail","6":"product_cat-winsor-newton-arts-graphiques-fineliners-sets-fineliners","7":"product_cat-winsor-newton-coffrets-sets-fineliners","9":"first","10":"instock","11":"shipping-taxable","12":"purchasable","13":"product-type-simple"},"acf":[],"_links":{"self":[{"href":"https:\/\/trade.colart.com\/fr\/wp-json\/wp\/v2\/product\/575","targetHints":{"allow":["GET"]}}],"collection":[{"href":"https:\/\/trade.colart.com\/fr\/wp-json\/wp\/v2\/product"}],"about":[{"href":"https:\/\/trade.colart.com\/fr\/wp-json\/wp\/v2\/types\/product"}],"replies":[{"embeddable":true,"href":"https:\/\/trade.colart.com\/fr\/wp-json\/wp\/v2\/comments?post=575"}],"wp:featuredmedia":[{"embeddable":true,"href":"https:\/\/trade.colart.com\/fr\/wp-json\/wp\/v2\/media\/57561"}],"wp:attachment":[{"href":"https:\/\/trade.colart.com\/fr\/wp-json\/wp\/v2\/media?parent=575"}],"wp:term":[{"taxonomy":"product_brand","embeddable":true,"href":"https:\/\/trade.colart.com\/fr\/wp-json\/wp\/v2\/product_brand?post=575"},{"taxonomy":"product_cat","embeddable":true,"href":"https:\/\/trade.colart.com\/fr\/wp-json\/wp\/v2\/product_cat?post=575"},{"taxonomy":"product_tag","embeddable":true,"href":"https:\/\/trade.colart.com\/fr\/wp-json\/wp\/v2\/product_tag?post=575"}],"curies":[{"name":"wp","href":"https:\/\/api.w.org\/{rel}","templated":true}]}}