{"id":577,"date":"2026-03-12T05:40:31","date_gmt":"2026-03-12T05:40:31","guid":{"rendered":"https:\/\/trade.colart.com\/fr\/product\/winsor-newton-encre-de-calligraphie-assortiment-6x30ml\/"},"modified":"2026-04-14T08:57:04","modified_gmt":"2026-04-14T08:57:04","slug":"winsor-newton-encre-de-calligraphie-assortiment-6x30ml","status":"publish","type":"product","link":"https:\/\/trade.colart.com\/fr\/product\/winsor-newton-encre-de-calligraphie-assortiment-6x30ml\/","title":{"rendered":"Winsor &amp; Newton Encre De Calligraphie Assortiment 6x30ml"},"content":{"rendered":"<p>Une s\u00e9lection de 6 encres pour calligraphie de 30 ml. contient : Cramoisie, Bleu Fonc\u00e9, Vert Clair, S\u00e9pia, Noir, Or. Le contenu peut varier.<\/p>\n","protected":false},"excerpt":{"rendered":"<p>Une s\u00e9lection de 6 encres pour calligraphie de 30 ml. contient : Cramoisie, Bleu Fonc\u00e9, Vert Clair, S\u00e9pia, Noir, Or. Le contenu peut varier. <span class=\"more_dots\">&#8230;<\/span><\/p>\n<p><a class=\"btn btn-secondary understrap-read-more-link\" href=\"https:\/\/trade.colart.com\/fr\/product\/winsor-newton-encre-de-calligraphie-assortiment-6x30ml\/\">Read More&#8230;<span class=\"screen-reader-text\"> from Winsor &amp; Newton Encre De Calligraphie Assortiment 6x30ml<\/span><\/a><\/p>\n","protected":false},"featured_media":3877,"comment_status":"closed","ping_status":"closed","template":"","meta":{"_acf_changed":false},"product_brand":[],"product_cat":[273,272],"product_tag":[],"class_list":{"0":"post-577","1":"product","2":"type-product","3":"status-publish","4":"has-post-thumbnail","6":"product_cat-winsor-newton-arts-graphiques-encres-sets-dencres","7":"product_cat-winsor-newton-coffrets-sets-encres","9":"first","10":"instock","11":"shipping-taxable","12":"purchasable","13":"product-type-simple"},"acf":[],"_links":{"self":[{"href":"https:\/\/trade.colart.com\/fr\/wp-json\/wp\/v2\/product\/577","targetHints":{"allow":["GET"]}}],"collection":[{"href":"https:\/\/trade.colart.com\/fr\/wp-json\/wp\/v2\/product"}],"about":[{"href":"https:\/\/trade.colart.com\/fr\/wp-json\/wp\/v2\/types\/product"}],"replies":[{"embeddable":true,"href":"https:\/\/trade.colart.com\/fr\/wp-json\/wp\/v2\/comments?post=577"}],"wp:featuredmedia":[{"embeddable":true,"href":"https:\/\/trade.colart.com\/fr\/wp-json\/wp\/v2\/media\/3877"}],"wp:attachment":[{"href":"https:\/\/trade.colart.com\/fr\/wp-json\/wp\/v2\/media?parent=577"}],"wp:term":[{"taxonomy":"product_brand","embeddable":true,"href":"https:\/\/trade.colart.com\/fr\/wp-json\/wp\/v2\/product_brand?post=577"},{"taxonomy":"product_cat","embeddable":true,"href":"https:\/\/trade.colart.com\/fr\/wp-json\/wp\/v2\/product_cat?post=577"},{"taxonomy":"product_tag","embeddable":true,"href":"https:\/\/trade.colart.com\/fr\/wp-json\/wp\/v2\/product_tag?post=577"}],"curies":[{"name":"wp","href":"https:\/\/api.w.org\/{rel}","templated":true}]}}