{"id":579,"date":"2026-03-12T17:56:44","date_gmt":"2026-03-12T17:56:44","guid":{"rendered":"https:\/\/trade.colart.com\/fr\/product\/winsor-newton-encre-a-dessiner-collection-henry\/"},"modified":"2026-04-15T10:58:32","modified_gmt":"2026-04-15T10:58:32","slug":"winsor-newton-encre-a-dessiner-collection-henry","status":"publish","type":"product","link":"https:\/\/trade.colart.com\/fr\/product\/winsor-newton-encre-a-dessiner-collection-henry\/","title":{"rendered":"Winsor &amp; Newton Encre A Dessiner Collection Henry"},"content":{"rendered":"<p>Une s\u00e9lection de 8 couleurs en flacon de 14 ml. Contient : Jaune canari, Orange, Carmin, Violet, Bleu, Vert V\u00e9ron\u00e8se, Brun noisette, Noir. Le contenu peut varier.<\/p>\n","protected":false},"excerpt":{"rendered":"<p>Une s\u00e9lection de 8 couleurs en flacon de 14 ml. Contient : Jaune canari, Orange, Carmin, Violet, Bleu, Vert V\u00e9ron\u00e8se, Brun noisette, Noir. Le contenu peut varier. <span class=\"more_dots\">&#8230;<\/span><\/p>\n<p><a class=\"btn btn-secondary understrap-read-more-link\" href=\"https:\/\/trade.colart.com\/fr\/product\/winsor-newton-encre-a-dessiner-collection-henry\/\">Read More&#8230;<span class=\"screen-reader-text\"> from Winsor &amp; Newton Encre A Dessiner Collection Henry<\/span><\/a><\/p>\n","protected":false},"featured_media":3881,"comment_status":"closed","ping_status":"closed","template":"","meta":{"_acf_changed":false},"product_brand":[],"product_cat":[273,272],"product_tag":[],"class_list":{"0":"post-579","1":"product","2":"type-product","3":"status-publish","4":"has-post-thumbnail","6":"product_cat-winsor-newton-arts-graphiques-encres-sets-dencres","7":"product_cat-winsor-newton-coffrets-sets-encres","9":"first","10":"instock","11":"shipping-taxable","12":"purchasable","13":"product-type-simple"},"acf":[],"_links":{"self":[{"href":"https:\/\/trade.colart.com\/fr\/wp-json\/wp\/v2\/product\/579","targetHints":{"allow":["GET"]}}],"collection":[{"href":"https:\/\/trade.colart.com\/fr\/wp-json\/wp\/v2\/product"}],"about":[{"href":"https:\/\/trade.colart.com\/fr\/wp-json\/wp\/v2\/types\/product"}],"replies":[{"embeddable":true,"href":"https:\/\/trade.colart.com\/fr\/wp-json\/wp\/v2\/comments?post=579"}],"wp:featuredmedia":[{"embeddable":true,"href":"https:\/\/trade.colart.com\/fr\/wp-json\/wp\/v2\/media\/3881"}],"wp:attachment":[{"href":"https:\/\/trade.colart.com\/fr\/wp-json\/wp\/v2\/media?parent=579"}],"wp:term":[{"taxonomy":"product_brand","embeddable":true,"href":"https:\/\/trade.colart.com\/fr\/wp-json\/wp\/v2\/product_brand?post=579"},{"taxonomy":"product_cat","embeddable":true,"href":"https:\/\/trade.colart.com\/fr\/wp-json\/wp\/v2\/product_cat?post=579"},{"taxonomy":"product_tag","embeddable":true,"href":"https:\/\/trade.colart.com\/fr\/wp-json\/wp\/v2\/product_tag?post=579"}],"curies":[{"name":"wp","href":"https:\/\/api.w.org\/{rel}","templated":true}]}}