{"id":581,"date":"2026-03-12T05:18:55","date_gmt":"2026-03-12T05:18:55","guid":{"rendered":"https:\/\/trade.colart.com\/fr\/product\/winsor-newton-fusains-12-batons-epais\/"},"modified":"2026-04-13T09:25:29","modified_gmt":"2026-04-13T09:25:29","slug":"winsor-newton-fusains-12-batons-epais","status":"publish","type":"product","link":"https:\/\/trade.colart.com\/fr\/product\/winsor-newton-fusains-12-batons-epais\/","title":{"rendered":"Winsor &amp; Newton Fusains 12 Batons Epais"},"content":{"rendered":"<p>Sp\u00e9cialement pr\u00e9par\u00e9 pour l&#8217;usage des artistes, le bois utilis\u00e9 pour notre fusain de saule est correctement cuit pour produire un trait uniforme d&#8217;intensit\u00e9 constante. Notre fusain est disponible en plusieurs tailles et conditionnements.<\/p>\n","protected":false},"excerpt":{"rendered":"<p>Sp\u00e9cialement pr\u00e9par\u00e9 pour l&#8217;usage des artistes, le bois utilis\u00e9 pour notre fusain de saule est correctement cuit pour produire un trait uniforme d&#8217;intensit\u00e9 constante. Notre fusain est disponible en plusieurs tailles et conditionnements. <span class=\"more_dots\">&#8230;<\/span><\/p>\n<p><a class=\"btn btn-secondary understrap-read-more-link\" href=\"https:\/\/trade.colart.com\/fr\/product\/winsor-newton-fusains-12-batons-epais\/\">Read More&#8230;<span class=\"screen-reader-text\"> from Winsor &amp; Newton Fusains 12 Batons Epais<\/span><\/a><\/p>\n","protected":false},"featured_media":0,"comment_status":"closed","ping_status":"closed","template":"","meta":{"_acf_changed":false},"product_brand":[],"product_cat":[362,361],"product_tag":[],"class_list":{"0":"post-581","1":"product","2":"type-product","3":"status-publish","5":"product_cat-winsor-newton-arts-graphiques-fusains","6":"product_cat-winsor-newton-coffrets-sets-fusains","8":"first","9":"instock","10":"shipping-taxable","11":"purchasable","12":"product-type-simple"},"acf":[],"_links":{"self":[{"href":"https:\/\/trade.colart.com\/fr\/wp-json\/wp\/v2\/product\/581","targetHints":{"allow":["GET"]}}],"collection":[{"href":"https:\/\/trade.colart.com\/fr\/wp-json\/wp\/v2\/product"}],"about":[{"href":"https:\/\/trade.colart.com\/fr\/wp-json\/wp\/v2\/types\/product"}],"replies":[{"embeddable":true,"href":"https:\/\/trade.colart.com\/fr\/wp-json\/wp\/v2\/comments?post=581"}],"wp:attachment":[{"href":"https:\/\/trade.colart.com\/fr\/wp-json\/wp\/v2\/media?parent=581"}],"wp:term":[{"taxonomy":"product_brand","embeddable":true,"href":"https:\/\/trade.colart.com\/fr\/wp-json\/wp\/v2\/product_brand?post=581"},{"taxonomy":"product_cat","embeddable":true,"href":"https:\/\/trade.colart.com\/fr\/wp-json\/wp\/v2\/product_cat?post=581"},{"taxonomy":"product_tag","embeddable":true,"href":"https:\/\/trade.colart.com\/fr\/wp-json\/wp\/v2\/product_tag?post=581"}],"curies":[{"name":"wp","href":"https:\/\/api.w.org\/{rel}","templated":true}]}}