{"id":588,"date":"2026-03-12T05:19:43","date_gmt":"2026-03-12T05:19:43","guid":{"rendered":"https:\/\/trade.colart.com\/fr\/product\/winsor-newton-fusains-assortiment-de-batons-fins-mediums-epais\/"},"modified":"2026-04-13T09:30:17","modified_gmt":"2026-04-13T09:30:17","slug":"winsor-newton-fusains-assortiment-de-batons-fins-mediums-epais","status":"publish","type":"product","link":"https:\/\/trade.colart.com\/fr\/product\/winsor-newton-fusains-assortiment-de-batons-fins-mediums-epais\/","title":{"rendered":"Winsor &amp; Newton Fusains Assortiment De Batons Fins Mediums Epais"},"content":{"rendered":"<p>Sp\u00e9cialement pr\u00e9par\u00e9 pour l&#8217;usage des artistes, le bois utilis\u00e9 pour notre fusain de saule est correctement cuit pour produire un trait uniforme d&#8217;intensit\u00e9 constante. Notre fusain est disponible en plusieurs tailles et conditionnements.<br \/>\n&#8220;J&#8217;ai eu l&#8217;impression d&#8217;avoir plus de contr\u00f4le en dessinant avec ces b\u00e2tons en raison de leur longueur. Les b\u00e2tons glissent facilement sur le papier. Le fusain est plus facile \u00e0 estomper que le crayon et \u00e9voque une richesse avec ses lignes noires robustes.&#8221;<\/p>\n","protected":false},"excerpt":{"rendered":"<p>Sp\u00e9cialement pr\u00e9par\u00e9 pour l&#8217;usage des artistes, le bois utilis\u00e9 pour notre fusain de saule est correctement cuit pour produire un trait uniforme d&#8217;intensit\u00e9 constante. Notre fusain est disponible en plusieurs tailles et conditionnements.<br \/>\n&#8220;J&#8217;ai eu l&#8217;impression d&#8217;avoir plus de contr\u00f4le en dessinant avec ces b\u00e2tons en raison de leur longueur. Les b\u00e2tons glissent facilement sur le papier. Le fusain est plus facile \u00e0 estomper que le crayon et \u00e9voque une richesse avec ses lignes noires robustes.&#8221; <span class=\"more_dots\">&#8230;<\/span><\/p>\n<p><a class=\"btn btn-secondary understrap-read-more-link\" href=\"https:\/\/trade.colart.com\/fr\/product\/winsor-newton-fusains-assortiment-de-batons-fins-mediums-epais\/\">Read More&#8230;<span class=\"screen-reader-text\"> from Winsor &amp; Newton Fusains Assortiment De Batons Fins Mediums Epais<\/span><\/a><\/p>\n","protected":false},"featured_media":3889,"comment_status":"closed","ping_status":"closed","template":"","meta":{"_acf_changed":false},"product_brand":[],"product_cat":[362,361],"product_tag":[],"class_list":{"0":"post-588","1":"product","2":"type-product","3":"status-publish","4":"has-post-thumbnail","6":"product_cat-winsor-newton-arts-graphiques-fusains","7":"product_cat-winsor-newton-coffrets-sets-fusains","9":"first","10":"instock","11":"shipping-taxable","12":"purchasable","13":"product-type-simple"},"acf":[],"_links":{"self":[{"href":"https:\/\/trade.colart.com\/fr\/wp-json\/wp\/v2\/product\/588","targetHints":{"allow":["GET"]}}],"collection":[{"href":"https:\/\/trade.colart.com\/fr\/wp-json\/wp\/v2\/product"}],"about":[{"href":"https:\/\/trade.colart.com\/fr\/wp-json\/wp\/v2\/types\/product"}],"replies":[{"embeddable":true,"href":"https:\/\/trade.colart.com\/fr\/wp-json\/wp\/v2\/comments?post=588"}],"wp:featuredmedia":[{"embeddable":true,"href":"https:\/\/trade.colart.com\/fr\/wp-json\/wp\/v2\/media\/3889"}],"wp:attachment":[{"href":"https:\/\/trade.colart.com\/fr\/wp-json\/wp\/v2\/media?parent=588"}],"wp:term":[{"taxonomy":"product_brand","embeddable":true,"href":"https:\/\/trade.colart.com\/fr\/wp-json\/wp\/v2\/product_brand?post=588"},{"taxonomy":"product_cat","embeddable":true,"href":"https:\/\/trade.colart.com\/fr\/wp-json\/wp\/v2\/product_cat?post=588"},{"taxonomy":"product_tag","embeddable":true,"href":"https:\/\/trade.colart.com\/fr\/wp-json\/wp\/v2\/product_tag?post=588"}],"curies":[{"name":"wp","href":"https:\/\/api.w.org\/{rel}","templated":true}]}}