{"id":590,"date":"2026-03-12T20:20:29","date_gmt":"2026-03-12T20:20:29","guid":{"rendered":"https:\/\/trade.colart.com\/fr\/product\/winsor-newton-foundation-pinceaux-acrylique-x3-manche-court-rond-135\/"},"modified":"2026-04-17T09:23:15","modified_gmt":"2026-04-17T09:23:15","slug":"winsor-newton-foundation-pinceaux-acrylique-x3-manche-court-rond-135","status":"publish","type":"product","link":"https:\/\/trade.colart.com\/fr\/product\/winsor-newton-foundation-pinceaux-acrylique-x3-manche-court-rond-135\/","title":{"rendered":"Winsor &amp; Newton Foundation Pinceaux Acrylique x3 Manche Court Rond 1\/3\/5"},"content":{"rendered":"<p>Pinceaux synth\u00e9tiques blancs principalement con\u00e7us pour une utilisation avec des couleurs acryliques ; \u00e9galement adapt\u00e9s pour la peinture \u00e0 l&#8217;huile. Disponibles en sets de manche court et long. Contient des pinceaux ronds n\u00b01, 3 et 5.<\/p>\n","protected":false},"excerpt":{"rendered":"<p>Pinceaux synth\u00e9tiques blancs principalement con\u00e7us pour une utilisation avec des couleurs acryliques ; \u00e9galement adapt\u00e9s pour la peinture \u00e0 l&#8217;huile. Disponibles en sets de manche court et long. Contient des pinceaux ronds n\u00b01, 3 et 5. <span class=\"more_dots\">&#8230;<\/span><\/p>\n<p><a class=\"btn btn-secondary understrap-read-more-link\" href=\"https:\/\/trade.colart.com\/fr\/product\/winsor-newton-foundation-pinceaux-acrylique-x3-manche-court-rond-135\/\">Read More&#8230;<span class=\"screen-reader-text\"> from Winsor &amp; Newton Foundation Pinceaux Acrylique x3 Manche Court Rond 1\/3\/5<\/span><\/a><\/p>\n","protected":false},"featured_media":3892,"comment_status":"closed","ping_status":"closed","template":"","meta":{"_acf_changed":false},"product_brand":[],"product_cat":[307,308,364],"product_tag":[],"class_list":{"0":"post-590","1":"product","2":"type-product","3":"status-publish","4":"has-post-thumbnail","6":"product_cat-winsor-newton-pinceaux-set-pinceaux","7":"product_cat-winsor-newton-coffrets-sets-pinceaux","8":"product_cat-winsor-newton-coffrets-sets-pinceaux-foundation","10":"first","11":"instock","12":"shipping-taxable","13":"purchasable","14":"product-type-simple"},"acf":[],"_links":{"self":[{"href":"https:\/\/trade.colart.com\/fr\/wp-json\/wp\/v2\/product\/590","targetHints":{"allow":["GET"]}}],"collection":[{"href":"https:\/\/trade.colart.com\/fr\/wp-json\/wp\/v2\/product"}],"about":[{"href":"https:\/\/trade.colart.com\/fr\/wp-json\/wp\/v2\/types\/product"}],"replies":[{"embeddable":true,"href":"https:\/\/trade.colart.com\/fr\/wp-json\/wp\/v2\/comments?post=590"}],"wp:featuredmedia":[{"embeddable":true,"href":"https:\/\/trade.colart.com\/fr\/wp-json\/wp\/v2\/media\/3892"}],"wp:attachment":[{"href":"https:\/\/trade.colart.com\/fr\/wp-json\/wp\/v2\/media?parent=590"}],"wp:term":[{"taxonomy":"product_brand","embeddable":true,"href":"https:\/\/trade.colart.com\/fr\/wp-json\/wp\/v2\/product_brand?post=590"},{"taxonomy":"product_cat","embeddable":true,"href":"https:\/\/trade.colart.com\/fr\/wp-json\/wp\/v2\/product_cat?post=590"},{"taxonomy":"product_tag","embeddable":true,"href":"https:\/\/trade.colart.com\/fr\/wp-json\/wp\/v2\/product_tag?post=590"}],"curies":[{"name":"wp","href":"https:\/\/api.w.org\/{rel}","templated":true}]}}