{"id":59343,"date":"2026-04-02T06:19:15","date_gmt":"2026-04-02T06:19:15","guid":{"rendered":"https:\/\/trade.colart.com\/fr\/product\/edding-1200-feutre-de-coloriage-m%c3%a9tallique-bo%c3%aete-m%c3%a9tallique-de-6-assorti\/"},"modified":"2026-04-02T08:03:27","modified_gmt":"2026-04-02T08:03:27","slug":"edding-1200-feutre-de-coloriage-m%c3%a9tallique-bo%c3%aete-m%c3%a9tallique-de-6-assorti","status":"publish","type":"product","link":"https:\/\/trade.colart.com\/fr\/product\/edding-1200-feutre-de-coloriage-m%c3%a9tallique-bo%c3%aete-m%c3%a9tallique-de-6-assorti\/","title":{"rendered":"edding 1200 Feutre de coloriage m\u00e9tallique bo\u00eete m\u00e9tallique de 6 assorti"},"content":{"rendered":"<p>Great for adding shiny touches to black or dark-coloured paper; also shows up beautifully on light surfaces. Once applied, the colours show up vibrantly and offer opaque coverage. The ink dries quickly and doesn&#8217;t fade in sunlight. The colour pen features a rounded tip 1-3 mm wide and comes in different shades. The dyes are dissolved in water-based ink, which passes through the pen&#8217;s filter system into the nib where it is then applied to the surface. The perfect tool for creating easy-to-read name badges, stylish lettering, guest books, photo books, greetings cards and gift tags. High-quality brand product, Made in Germany. Store in a horizontal position.<\/p>\n","protected":false},"excerpt":{"rendered":"<p>Great for adding shiny touches to black or dark-coloured paper; also shows up beautifully on light surfaces. Once applied, the colours show up vibrantly and offer opaque coverage. The ink dries quickly and doesn&#8217;t fade in sunlight. The colour pen features a rounded tip 1-3 mm wide and comes in different shades. The dyes are dissolved in water-based ink, which passes through the pen&#8217;s filter system into the nib where it is then applied to the surface. The perfect tool for creating easy-to-read name badges, stylish lettering, guest books, photo books, greetings cards and gift tags. High-quality brand product, Made in Germany. Store in a horizontal position. <span class=\"more_dots\">&#8230;<\/span><\/p>\n<p><a class=\"btn btn-secondary understrap-read-more-link\" href=\"https:\/\/trade.colart.com\/fr\/product\/edding-1200-feutre-de-coloriage-m%c3%a9tallique-bo%c3%aete-m%c3%a9tallique-de-6-assorti\/\">Read More&#8230;<span class=\"screen-reader-text\"> from edding 1200 Feutre de coloriage m\u00e9tallique bo\u00eete m\u00e9tallique de 6 assorti<\/span><\/a><\/p>\n","protected":false},"featured_media":59612,"comment_status":"closed","ping_status":"closed","template":"","meta":{"_acf_changed":false},"product_brand":[],"product_cat":[4691,4869],"product_tag":[],"class_list":{"0":"post-59343","1":"product","2":"type-product","3":"status-publish","4":"has-post-thumbnail","6":"product_cat-edding-feutres-de-coloriage-feutre-de-coloriage-metallique-1200","7":"product_cat-edding-mixed-displays-and-sets","9":"first","10":"instock","11":"shipping-taxable","12":"purchasable","13":"product-type-simple"},"acf":[],"_links":{"self":[{"href":"https:\/\/trade.colart.com\/fr\/wp-json\/wp\/v2\/product\/59343","targetHints":{"allow":["GET"]}}],"collection":[{"href":"https:\/\/trade.colart.com\/fr\/wp-json\/wp\/v2\/product"}],"about":[{"href":"https:\/\/trade.colart.com\/fr\/wp-json\/wp\/v2\/types\/product"}],"replies":[{"embeddable":true,"href":"https:\/\/trade.colart.com\/fr\/wp-json\/wp\/v2\/comments?post=59343"}],"wp:featuredmedia":[{"embeddable":true,"href":"https:\/\/trade.colart.com\/fr\/wp-json\/wp\/v2\/media\/59612"}],"wp:attachment":[{"href":"https:\/\/trade.colart.com\/fr\/wp-json\/wp\/v2\/media?parent=59343"}],"wp:term":[{"taxonomy":"product_brand","embeddable":true,"href":"https:\/\/trade.colart.com\/fr\/wp-json\/wp\/v2\/product_brand?post=59343"},{"taxonomy":"product_cat","embeddable":true,"href":"https:\/\/trade.colart.com\/fr\/wp-json\/wp\/v2\/product_cat?post=59343"},{"taxonomy":"product_tag","embeddable":true,"href":"https:\/\/trade.colart.com\/fr\/wp-json\/wp\/v2\/product_tag?post=59343"}],"curies":[{"name":"wp","href":"https:\/\/api.w.org\/{rel}","templated":true}]}}