{"id":594,"date":"2026-03-12T20:22:13","date_gmt":"2026-03-12T20:22:13","guid":{"rendered":"https:\/\/trade.colart.com\/fr\/product\/winsor-newton-foundation-brosses-huile-soie-manche-long-x6\/"},"modified":"2026-04-17T09:23:12","modified_gmt":"2026-04-17T09:23:12","slug":"winsor-newton-foundation-brosses-huile-soie-manche-long-x6","status":"publish","type":"product","link":"https:\/\/trade.colart.com\/fr\/product\/winsor-newton-foundation-brosses-huile-soie-manche-long-x6\/","title":{"rendered":"Winsor &amp; Newton Foundation Brosses Huile Soie Manche Long x6"},"content":{"rendered":"<p>Pinceaux en soie de porc naturelle id\u00e9aux pour une utilisation avec les huiles ; peuvent \u00e9galement \u00eatre utilis\u00e9s avec des acryliques. Disponibles en sets de pinceaux \u00e0 manche court et long. Contiennent des pinceaux ronds n\u00b0 3 et 6, un langue de chat n\u00b03 et 6, un plat n\u00b010 et 14.<\/p>\n","protected":false},"excerpt":{"rendered":"<p>Pinceaux en soie de porc naturelle id\u00e9aux pour une utilisation avec les huiles ; peuvent \u00e9galement \u00eatre utilis\u00e9s avec des acryliques. Disponibles en sets de pinceaux \u00e0 manche court et long. Contiennent des pinceaux ronds n\u00b0 3 et 6, un langue de chat n\u00b03 et 6, un plat n\u00b010 et 14. <span class=\"more_dots\">&#8230;<\/span><\/p>\n<p><a class=\"btn btn-secondary understrap-read-more-link\" href=\"https:\/\/trade.colart.com\/fr\/product\/winsor-newton-foundation-brosses-huile-soie-manche-long-x6\/\">Read More&#8230;<span class=\"screen-reader-text\"> from Winsor &amp; Newton Foundation Brosses Huile Soie Manche Long x6<\/span><\/a><\/p>\n","protected":false},"featured_media":3896,"comment_status":"closed","ping_status":"closed","template":"","meta":{"_acf_changed":false},"product_brand":[],"product_cat":[307,308,364],"product_tag":[],"class_list":{"0":"post-594","1":"product","2":"type-product","3":"status-publish","4":"has-post-thumbnail","6":"product_cat-winsor-newton-pinceaux-set-pinceaux","7":"product_cat-winsor-newton-coffrets-sets-pinceaux","8":"product_cat-winsor-newton-coffrets-sets-pinceaux-foundation","10":"first","11":"instock","12":"shipping-taxable","13":"purchasable","14":"product-type-simple"},"acf":[],"_links":{"self":[{"href":"https:\/\/trade.colart.com\/fr\/wp-json\/wp\/v2\/product\/594","targetHints":{"allow":["GET"]}}],"collection":[{"href":"https:\/\/trade.colart.com\/fr\/wp-json\/wp\/v2\/product"}],"about":[{"href":"https:\/\/trade.colart.com\/fr\/wp-json\/wp\/v2\/types\/product"}],"replies":[{"embeddable":true,"href":"https:\/\/trade.colart.com\/fr\/wp-json\/wp\/v2\/comments?post=594"}],"wp:featuredmedia":[{"embeddable":true,"href":"https:\/\/trade.colart.com\/fr\/wp-json\/wp\/v2\/media\/3896"}],"wp:attachment":[{"href":"https:\/\/trade.colart.com\/fr\/wp-json\/wp\/v2\/media?parent=594"}],"wp:term":[{"taxonomy":"product_brand","embeddable":true,"href":"https:\/\/trade.colart.com\/fr\/wp-json\/wp\/v2\/product_brand?post=594"},{"taxonomy":"product_cat","embeddable":true,"href":"https:\/\/trade.colart.com\/fr\/wp-json\/wp\/v2\/product_cat?post=594"},{"taxonomy":"product_tag","embeddable":true,"href":"https:\/\/trade.colart.com\/fr\/wp-json\/wp\/v2\/product_tag?post=594"}],"curies":[{"name":"wp","href":"https:\/\/api.w.org\/{rel}","templated":true}]}}