{"id":61676,"date":"2026-04-03T16:22:18","date_gmt":"2026-04-03T16:22:18","guid":{"rendered":"https:\/\/trade.colart.com\/fr\/product\/edding-pr%c3%a9sentoir-e-4090-e-4095-44-pi%c3%a8cese-4090-20-pi%c3%a8cese-4095-24-pi%c3%a8ces\/"},"modified":"2026-04-03T16:22:18","modified_gmt":"2026-04-03T16:22:18","slug":"edding-pr%c3%a9sentoir-e-4090-e-4095-44-pi%c3%a8cese-4090-20-pi%c3%a8cese-4095-24-pi%c3%a8ces","status":"publish","type":"product","link":"https:\/\/trade.colart.com\/fr\/product\/edding-pr%c3%a9sentoir-e-4090-e-4095-44-pi%c3%a8cese-4090-20-pi%c3%a8cese-4095-24-pi%c3%a8ces\/","title":{"rendered":"edding Pr\u00e9sentoir e-4090 \/ e-4095 &#8211; 44 pi\u00e8ces,e-4090 &#8211; 20 pi\u00e8ces,e-4095-24 pi\u00e8ces"},"content":{"rendered":"<p>Chalk marker for designing, decorating and writing on, for example, windows, dark boards, glass and mirrors. The opaque, water-based liquid chalk with a neutral smell can be wiped off virtually all non-porous surfaces with a damp cloth. The display contains 20 edding 4090 chalk markers and 24 edding 4095 chalk markers in the colours black, red, blue, green, light green, white, neon yellow, neon orange, neon pink and 30 inspiration brochures. edding 4090: 5x white, 3x red and neon yellow, 2x black, neon orange and neon pink and 1x blue, green and light green. edding 4095: 8x white, 3x red and neon yellow, 2x black, blue, neon orange and neon pink and 1x green and light green.<\/p>\n","protected":false},"excerpt":{"rendered":"<p>Chalk marker for designing, decorating and writing on, for example, windows, dark boards, glass and mirrors. The opaque, water-based liquid chalk with a neutral smell can be wiped off virtually all non-porous surfaces with a damp cloth. The display contains 20 edding 4090 chalk markers and 24 edding 4095 chalk markers in the colours black, red, blue, green, light green, white, neon yellow, neon orange, neon pink and 30 inspiration brochures. edding 4090: 5x white, 3x red and neon yellow, 2x black, neon orange and neon pink and 1x blue, green and light green. edding 4095: 8x white, 3x red and neon yellow, 2x black, blue, neon orange and neon pink and 1x green and light green. <span class=\"more_dots\">&#8230;<\/span><\/p>\n<p><a class=\"btn btn-secondary understrap-read-more-link\" href=\"https:\/\/trade.colart.com\/fr\/product\/edding-pr%c3%a9sentoir-e-4090-e-4095-44-pi%c3%a8cese-4090-20-pi%c3%a8cese-4095-24-pi%c3%a8ces\/\">Read More&#8230;<span class=\"screen-reader-text\"> from edding Pr\u00e9sentoir e-4090 \/ e-4095 &#8211; 44 pi\u00e8ces,e-4090 &#8211; 20 pi\u00e8ces,e-4095-24 pi\u00e8ces<\/span><\/a><\/p>\n","protected":false},"featured_media":61678,"comment_status":"closed","ping_status":"closed","template":"","meta":{"_acf_changed":false},"product_brand":[],"product_cat":[4631,4869],"product_tag":[],"class_list":{"0":"post-61676","1":"product","2":"type-product","3":"status-publish","4":"has-post-thumbnail","6":"product_cat-edding-marqueur-craie-liquide","7":"product_cat-edding-mixed-displays-and-sets","9":"first","10":"instock","11":"shipping-taxable","12":"purchasable","13":"product-type-simple"},"acf":[],"_links":{"self":[{"href":"https:\/\/trade.colart.com\/fr\/wp-json\/wp\/v2\/product\/61676","targetHints":{"allow":["GET"]}}],"collection":[{"href":"https:\/\/trade.colart.com\/fr\/wp-json\/wp\/v2\/product"}],"about":[{"href":"https:\/\/trade.colart.com\/fr\/wp-json\/wp\/v2\/types\/product"}],"replies":[{"embeddable":true,"href":"https:\/\/trade.colart.com\/fr\/wp-json\/wp\/v2\/comments?post=61676"}],"wp:featuredmedia":[{"embeddable":true,"href":"https:\/\/trade.colart.com\/fr\/wp-json\/wp\/v2\/media\/61678"}],"wp:attachment":[{"href":"https:\/\/trade.colart.com\/fr\/wp-json\/wp\/v2\/media?parent=61676"}],"wp:term":[{"taxonomy":"product_brand","embeddable":true,"href":"https:\/\/trade.colart.com\/fr\/wp-json\/wp\/v2\/product_brand?post=61676"},{"taxonomy":"product_cat","embeddable":true,"href":"https:\/\/trade.colart.com\/fr\/wp-json\/wp\/v2\/product_cat?post=61676"},{"taxonomy":"product_tag","embeddable":true,"href":"https:\/\/trade.colart.com\/fr\/wp-json\/wp\/v2\/product_tag?post=61676"}],"curies":[{"name":"wp","href":"https:\/\/api.w.org\/{rel}","templated":true}]}}