{"id":617,"date":"2025-03-18T15:26:29","date_gmt":"2025-03-18T15:26:29","guid":{"rendered":"https:\/\/trade.colart.com\/fr\/product\/winsor-newton-encres-pour-calligraphie\/"},"modified":"2026-04-17T08:57:44","modified_gmt":"2026-04-17T08:57:44","slug":"winsor-newton-encres-pour-calligraphie","status":"publish","type":"product","link":"https:\/\/trade.colart.com\/fr\/product\/winsor-newton-encres-pour-calligraphie\/","title":{"rendered":"Encres pour calligraphie"},"content":{"rendered":"<p>La Calligraphie est un art noble et ancien et nous \u00e9tions d\u00e9termin\u00e9s \u00e0 lui faire honneur &#8211; ces encres sont fabriqu\u00e9es en 18 couleurs r\u00e9sistantes \u00e0 la lumi\u00e8re avec des pigments soigneusement choisis pour garantir la luminosit\u00e9 des couleurs. Les 14 flacons \u00e0 bouchon bleu contiennent des encres plus fines et plus transparentes avec une finition satin\u00e9e. Elles conviennent aux porte-plume, aux stylos-plumes, aux stylos techniques et aux a\u00e9rographes. Nos quatre flacons \u00e0 bouchon rouge contiennent des encres opaques qui doivent \u00eatre utilis\u00e9es avec un porte-plume ou un pinceau. Les encres pour calligraphie Winsor &amp; Newton ont un indice de permanence de AA ou A mais ne sont pas imperm\u00e9ables \/ r\u00e9sistantes \u00e0 l&#8217;eau.<\/p>\n","protected":false},"excerpt":{"rendered":"<p>La Calligraphie est un art noble et ancien et nous \u00e9tions d\u00e9termin\u00e9s \u00e0 lui faire honneur &#8211; ces encres sont fabriqu\u00e9es en 18 couleurs r\u00e9sistantes \u00e0 la lumi\u00e8re avec des pigments soigneusement choisis pour garantir la luminosit\u00e9 des couleurs. Les 14 flacons \u00e0 bouchon bleu contiennent des encres plus fines et plus transparentes avec une <span class=\"more_dots\">&#8230;<\/span><\/p>\n<p><a class=\"btn btn-secondary understrap-read-more-link\" href=\"https:\/\/trade.colart.com\/fr\/product\/winsor-newton-encres-pour-calligraphie\/\">Read More&#8230;<span class=\"screen-reader-text\"> from Encres pour calligraphie<\/span><\/a><\/p>\n","protected":false},"featured_media":3937,"comment_status":"closed","ping_status":"closed","template":"","meta":{"_acf_changed":false},"product_brand":[],"product_cat":[153],"product_tag":[],"class_list":{"0":"post-617","1":"product","2":"type-product","3":"status-publish","4":"has-post-thumbnail","6":"product_cat-winsor-newton-arts-graphiques-encres","8":"first","9":"instock","10":"shipping-taxable","11":"purchasable","12":"product-type-variable"},"acf":[],"_links":{"self":[{"href":"https:\/\/trade.colart.com\/fr\/wp-json\/wp\/v2\/product\/617","targetHints":{"allow":["GET"]}}],"collection":[{"href":"https:\/\/trade.colart.com\/fr\/wp-json\/wp\/v2\/product"}],"about":[{"href":"https:\/\/trade.colart.com\/fr\/wp-json\/wp\/v2\/types\/product"}],"replies":[{"embeddable":true,"href":"https:\/\/trade.colart.com\/fr\/wp-json\/wp\/v2\/comments?post=617"}],"wp:featuredmedia":[{"embeddable":true,"href":"https:\/\/trade.colart.com\/fr\/wp-json\/wp\/v2\/media\/3937"}],"wp:attachment":[{"href":"https:\/\/trade.colart.com\/fr\/wp-json\/wp\/v2\/media?parent=617"}],"wp:term":[{"taxonomy":"product_brand","embeddable":true,"href":"https:\/\/trade.colart.com\/fr\/wp-json\/wp\/v2\/product_brand?post=617"},{"taxonomy":"product_cat","embeddable":true,"href":"https:\/\/trade.colart.com\/fr\/wp-json\/wp\/v2\/product_cat?post=617"},{"taxonomy":"product_tag","embeddable":true,"href":"https:\/\/trade.colart.com\/fr\/wp-json\/wp\/v2\/product_tag?post=617"}],"curies":[{"name":"wp","href":"https:\/\/api.w.org\/{rel}","templated":true}]}}