{"id":62581,"date":"2026-03-12T12:21:02","date_gmt":"2026-03-12T12:21:02","guid":{"rendered":"https:\/\/trade.colart.com\/fr\/product\/lefranc-bourgeois-rouleau-%c3%a0-encrer-pour-linogravure\/"},"modified":"2026-04-13T14:59:49","modified_gmt":"2026-04-13T14:59:49","slug":"lefranc-bourgeois-rouleau-%c3%a0-encrer-pour-linogravure","status":"publish","type":"product","link":"https:\/\/trade.colart.com\/fr\/product\/lefranc-bourgeois-rouleau-%c3%a0-encrer-pour-linogravure\/","title":{"rendered":"Lefranc Bourgeois Rouleau \u00e0 Encrer pour Linogravure"},"content":{"rendered":"<p>Ce rouleau encreur pour linogravure de qualit\u00e9 sup\u00e9rieure est votre alli\u00e9 pour r\u00e9aliser de superbes linogravures. Son rouleau en caoutchouc dur, son support en m\u00e9tal et son manche de plastique en font un accessoire pratique et efficace.<\/p>\n","protected":false},"excerpt":{"rendered":"<p>Ce rouleau encreur pour linogravure de qualit\u00e9 sup\u00e9rieure est votre alli\u00e9 pour r\u00e9aliser de superbes linogravures. Son rouleau en caoutchouc dur, son support en m\u00e9tal et son manche de plastique en font un accessoire pratique et efficace. <span class=\"more_dots\">&#8230;<\/span><\/p>\n<p><a class=\"btn btn-secondary understrap-read-more-link\" href=\"https:\/\/trade.colart.com\/fr\/product\/lefranc-bourgeois-rouleau-%c3%a0-encrer-pour-linogravure\/\">Read More&#8230;<span class=\"screen-reader-text\"> from Lefranc Bourgeois Rouleau \u00e0 Encrer pour Linogravure<\/span><\/a><\/p>\n","protected":false},"featured_media":68087,"comment_status":"closed","ping_status":"closed","template":"","meta":{"_acf_changed":false},"product_brand":[],"product_cat":[2843],"product_tag":[],"class_list":{"0":"post-62581","1":"product","2":"type-product","3":"status-publish","4":"has-post-thumbnail","6":"product_cat-lefranc-bourgeois-beaux-arts-linogravure-accesoires-linogravure","8":"first","9":"instock","10":"shipping-taxable","11":"purchasable","12":"product-type-simple"},"acf":[],"_links":{"self":[{"href":"https:\/\/trade.colart.com\/fr\/wp-json\/wp\/v2\/product\/62581","targetHints":{"allow":["GET"]}}],"collection":[{"href":"https:\/\/trade.colart.com\/fr\/wp-json\/wp\/v2\/product"}],"about":[{"href":"https:\/\/trade.colart.com\/fr\/wp-json\/wp\/v2\/types\/product"}],"replies":[{"embeddable":true,"href":"https:\/\/trade.colart.com\/fr\/wp-json\/wp\/v2\/comments?post=62581"}],"wp:featuredmedia":[{"embeddable":true,"href":"https:\/\/trade.colart.com\/fr\/wp-json\/wp\/v2\/media\/68087"}],"wp:attachment":[{"href":"https:\/\/trade.colart.com\/fr\/wp-json\/wp\/v2\/media?parent=62581"}],"wp:term":[{"taxonomy":"product_brand","embeddable":true,"href":"https:\/\/trade.colart.com\/fr\/wp-json\/wp\/v2\/product_brand?post=62581"},{"taxonomy":"product_cat","embeddable":true,"href":"https:\/\/trade.colart.com\/fr\/wp-json\/wp\/v2\/product_cat?post=62581"},{"taxonomy":"product_tag","embeddable":true,"href":"https:\/\/trade.colart.com\/fr\/wp-json\/wp\/v2\/product_tag?post=62581"}],"curies":[{"name":"wp","href":"https:\/\/api.w.org\/{rel}","templated":true}]}}