{"id":62947,"date":"2025-02-26T01:54:55","date_gmt":"2025-02-26T01:54:55","guid":{"rendered":"https:\/\/trade.colart.com\/fr\/product\/lefranc-bourgeois-additifs-pour-aquarelle-gouache\/"},"modified":"2026-04-17T11:52:36","modified_gmt":"2026-04-17T11:52:36","slug":"lefranc-bourgeois-additifs-pour-aquarelle-gouache","status":"publish","type":"product","link":"https:\/\/trade.colart.com\/fr\/product\/lefranc-bourgeois-additifs-pour-aquarelle-gouache\/","title":{"rendered":"Additifs pour Aquarelle\/Gouache"},"content":{"rendered":"","protected":false},"excerpt":{"rendered":"<p>Prot\u00e9gez vos peintures r\u00e9alis\u00e9es \u00e0 la gouache et \u00e0 l&#8217;aquarelle avec notre vernis permanent Surfin. Ce vernis de qualit\u00e9 extra-fine a une finition uniforme l\u00e9g\u00e8rement satin\u00e9e qui rehausse la brillance de vos couleurs, tout en r\u00e9duisant le mat naturel de la gouache. Facile \u00e0 appliquer au pinceau, c&#8217;est un vernis d\u00e9finitif qui ne s&#8217;enl\u00e8ve pas. Appliquez plusieurs couches pour obtenir une finition brillante. <span class=\"more_dots\">&#8230;<\/span><\/p>\n<p><a class=\"btn btn-secondary understrap-read-more-link\" href=\"https:\/\/trade.colart.com\/fr\/product\/lefranc-bourgeois-additifs-pour-aquarelle-gouache\/\">Read More&#8230;<span class=\"screen-reader-text\"> from Additifs pour Aquarelle\/Gouache<\/span><\/a><\/p>\n","protected":false},"featured_media":13369,"comment_status":"closed","ping_status":"closed","template":"","meta":{"_acf_changed":false},"product_brand":[],"product_cat":[2844],"product_tag":[],"class_list":{"0":"post-62947","1":"product","2":"type-product","3":"status-publish","4":"has-post-thumbnail","6":"product_cat-lefranc-bourgeois-beaux-arts-additifs","8":"first","9":"instock","10":"shipping-taxable","11":"purchasable","12":"product-type-variable"},"acf":[],"_links":{"self":[{"href":"https:\/\/trade.colart.com\/fr\/wp-json\/wp\/v2\/product\/62947","targetHints":{"allow":["GET"]}}],"collection":[{"href":"https:\/\/trade.colart.com\/fr\/wp-json\/wp\/v2\/product"}],"about":[{"href":"https:\/\/trade.colart.com\/fr\/wp-json\/wp\/v2\/types\/product"}],"replies":[{"embeddable":true,"href":"https:\/\/trade.colart.com\/fr\/wp-json\/wp\/v2\/comments?post=62947"}],"wp:featuredmedia":[{"embeddable":true,"href":"https:\/\/trade.colart.com\/fr\/wp-json\/wp\/v2\/media\/13369"}],"wp:attachment":[{"href":"https:\/\/trade.colart.com\/fr\/wp-json\/wp\/v2\/media?parent=62947"}],"wp:term":[{"taxonomy":"product_brand","embeddable":true,"href":"https:\/\/trade.colart.com\/fr\/wp-json\/wp\/v2\/product_brand?post=62947"},{"taxonomy":"product_cat","embeddable":true,"href":"https:\/\/trade.colart.com\/fr\/wp-json\/wp\/v2\/product_cat?post=62947"},{"taxonomy":"product_tag","embeddable":true,"href":"https:\/\/trade.colart.com\/fr\/wp-json\/wp\/v2\/product_tag?post=62947"}],"curies":[{"name":"wp","href":"https:\/\/api.w.org\/{rel}","templated":true}]}}