{"id":62948,"date":"2025-01-30T10:59:43","date_gmt":"2025-01-30T10:59:43","guid":{"rendered":"https:\/\/trade.colart.com\/fr\/product\/lefranc-bourgeois-autre-additifs\/"},"modified":"2025-01-30T10:59:44","modified_gmt":"2025-01-30T10:59:44","slug":"lefranc-bourgeois-autre-additifs","status":"publish","type":"product","link":"https:\/\/trade.colart.com\/fr\/product\/lefranc-bourgeois-autre-additifs\/","title":{"rendered":"Autre Additifs"},"content":{"rendered":"","protected":false},"excerpt":{"rendered":"<p>Faites du collage avec notre vernis colle pour enfants &#8211; 250ml. Ce vernis polyvalent est un excellent adh\u00e9sif et un vernis de protection, id\u00e9al pour le scrapbooking et la r\u00e9alisation de sculptures \u00e0 la maison et \u00e0 l&#8217;\u00e9cole.<\/p>\n<p>Utilisez-le pour coller des \u00e9l\u00e9ments d\u00e9coratifs toutes les surfaces de votre choix, notamment sur du papier, du bois et du m\u00e9tal. Une fois votre \u0153uvre termin\u00e9e, peignez-la avec le vernis pour la prot\u00e9ger. Volume 250ml. Convient aux enfants de 3 ans et plus <span class=\"more_dots\">&#8230;<\/span><\/p>\n<p><a class=\"btn btn-secondary understrap-read-more-link\" href=\"https:\/\/trade.colart.com\/fr\/product\/lefranc-bourgeois-autre-additifs\/\">Read More&#8230;<span class=\"screen-reader-text\"> from Autre Additifs<\/span><\/a><\/p>\n","protected":false},"featured_media":12990,"comment_status":"closed","ping_status":"closed","template":"","meta":{"_acf_changed":false},"product_brand":[],"product_cat":[2844],"product_tag":[],"class_list":{"0":"post-62948","1":"product","2":"type-product","3":"status-publish","4":"has-post-thumbnail","6":"product_cat-lefranc-bourgeois-beaux-arts-additifs","7":"no-variations-price","8":"d-none","10":"first","11":"instock","12":"shipping-taxable","13":"purchasable","14":"product-type-variable"},"acf":[],"_links":{"self":[{"href":"https:\/\/trade.colart.com\/fr\/wp-json\/wp\/v2\/product\/62948","targetHints":{"allow":["GET"]}}],"collection":[{"href":"https:\/\/trade.colart.com\/fr\/wp-json\/wp\/v2\/product"}],"about":[{"href":"https:\/\/trade.colart.com\/fr\/wp-json\/wp\/v2\/types\/product"}],"replies":[{"embeddable":true,"href":"https:\/\/trade.colart.com\/fr\/wp-json\/wp\/v2\/comments?post=62948"}],"wp:featuredmedia":[{"embeddable":true,"href":"https:\/\/trade.colart.com\/fr\/wp-json\/wp\/v2\/media\/12990"}],"wp:attachment":[{"href":"https:\/\/trade.colart.com\/fr\/wp-json\/wp\/v2\/media?parent=62948"}],"wp:term":[{"taxonomy":"product_brand","embeddable":true,"href":"https:\/\/trade.colart.com\/fr\/wp-json\/wp\/v2\/product_brand?post=62948"},{"taxonomy":"product_cat","embeddable":true,"href":"https:\/\/trade.colart.com\/fr\/wp-json\/wp\/v2\/product_cat?post=62948"},{"taxonomy":"product_tag","embeddable":true,"href":"https:\/\/trade.colart.com\/fr\/wp-json\/wp\/v2\/product_tag?post=62948"}],"curies":[{"name":"wp","href":"https:\/\/api.w.org\/{rel}","templated":true}]}}