{"id":632,"date":"2025-03-18T23:11:03","date_gmt":"2025-03-18T23:11:03","guid":{"rendered":"https:\/\/trade.colart.com\/fr\/product\/winsor-newton-additifs-pour-aquarelle\/"},"modified":"2025-05-08T13:46:49","modified_gmt":"2025-05-08T13:46:49","slug":"winsor-newton-additifs-pour-aquarelle","status":"publish","type":"product","link":"https:\/\/trade.colart.com\/fr\/product\/winsor-newton-additifs-pour-aquarelle\/","title":{"rendered":"Additifs pour Aquarelle"},"content":{"rendered":"<p>Les M\u00e9diums pour aquarelle sont utilis\u00e9s pour cr\u00e9er une vari\u00e9t\u00e9 encore plus grande de techniques et d&#8217;effets pour votre travail ; qu&#8217;il s&#8217;agisse d&#8217;augmenter le temps de s\u00e9chage, d&#8217;am\u00e9liorer la fluidit\u00e9 ou de modifier la brillance et la texture, ils offrent des possibilit\u00e9s illimit\u00e9es. La gamme Winsor &amp; Newton comprend \u00e9galement des fluides \u00e0 masquer pour conserver la blancheur de certaines parties du papier.<\/p>\n","protected":false},"excerpt":{"rendered":"<p>An additive that contains particles that add fine texture and can be used to give the impression of depth and structure. Creates a rough-looking surface to watercolour paintings. Apply directly to paper or mix with watercolour, it can be used to apply layers of colour. Shake well before use. <span class=\"more_dots\">&#8230;<\/span><\/p>\n<p><a class=\"btn btn-secondary understrap-read-more-link\" href=\"https:\/\/trade.colart.com\/fr\/product\/winsor-newton-additifs-pour-aquarelle\/\">Read More&#8230;<span class=\"screen-reader-text\"> from Additifs pour Aquarelle<\/span><\/a><\/p>\n","protected":false},"featured_media":5587,"comment_status":"closed","ping_status":"closed","template":"","meta":{"_acf_changed":false},"product_brand":[],"product_cat":[382],"product_tag":[],"class_list":{"0":"post-632","1":"product","2":"type-product","3":"status-publish","4":"has-post-thumbnail","6":"product_cat-winsor-newton-additifs-additifs-pour-aquarelle","7":"no-variations-price","8":"d-none","10":"first","11":"instock","12":"shipping-taxable","13":"purchasable","14":"product-type-variable"},"acf":[],"_links":{"self":[{"href":"https:\/\/trade.colart.com\/fr\/wp-json\/wp\/v2\/product\/632","targetHints":{"allow":["GET"]}}],"collection":[{"href":"https:\/\/trade.colart.com\/fr\/wp-json\/wp\/v2\/product"}],"about":[{"href":"https:\/\/trade.colart.com\/fr\/wp-json\/wp\/v2\/types\/product"}],"replies":[{"embeddable":true,"href":"https:\/\/trade.colart.com\/fr\/wp-json\/wp\/v2\/comments?post=632"}],"wp:featuredmedia":[{"embeddable":true,"href":"https:\/\/trade.colart.com\/fr\/wp-json\/wp\/v2\/media\/5587"}],"wp:attachment":[{"href":"https:\/\/trade.colart.com\/fr\/wp-json\/wp\/v2\/media?parent=632"}],"wp:term":[{"taxonomy":"product_brand","embeddable":true,"href":"https:\/\/trade.colart.com\/fr\/wp-json\/wp\/v2\/product_brand?post=632"},{"taxonomy":"product_cat","embeddable":true,"href":"https:\/\/trade.colart.com\/fr\/wp-json\/wp\/v2\/product_cat?post=632"},{"taxonomy":"product_tag","embeddable":true,"href":"https:\/\/trade.colart.com\/fr\/wp-json\/wp\/v2\/product_tag?post=632"}],"curies":[{"name":"wp","href":"https:\/\/api.w.org\/{rel}","templated":true}]}}