{"id":63709,"date":"2025-03-27T00:50:46","date_gmt":"2025-03-27T00:50:46","guid":{"rendered":"https:\/\/trade.colart.com\/fr\/product\/lefranc-bourgeois-nouvelle-huile-fine\/"},"modified":"2026-04-17T11:53:43","modified_gmt":"2026-04-17T11:53:43","slug":"lefranc-bourgeois-nouvelle-huile-fine","status":"publish","type":"product","link":"https:\/\/trade.colart.com\/fr\/product\/lefranc-bourgeois-nouvelle-huile-fine\/","title":{"rendered":"Nouvelle Huile Fine"},"content":{"rendered":"<p>D\u00e9couvrez la nouvelle gamme Huile Fine Lefranc Bourgeois compos\u00e9e de 48 couleurs, fabriqu\u00e9es en France, au Mans, lumineuses, onctueuses et riches en pigments. Chaque couleur existe en 40ml et 200ml. La gamme est compos\u00e9e de 3 couleurs primaires exceptionnelles, . Son bleu primaire est unique, pr\u00e9-dos\u00e9, pour r\u00e9aliser des m\u00e9langes et des couleurs secondaires parfaitement balanc\u00e9es et harmonieuses. Le jaune primaire est d\u2019une luminosit\u00e9 incomparable et le rouge primaire est subtilement puissant. Enrichissez \u00e9galement votre palette avec les couleurs coup de c\u0153ur, ces 6 teintes remarquables, id\u00e9ales pour r\u00e9aliser un portrait ou un paysage.<br \/>\nLa texture de la nouvelle Huile Fine est onctueuse et extr\u00eamement agr\u00e9able \u00e0 travailler, sa composition \u00e0 base d\u2019huile de lin ou de carthame selon les couleurs, lui conf\u00e8re cette qualit\u00e9, en plus d\u2019une durabilit\u00e9 optimale. Comme nos autres gammes, la nouvelle Huile Fine est con\u00e7ue pour se m\u00e9langer parfaitement avec les mediums \u00e0 l\u2019huile, et r\u00e9aliser ainsi des effets de mati\u00e8re.<\/p>\n","protected":false},"excerpt":{"rendered":"<p>D\u00e9couvrez la nouvelle gamme Huile Fine Lefranc Bourgeois compos\u00e9e de 48 couleurs, fabriqu\u00e9es en France, au Mans, lumineuses, onctueuses et riches en pigments. Chaque couleur existe en 40ml et 200ml. La gamme est compos\u00e9e de 3 couleurs primaires exceptionnelles, . Son bleu primaire est unique, pr\u00e9-dos\u00e9, pour r\u00e9aliser des m\u00e9langes et des couleurs secondaires parfaitement <span class=\"more_dots\">&#8230;<\/span><\/p>\n<p><a class=\"btn btn-secondary understrap-read-more-link\" href=\"https:\/\/trade.colart.com\/fr\/product\/lefranc-bourgeois-nouvelle-huile-fine\/\">Read More&#8230;<span class=\"screen-reader-text\"> from Nouvelle Huile Fine<\/span><\/a><\/p>\n","protected":false},"featured_media":64408,"comment_status":"closed","ping_status":"closed","template":"","meta":{"_acf_changed":false},"product_brand":[],"product_cat":[2815],"product_tag":[],"class_list":{"0":"post-63709","1":"product","2":"type-product","3":"status-publish","4":"has-post-thumbnail","6":"product_cat-lefranc-bourgeois-beaux-arts-huile-huile-fine","8":"first","9":"instock","10":"shipping-taxable","11":"purchasable","12":"product-type-variable"},"acf":[],"_links":{"self":[{"href":"https:\/\/trade.colart.com\/fr\/wp-json\/wp\/v2\/product\/63709","targetHints":{"allow":["GET"]}}],"collection":[{"href":"https:\/\/trade.colart.com\/fr\/wp-json\/wp\/v2\/product"}],"about":[{"href":"https:\/\/trade.colart.com\/fr\/wp-json\/wp\/v2\/types\/product"}],"replies":[{"embeddable":true,"href":"https:\/\/trade.colart.com\/fr\/wp-json\/wp\/v2\/comments?post=63709"}],"wp:featuredmedia":[{"embeddable":true,"href":"https:\/\/trade.colart.com\/fr\/wp-json\/wp\/v2\/media\/64408"}],"wp:attachment":[{"href":"https:\/\/trade.colart.com\/fr\/wp-json\/wp\/v2\/media?parent=63709"}],"wp:term":[{"taxonomy":"product_brand","embeddable":true,"href":"https:\/\/trade.colart.com\/fr\/wp-json\/wp\/v2\/product_brand?post=63709"},{"taxonomy":"product_cat","embeddable":true,"href":"https:\/\/trade.colart.com\/fr\/wp-json\/wp\/v2\/product_cat?post=63709"},{"taxonomy":"product_tag","embeddable":true,"href":"https:\/\/trade.colart.com\/fr\/wp-json\/wp\/v2\/product_tag?post=63709"}],"curies":[{"name":"wp","href":"https:\/\/api.w.org\/{rel}","templated":true}]}}