{"id":65311,"date":"2026-03-12T23:29:57","date_gmt":"2026-03-12T23:29:57","guid":{"rendered":"https:\/\/trade.colart.com\/fr\/product\/winsor-newton-winton-huile-set-10x12ml-accessoires\/"},"modified":"2026-04-09T15:48:28","modified_gmt":"2026-04-09T15:48:28","slug":"winsor-newton-winton-huile-set-10x12ml-accessoires","status":"publish","type":"product","link":"https:\/\/trade.colart.com\/fr\/product\/winsor-newton-winton-huile-set-10x12ml-accessoires\/","title":{"rendered":"Winsor &amp; Newton Winton Huile Set 10X12ml + Accessoires"},"content":{"rendered":"<p>Explorez notre gamme compl\u00e8te de couleurs Winton, de pinceaux et de papier, soigneusement con\u00e7ue pour aider les artistes de tous niveaux \u00e0 apprendre, d\u00e9velopper et appr\u00e9cier l&#8217;art de la peinture \u00e0 l&#8217;huile.<\/p>\n","protected":false},"excerpt":{"rendered":"<p>Explorez notre gamme compl\u00e8te de couleurs Winton, de pinceaux et de papier, soigneusement con\u00e7ue pour aider les artistes de tous niveaux \u00e0 apprendre, d\u00e9velopper et appr\u00e9cier l&#8217;art de la peinture \u00e0 l&#8217;huile. <span class=\"more_dots\">&#8230;<\/span><\/p>\n<p><a class=\"btn btn-secondary understrap-read-more-link\" href=\"https:\/\/trade.colart.com\/fr\/product\/winsor-newton-winton-huile-set-10x12ml-accessoires\/\">Read More&#8230;<span class=\"screen-reader-text\"> from Winsor &amp; Newton Winton Huile Set 10X12ml + Accessoires<\/span><\/a><\/p>\n","protected":false},"featured_media":65318,"comment_status":"closed","ping_status":"closed","template":"","meta":{"_acf_changed":false},"product_brand":[],"product_cat":[276,274],"product_tag":[],"class_list":{"0":"post-65311","1":"product","2":"type-product","3":"status-publish","4":"has-post-thumbnail","6":"product_cat-winsor-newton-couleurs-couleur-a-lhuile-couleurs-huile-fine-winton-sets-huile-fine-winton","7":"product_cat-winsor-newton-coffrets-sets-huile-fine-winton","9":"first","10":"instock","11":"shipping-taxable","12":"purchasable","13":"product-type-simple"},"acf":[],"_links":{"self":[{"href":"https:\/\/trade.colart.com\/fr\/wp-json\/wp\/v2\/product\/65311","targetHints":{"allow":["GET"]}}],"collection":[{"href":"https:\/\/trade.colart.com\/fr\/wp-json\/wp\/v2\/product"}],"about":[{"href":"https:\/\/trade.colart.com\/fr\/wp-json\/wp\/v2\/types\/product"}],"replies":[{"embeddable":true,"href":"https:\/\/trade.colart.com\/fr\/wp-json\/wp\/v2\/comments?post=65311"}],"wp:featuredmedia":[{"embeddable":true,"href":"https:\/\/trade.colart.com\/fr\/wp-json\/wp\/v2\/media\/65318"}],"wp:attachment":[{"href":"https:\/\/trade.colart.com\/fr\/wp-json\/wp\/v2\/media?parent=65311"}],"wp:term":[{"taxonomy":"product_brand","embeddable":true,"href":"https:\/\/trade.colart.com\/fr\/wp-json\/wp\/v2\/product_brand?post=65311"},{"taxonomy":"product_cat","embeddable":true,"href":"https:\/\/trade.colart.com\/fr\/wp-json\/wp\/v2\/product_cat?post=65311"},{"taxonomy":"product_tag","embeddable":true,"href":"https:\/\/trade.colart.com\/fr\/wp-json\/wp\/v2\/product_tag?post=65311"}],"curies":[{"name":"wp","href":"https:\/\/api.w.org\/{rel}","templated":true}]}}