{"id":65325,"date":"2026-03-12T23:30:06","date_gmt":"2026-03-12T23:30:06","guid":{"rendered":"https:\/\/trade.colart.com\/fr\/product\/winsor-newton-graphic-art-manga-set\/"},"modified":"2026-04-17T08:43:04","modified_gmt":"2026-04-17T08:43:04","slug":"winsor-newton-graphic-art-manga-set","status":"publish","type":"product","link":"https:\/\/trade.colart.com\/fr\/product\/winsor-newton-graphic-art-manga-set\/","title":{"rendered":"Winsor &amp; Newton Graphic Art Manga Set"},"content":{"rendered":"<p>Plongez dans le monde du manga avec notre set techniques mixtes tout-en-un &#8220;\u00c0 travers le regard de l&#8217;Artiste Dani Paz&#8221;.<\/p>\n<p>Ce set contient des outils essentiels tels qu\u2019un crayon, des Promarkers, des fineliners, du papier premium r\u00e9sistant \u00e0 l&#8217;encre et un guide \u00e9tape par \u00e9tape pour vous aider \u00e0 perfectionner votre technique. Lib\u00e9rez votre cr\u00e9ativit\u00e9 et donnez vie \u00e0 vos visions de manga en toute simplicit\u00e9.<\/p>\n","protected":false},"excerpt":{"rendered":"<p>Plongez dans le monde du manga avec notre set techniques mixtes tout-en-un &#8220;\u00c0 travers le regard de l&#8217;Artiste Dani Paz&#8221;.<\/p>\n<p>Ce set contient des outils essentiels tels qu\u2019un crayon, des Promarkers, des fineliners, du papier premium r\u00e9sistant \u00e0 l&#8217;encre et un guide \u00e9tape par \u00e9tape pour vous aider \u00e0 perfectionner votre technique. Lib\u00e9rez votre cr\u00e9ativit\u00e9 et donnez vie \u00e0 vos visions de manga en toute simplicit\u00e9. <span class=\"more_dots\">&#8230;<\/span><\/p>\n<p><a class=\"btn btn-secondary understrap-read-more-link\" href=\"https:\/\/trade.colart.com\/fr\/product\/winsor-newton-graphic-art-manga-set\/\">Read More&#8230;<span class=\"screen-reader-text\"> from Winsor &amp; Newton Graphic Art Manga Set<\/span><\/a><\/p>\n","protected":false},"featured_media":65341,"comment_status":"closed","ping_status":"closed","template":"","meta":{"_acf_changed":false},"product_brand":[],"product_cat":[4941],"product_tag":[],"class_list":{"0":"post-65325","1":"product","2":"type-product","3":"status-publish","4":"has-post-thumbnail","6":"product_cat-winsor-newton-coffrets-mixed-media-sets","8":"first","9":"instock","10":"shipping-taxable","11":"purchasable","12":"product-type-simple"},"acf":[],"_links":{"self":[{"href":"https:\/\/trade.colart.com\/fr\/wp-json\/wp\/v2\/product\/65325","targetHints":{"allow":["GET"]}}],"collection":[{"href":"https:\/\/trade.colart.com\/fr\/wp-json\/wp\/v2\/product"}],"about":[{"href":"https:\/\/trade.colart.com\/fr\/wp-json\/wp\/v2\/types\/product"}],"replies":[{"embeddable":true,"href":"https:\/\/trade.colart.com\/fr\/wp-json\/wp\/v2\/comments?post=65325"}],"wp:featuredmedia":[{"embeddable":true,"href":"https:\/\/trade.colart.com\/fr\/wp-json\/wp\/v2\/media\/65341"}],"wp:attachment":[{"href":"https:\/\/trade.colart.com\/fr\/wp-json\/wp\/v2\/media?parent=65325"}],"wp:term":[{"taxonomy":"product_brand","embeddable":true,"href":"https:\/\/trade.colart.com\/fr\/wp-json\/wp\/v2\/product_brand?post=65325"},{"taxonomy":"product_cat","embeddable":true,"href":"https:\/\/trade.colart.com\/fr\/wp-json\/wp\/v2\/product_cat?post=65325"},{"taxonomy":"product_tag","embeddable":true,"href":"https:\/\/trade.colart.com\/fr\/wp-json\/wp\/v2\/product_tag?post=65325"}],"curies":[{"name":"wp","href":"https:\/\/api.w.org\/{rel}","templated":true}]}}