{"id":65339,"date":"2026-03-12T13:49:39","date_gmt":"2026-03-12T13:49:39","guid":{"rendered":"https:\/\/trade.colart.com\/fr\/product\/lefranc-bourgeois-flashe-set-primaire-5x80ml\/"},"modified":"2026-04-15T02:21:15","modified_gmt":"2026-04-15T02:21:15","slug":"lefranc-bourgeois-set-flashe-les-essentielles-75ml","status":"publish","type":"product","link":"https:\/\/trade.colart.com\/fr\/product\/lefranc-bourgeois-set-flashe-les-essentielles-75ml\/","title":{"rendered":"Lefranc Bourgeois Set Flashe Les Essentielles 75ml"},"content":{"rendered":"<p>D\u00e9couvrez cette peinture vinylique unique gr\u00e2ce au set les essentielles compos\u00e9 des 3 couleurs primaires, du noir et du blanc en 80ml pour cr\u00e9er un maximum de nuances possibles.<br \/>\nAppr\u00e9ciez la texture incroyable de la Flashe et son rendu mat velours.<br \/>\nLa peinture Flashe est extra-fine et multi-supports .<br \/>\nFabriqu\u00e9e en France.<br \/>\nFormat 5x80ml<\/p>\n<p>Id\u00e9al pour les jeunes artistes et le travail en aplat.<\/p>\n","protected":false},"excerpt":{"rendered":"<p>D\u00e9couvrez cette peinture vinylique unique gr\u00e2ce au set les essentielles compos\u00e9 des 3 couleurs primaires, du noir et du blanc en 80ml pour cr\u00e9er un maximum de nuances possibles.<br \/>\nAppr\u00e9ciez la texture incroyable de la Flashe et son rendu mat velours.<br \/>\nLa peinture Flashe est extra-fine et multi-supports .<br \/>\nFabriqu\u00e9e en France.<br \/>\nFormat 5x80ml<\/p>\n<p>Id\u00e9al pour les jeunes artistes et le travail en aplat. <span class=\"more_dots\">&#8230;<\/span><\/p>\n<p><a class=\"btn btn-secondary understrap-read-more-link\" href=\"https:\/\/trade.colart.com\/fr\/product\/lefranc-bourgeois-set-flashe-les-essentielles-75ml\/\">Read More&#8230;<span class=\"screen-reader-text\"> from Lefranc Bourgeois Set Flashe Les Essentielles 75ml<\/span><\/a><\/p>\n","protected":false},"featured_media":66093,"comment_status":"closed","ping_status":"closed","template":"","meta":{"_acf_changed":false},"product_brand":[],"product_cat":[2822],"product_tag":[],"class_list":{"0":"post-65339","1":"product","2":"type-product","3":"status-publish","4":"has-post-thumbnail","6":"product_cat-lefranc-bourgeois-beaux-arts-acrylique-vinylique-flashe-vinylique-sets-flashe","8":"first","9":"instock","10":"shipping-taxable","11":"purchasable","12":"product-type-simple"},"acf":[],"_links":{"self":[{"href":"https:\/\/trade.colart.com\/fr\/wp-json\/wp\/v2\/product\/65339","targetHints":{"allow":["GET"]}}],"collection":[{"href":"https:\/\/trade.colart.com\/fr\/wp-json\/wp\/v2\/product"}],"about":[{"href":"https:\/\/trade.colart.com\/fr\/wp-json\/wp\/v2\/types\/product"}],"replies":[{"embeddable":true,"href":"https:\/\/trade.colart.com\/fr\/wp-json\/wp\/v2\/comments?post=65339"}],"wp:featuredmedia":[{"embeddable":true,"href":"https:\/\/trade.colart.com\/fr\/wp-json\/wp\/v2\/media\/66093"}],"wp:attachment":[{"href":"https:\/\/trade.colart.com\/fr\/wp-json\/wp\/v2\/media?parent=65339"}],"wp:term":[{"taxonomy":"product_brand","embeddable":true,"href":"https:\/\/trade.colart.com\/fr\/wp-json\/wp\/v2\/product_brand?post=65339"},{"taxonomy":"product_cat","embeddable":true,"href":"https:\/\/trade.colart.com\/fr\/wp-json\/wp\/v2\/product_cat?post=65339"},{"taxonomy":"product_tag","embeddable":true,"href":"https:\/\/trade.colart.com\/fr\/wp-json\/wp\/v2\/product_tag?post=65339"}],"curies":[{"name":"wp","href":"https:\/\/api.w.org\/{rel}","templated":true}]}}