{"id":65469,"date":"2026-03-12T23:27:45","date_gmt":"2026-03-12T23:27:45","guid":{"rendered":"https:\/\/trade.colart.com\/fr\/product\/winsor-newton-mixed-media-set-aquarelle\/"},"modified":"2026-04-10T10:29:19","modified_gmt":"2026-04-10T10:29:19","slug":"winsor-newton-mixed-media-set-aquarelle","status":"publish","type":"product","link":"https:\/\/trade.colart.com\/fr\/product\/winsor-newton-mixed-media-set-aquarelle\/","title":{"rendered":"Winsor &amp; Newton Mixed Media Set &#8211; Aquarelle"},"content":{"rendered":"<p>Le set Mixed Media &#8211; Aquarelle &#8211; Winsor &amp; Newton contient une gamme d&#8217;outils soigneusement s\u00e9lectionn\u00e9s par des artistes.<\/p>\n<p>Fondez harmonieusement vos lavis d\u00e9licats d&#8217;aquarelle ou cr\u00e9ez des d\u00e9tails avec les marqueurs aquarelle aux couleurs vives. D\u00e9couvrez les astuces, techniques et guides pratiques \u00e9labor\u00e9s par des artistes exp\u00e9riment\u00e9s, vous permettant de lib\u00e9rer votre cr\u00e9ativit\u00e9 sur papier.<\/p>\n","protected":false},"excerpt":{"rendered":"<p>Le set Mixed Media &#8211; Aquarelle &#8211; Winsor &amp; Newton contient une gamme d&#8217;outils soigneusement s\u00e9lectionn\u00e9s par des artistes.<\/p>\n<p>Fondez harmonieusement vos lavis d\u00e9licats d&#8217;aquarelle ou cr\u00e9ez des d\u00e9tails avec les marqueurs aquarelle aux couleurs vives. D\u00e9couvrez les astuces, techniques et guides pratiques \u00e9labor\u00e9s par des artistes exp\u00e9riment\u00e9s, vous permettant de lib\u00e9rer votre cr\u00e9ativit\u00e9 sur papier. <span class=\"more_dots\">&#8230;<\/span><\/p>\n<p><a class=\"btn btn-secondary understrap-read-more-link\" href=\"https:\/\/trade.colart.com\/fr\/product\/winsor-newton-mixed-media-set-aquarelle\/\">Read More&#8230;<span class=\"screen-reader-text\"> from Winsor &amp; Newton Mixed Media Set &#8211; Aquarelle<\/span><\/a><\/p>\n","protected":false},"featured_media":65473,"comment_status":"closed","ping_status":"closed","template":"","meta":{"_acf_changed":false},"product_brand":[],"product_cat":[4941],"product_tag":[],"class_list":{"0":"post-65469","1":"product","2":"type-product","3":"status-publish","4":"has-post-thumbnail","6":"product_cat-winsor-newton-coffrets-mixed-media-sets","8":"first","9":"instock","10":"shipping-taxable","11":"purchasable","12":"product-type-simple"},"acf":[],"_links":{"self":[{"href":"https:\/\/trade.colart.com\/fr\/wp-json\/wp\/v2\/product\/65469","targetHints":{"allow":["GET"]}}],"collection":[{"href":"https:\/\/trade.colart.com\/fr\/wp-json\/wp\/v2\/product"}],"about":[{"href":"https:\/\/trade.colart.com\/fr\/wp-json\/wp\/v2\/types\/product"}],"replies":[{"embeddable":true,"href":"https:\/\/trade.colart.com\/fr\/wp-json\/wp\/v2\/comments?post=65469"}],"wp:featuredmedia":[{"embeddable":true,"href":"https:\/\/trade.colart.com\/fr\/wp-json\/wp\/v2\/media\/65473"}],"wp:attachment":[{"href":"https:\/\/trade.colart.com\/fr\/wp-json\/wp\/v2\/media?parent=65469"}],"wp:term":[{"taxonomy":"product_brand","embeddable":true,"href":"https:\/\/trade.colart.com\/fr\/wp-json\/wp\/v2\/product_brand?post=65469"},{"taxonomy":"product_cat","embeddable":true,"href":"https:\/\/trade.colart.com\/fr\/wp-json\/wp\/v2\/product_cat?post=65469"},{"taxonomy":"product_tag","embeddable":true,"href":"https:\/\/trade.colart.com\/fr\/wp-json\/wp\/v2\/product_tag?post=65469"}],"curies":[{"name":"wp","href":"https:\/\/api.w.org\/{rel}","templated":true}]}}