{"id":65470,"date":"2026-03-12T23:27:15","date_gmt":"2026-03-12T23:27:15","guid":{"rendered":"https:\/\/trade.colart.com\/fr\/product\/winsor-newton-mixed-media-set-illustration\/"},"modified":"2026-04-13T08:03:23","modified_gmt":"2026-04-13T08:03:23","slug":"winsor-newton-mixed-media-set-illustration","status":"publish","type":"product","link":"https:\/\/trade.colart.com\/fr\/product\/winsor-newton-mixed-media-set-illustration\/","title":{"rendered":"Winsor &amp; Newton Mixed Media Set &#8211; Illustration"},"content":{"rendered":"<p>Le set Mixe Media &#8211; Illustration &#8211; Winsor &amp; Newton inclut une gamme d&#8217;outils soigneusement s\u00e9lectionn\u00e9s par des artistes pour se compl\u00e9ter mutuellement.<\/p>\n<p>Exp\u00e9rimentez avec diff\u00e9rents traits et techniques de superposition, et ajoutez des d\u00e9tails avec des feutres fineliners pour faire ressortir votre travail. D\u00e9couvrez les guides pratiques \u00e9labor\u00e9s par des artistes exp\u00e9riment\u00e9s, vous permettant de lib\u00e9rer votre cr\u00e9ativit\u00e9 sur papier.<\/p>\n","protected":false},"excerpt":{"rendered":"<p>Le set Mixe Media &#8211; Illustration &#8211; Winsor &amp; Newton inclut une gamme d&#8217;outils soigneusement s\u00e9lectionn\u00e9s par des artistes pour se compl\u00e9ter mutuellement.<\/p>\n<p>Exp\u00e9rimentez avec diff\u00e9rents traits et techniques de superposition, et ajoutez des d\u00e9tails avec des feutres fineliners pour faire ressortir votre travail. D\u00e9couvrez les guides pratiques \u00e9labor\u00e9s par des artistes exp\u00e9riment\u00e9s, vous permettant de lib\u00e9rer votre cr\u00e9ativit\u00e9 sur papier. <span class=\"more_dots\">&#8230;<\/span><\/p>\n<p><a class=\"btn btn-secondary understrap-read-more-link\" href=\"https:\/\/trade.colart.com\/fr\/product\/winsor-newton-mixed-media-set-illustration\/\">Read More&#8230;<span class=\"screen-reader-text\"> from Winsor &amp; Newton Mixed Media Set &#8211; Illustration<\/span><\/a><\/p>\n","protected":false},"featured_media":65482,"comment_status":"closed","ping_status":"closed","template":"","meta":{"_acf_changed":false},"product_brand":[],"product_cat":[4941],"product_tag":[],"class_list":{"0":"post-65470","1":"product","2":"type-product","3":"status-publish","4":"has-post-thumbnail","6":"product_cat-winsor-newton-coffrets-mixed-media-sets","8":"first","9":"instock","10":"shipping-taxable","11":"purchasable","12":"product-type-simple"},"acf":[],"_links":{"self":[{"href":"https:\/\/trade.colart.com\/fr\/wp-json\/wp\/v2\/product\/65470","targetHints":{"allow":["GET"]}}],"collection":[{"href":"https:\/\/trade.colart.com\/fr\/wp-json\/wp\/v2\/product"}],"about":[{"href":"https:\/\/trade.colart.com\/fr\/wp-json\/wp\/v2\/types\/product"}],"replies":[{"embeddable":true,"href":"https:\/\/trade.colart.com\/fr\/wp-json\/wp\/v2\/comments?post=65470"}],"wp:featuredmedia":[{"embeddable":true,"href":"https:\/\/trade.colart.com\/fr\/wp-json\/wp\/v2\/media\/65482"}],"wp:attachment":[{"href":"https:\/\/trade.colart.com\/fr\/wp-json\/wp\/v2\/media?parent=65470"}],"wp:term":[{"taxonomy":"product_brand","embeddable":true,"href":"https:\/\/trade.colart.com\/fr\/wp-json\/wp\/v2\/product_brand?post=65470"},{"taxonomy":"product_cat","embeddable":true,"href":"https:\/\/trade.colart.com\/fr\/wp-json\/wp\/v2\/product_cat?post=65470"},{"taxonomy":"product_tag","embeddable":true,"href":"https:\/\/trade.colart.com\/fr\/wp-json\/wp\/v2\/product_tag?post=65470"}],"curies":[{"name":"wp","href":"https:\/\/api.w.org\/{rel}","templated":true}]}}