{"id":65471,"date":"2026-03-12T23:27:50","date_gmt":"2026-03-12T23:27:50","guid":{"rendered":"https:\/\/trade.colart.com\/fr\/product\/winsor-newton-mixed-media-set-metallique\/"},"modified":"2026-04-02T09:14:43","modified_gmt":"2026-04-02T09:14:43","slug":"winsor-newton-mixed-media-set-metallique","status":"publish","type":"product","link":"https:\/\/trade.colart.com\/fr\/product\/winsor-newton-mixed-media-set-metallique\/","title":{"rendered":"Winsor &amp; Newton Mixed Media Set &#8211; Metallique"},"content":{"rendered":"<p>Le set Mixed Media &#8211; Peinture Effet M\u00e9tal &#8211; Winsor &amp; Newton contient une gamme d&#8217;outils soigneusement s\u00e9lectionn\u00e9s par des artistes.<\/p>\n<p>Plongez dans un monde de teintes chatoyantes qui se marient parfaitement avec notre papier noir. Explorez la beaut\u00e9 des nuances m\u00e9talliques et exp\u00e9rimentez des effets \u00e9poustouflants gr\u00e2ce \u00e0 nos guides pratiques, \u00e9labor\u00e9s par des artistes chevronn\u00e9s, vous permettant de lib\u00e9rer votre cr\u00e9ativit\u00e9 sur papier.<\/p>\n","protected":false},"excerpt":{"rendered":"<p>Le set Mixed Media &#8211; Peinture Effet M\u00e9tal &#8211; Winsor &amp; Newton contient une gamme d&#8217;outils soigneusement s\u00e9lectionn\u00e9s par des artistes.<\/p>\n<p>Plongez dans un monde de teintes chatoyantes qui se marient parfaitement avec notre papier noir. Explorez la beaut\u00e9 des nuances m\u00e9talliques et exp\u00e9rimentez des effets \u00e9poustouflants gr\u00e2ce \u00e0 nos guides pratiques, \u00e9labor\u00e9s par des artistes chevronn\u00e9s, vous permettant de lib\u00e9rer votre cr\u00e9ativit\u00e9 sur papier. <span class=\"more_dots\">&#8230;<\/span><\/p>\n<p><a class=\"btn btn-secondary understrap-read-more-link\" href=\"https:\/\/trade.colart.com\/fr\/product\/winsor-newton-mixed-media-set-metallique\/\">Read More&#8230;<span class=\"screen-reader-text\"> from Winsor &amp; Newton Mixed Media Set &#8211; Metallique<\/span><\/a><\/p>\n","protected":false},"featured_media":65496,"comment_status":"closed","ping_status":"closed","template":"","meta":{"_acf_changed":false},"product_brand":[],"product_cat":[4941],"product_tag":[],"class_list":{"0":"post-65471","1":"product","2":"type-product","3":"status-publish","4":"has-post-thumbnail","6":"product_cat-winsor-newton-coffrets-mixed-media-sets","8":"first","9":"instock","10":"shipping-taxable","11":"purchasable","12":"product-type-simple"},"acf":[],"_links":{"self":[{"href":"https:\/\/trade.colart.com\/fr\/wp-json\/wp\/v2\/product\/65471","targetHints":{"allow":["GET"]}}],"collection":[{"href":"https:\/\/trade.colart.com\/fr\/wp-json\/wp\/v2\/product"}],"about":[{"href":"https:\/\/trade.colart.com\/fr\/wp-json\/wp\/v2\/types\/product"}],"replies":[{"embeddable":true,"href":"https:\/\/trade.colart.com\/fr\/wp-json\/wp\/v2\/comments?post=65471"}],"wp:featuredmedia":[{"embeddable":true,"href":"https:\/\/trade.colart.com\/fr\/wp-json\/wp\/v2\/media\/65496"}],"wp:attachment":[{"href":"https:\/\/trade.colart.com\/fr\/wp-json\/wp\/v2\/media?parent=65471"}],"wp:term":[{"taxonomy":"product_brand","embeddable":true,"href":"https:\/\/trade.colart.com\/fr\/wp-json\/wp\/v2\/product_brand?post=65471"},{"taxonomy":"product_cat","embeddable":true,"href":"https:\/\/trade.colart.com\/fr\/wp-json\/wp\/v2\/product_cat?post=65471"},{"taxonomy":"product_tag","embeddable":true,"href":"https:\/\/trade.colart.com\/fr\/wp-json\/wp\/v2\/product_tag?post=65471"}],"curies":[{"name":"wp","href":"https:\/\/api.w.org\/{rel}","templated":true}]}}