{"id":65502,"date":"2026-03-12T23:30:15","date_gmt":"2026-03-12T23:30:15","guid":{"rendered":"https:\/\/trade.colart.com\/fr\/product\/winsor-newton-coffret-atelier-peinture-%c3%a0-huile-artists\/"},"modified":"2026-04-10T10:29:06","modified_gmt":"2026-04-10T10:29:06","slug":"winsor-newton-coffret-atelier-peinture-%c3%a0-huile-artists","status":"publish","type":"product","link":"https:\/\/trade.colart.com\/fr\/product\/winsor-newton-coffret-atelier-peinture-%c3%a0-huile-artists\/","title":{"rendered":"Winsor &amp; Newton Coffret Atelier Peinture \u00e0 Huile Artists"},"content":{"rendered":"<p>Une belle bo\u00eete en bois. Une excellente id\u00e9e de cadeau. Ce coffret contient : 1 flacon de 75 ml de Liquin Original, 1 flacon de 75 ml de Sansodor (solvant \u00e0 faible odeur), 2 pinceaux Artists&#8217; en poils synth\u00e9tiques, 1 couteau \u00e0 palette, 1 crayon 2B, 1 gomme mie de pain, 1 double godet, 1 palette pour m\u00e9lange, 1 chiffon et 8 tubes de 37 ml de couleurs \u00e0 l&#8217;huile Artists&#8217; : Jaune Winsor, Alizarine cramoisie, Bleu Winsor (Nuance Rouge), Vert Winsor, Ocre jaune, Terre de Sienne Br\u00fbl\u00e9e, Noir d&#8217;Ivoire, Blanc de Titane. Le contenu du coffret peut varier.<\/p>\n","protected":false},"excerpt":{"rendered":"<p>Une belle bo\u00eete en bois. Une excellente id\u00e9e de cadeau. Ce coffret contient : 1 flacon de 75 ml de Liquin Original, 1 flacon de 75 ml de Sansodor (solvant \u00e0 faible odeur), 2 pinceaux Artists&#8217; en poils synth\u00e9tiques, 1 couteau \u00e0 palette, 1 crayon 2B, 1 gomme mie de pain, 1 double godet, 1 palette pour m\u00e9lange, 1 chiffon et 8 tubes de 37 ml de couleurs \u00e0 l&#8217;huile Artists&#8217; : Jaune Winsor, Alizarine cramoisie, Bleu Winsor (Nuance Rouge), Vert Winsor, Ocre jaune, Terre de Sienne Br\u00fbl\u00e9e, Noir d&#8217;Ivoire, Blanc de Titane. Le contenu du coffret peut varier. <span class=\"more_dots\">&#8230;<\/span><\/p>\n<p><a class=\"btn btn-secondary understrap-read-more-link\" href=\"https:\/\/trade.colart.com\/fr\/product\/winsor-newton-coffret-atelier-peinture-%c3%a0-huile-artists\/\">Read More&#8230;<span class=\"screen-reader-text\"> from Winsor &amp; Newton Coffret Atelier Peinture \u00e0 Huile Artists<\/span><\/a><\/p>\n","protected":false},"featured_media":65504,"comment_status":"closed","ping_status":"closed","template":"","meta":{"_acf_changed":false},"product_brand":[],"product_cat":[315,314],"product_tag":[],"class_list":{"0":"post-65502","1":"product","2":"type-product","3":"status-publish","4":"has-post-thumbnail","6":"product_cat-winsor-newton-couleurs-couleur-a-lhuile-couleurs-huile-extra-fine-artists-sets-huile-extra-fine-artists","7":"product_cat-winsor-newton-coffrets-sets-huile-extra-fine-artists","9":"first","10":"instock","11":"shipping-taxable","12":"purchasable","13":"product-type-simple"},"acf":[],"_links":{"self":[{"href":"https:\/\/trade.colart.com\/fr\/wp-json\/wp\/v2\/product\/65502","targetHints":{"allow":["GET"]}}],"collection":[{"href":"https:\/\/trade.colart.com\/fr\/wp-json\/wp\/v2\/product"}],"about":[{"href":"https:\/\/trade.colart.com\/fr\/wp-json\/wp\/v2\/types\/product"}],"replies":[{"embeddable":true,"href":"https:\/\/trade.colart.com\/fr\/wp-json\/wp\/v2\/comments?post=65502"}],"wp:featuredmedia":[{"embeddable":true,"href":"https:\/\/trade.colart.com\/fr\/wp-json\/wp\/v2\/media\/65504"}],"wp:attachment":[{"href":"https:\/\/trade.colart.com\/fr\/wp-json\/wp\/v2\/media?parent=65502"}],"wp:term":[{"taxonomy":"product_brand","embeddable":true,"href":"https:\/\/trade.colart.com\/fr\/wp-json\/wp\/v2\/product_brand?post=65502"},{"taxonomy":"product_cat","embeddable":true,"href":"https:\/\/trade.colart.com\/fr\/wp-json\/wp\/v2\/product_cat?post=65502"},{"taxonomy":"product_tag","embeddable":true,"href":"https:\/\/trade.colart.com\/fr\/wp-json\/wp\/v2\/product_tag?post=65502"}],"curies":[{"name":"wp","href":"https:\/\/api.w.org\/{rel}","templated":true}]}}