{"id":65729,"date":"2026-03-12T23:28:19","date_gmt":"2026-03-12T23:28:19","guid":{"rendered":"https:\/\/trade.colart.com\/fr\/product\/winsor-newton-studio-collection-boite-metal-crayons-de-couleur-x72\/"},"modified":"2026-04-15T13:56:44","modified_gmt":"2026-04-15T13:56:44","slug":"winsor-newton-studio-collection-boite-metal-crayons-de-couleur-x72","status":"publish","type":"product","link":"https:\/\/trade.colart.com\/fr\/product\/winsor-newton-studio-collection-boite-metal-crayons-de-couleur-x72\/","title":{"rendered":"Winsor &amp; Newton Studio Collection Boite Metal Crayons De Couleur x72"},"content":{"rendered":"<p>Crayons de couleur en bo\u00eete m\u00e9tal<br \/>\nCrayons \u00e0 base de cire tr\u00e8s pigment\u00e9s, id\u00e9aux pour obtenir des couleurs intenses ou ajouter des ombrages l\u00e9gers. Couleurs audacieuses et vives avec des mines et des pointes r\u00e9sistantes \u00e0 la casse.<\/p>\n","protected":false},"excerpt":{"rendered":"<p>Crayons de couleur en bo\u00eete m\u00e9tal<br \/>\nCrayons \u00e0 base de cire tr\u00e8s pigment\u00e9s, id\u00e9aux pour obtenir des couleurs intenses ou ajouter des ombrages l\u00e9gers. Couleurs audacieuses et vives avec des mines et des pointes r\u00e9sistantes \u00e0 la casse. <span class=\"more_dots\">&#8230;<\/span><\/p>\n<p><a class=\"btn btn-secondary understrap-read-more-link\" href=\"https:\/\/trade.colart.com\/fr\/product\/winsor-newton-studio-collection-boite-metal-crayons-de-couleur-x72\/\">Read More&#8230;<span class=\"screen-reader-text\"> from Winsor &amp; Newton Studio Collection Boite Metal Crayons De Couleur x72<\/span><\/a><\/p>\n","protected":false},"featured_media":65731,"comment_status":"closed","ping_status":"closed","template":"","meta":{"_acf_changed":false},"product_brand":[],"product_cat":[309],"product_tag":[],"class_list":{"0":"post-65729","1":"product","2":"type-product","3":"status-publish","4":"has-post-thumbnail","6":"product_cat-winsor-newton-coffrets-sets-crayons-studio-collection","8":"first","9":"instock","10":"shipping-taxable","11":"purchasable","12":"product-type-simple"},"acf":[],"_links":{"self":[{"href":"https:\/\/trade.colart.com\/fr\/wp-json\/wp\/v2\/product\/65729","targetHints":{"allow":["GET"]}}],"collection":[{"href":"https:\/\/trade.colart.com\/fr\/wp-json\/wp\/v2\/product"}],"about":[{"href":"https:\/\/trade.colart.com\/fr\/wp-json\/wp\/v2\/types\/product"}],"replies":[{"embeddable":true,"href":"https:\/\/trade.colart.com\/fr\/wp-json\/wp\/v2\/comments?post=65729"}],"wp:featuredmedia":[{"embeddable":true,"href":"https:\/\/trade.colart.com\/fr\/wp-json\/wp\/v2\/media\/65731"}],"wp:attachment":[{"href":"https:\/\/trade.colart.com\/fr\/wp-json\/wp\/v2\/media?parent=65729"}],"wp:term":[{"taxonomy":"product_brand","embeddable":true,"href":"https:\/\/trade.colart.com\/fr\/wp-json\/wp\/v2\/product_brand?post=65729"},{"taxonomy":"product_cat","embeddable":true,"href":"https:\/\/trade.colart.com\/fr\/wp-json\/wp\/v2\/product_cat?post=65729"},{"taxonomy":"product_tag","embeddable":true,"href":"https:\/\/trade.colart.com\/fr\/wp-json\/wp\/v2\/product_tag?post=65729"}],"curies":[{"name":"wp","href":"https:\/\/api.w.org\/{rel}","templated":true}]}}