{"id":65822,"date":"2026-03-12T23:28:06","date_gmt":"2026-03-12T23:28:06","guid":{"rendered":"https:\/\/trade.colart.com\/fr\/product\/winsor-newton-studio-collection-boite-metal-crayons-de-couleur-aquarellables-x72\/"},"modified":"2026-04-16T10:37:53","modified_gmt":"2026-04-16T10:37:53","slug":"winsor-newton-studio-collection-boite-metal-crayons-de-couleur-aquarellables-x72","status":"publish","type":"product","link":"https:\/\/trade.colart.com\/fr\/product\/winsor-newton-studio-collection-boite-metal-crayons-de-couleur-aquarellables-x72\/","title":{"rendered":"Winsor &amp; Newton Studio Collection Boite Metal Crayons De Couleur Aquarellables x72"},"content":{"rendered":"<p>Crayons de crayons aquarellables en bo\u00eete m\u00e9tal<\/p>\n<p>Crayons \u00e0 base de cire hautement pigment\u00e9s qui peuvent \u00eatre utilis\u00e9s \u00e0 sec ou mouill\u00e9s, en ajoutant de l&#8217;eau avec un pinceau pour cr\u00e9er de magnifiques effets picturaux. Couleurs vives avec des mines et des pointes r\u00e9sistantes \u00e0 la casse.<\/p>\n","protected":false},"excerpt":{"rendered":"<p>Crayons de crayons aquarellables en bo\u00eete m\u00e9tal<\/p>\n<p>Crayons \u00e0 base de cire hautement pigment\u00e9s qui peuvent \u00eatre utilis\u00e9s \u00e0 sec ou mouill\u00e9s, en ajoutant de l&#8217;eau avec un pinceau pour cr\u00e9er de magnifiques effets picturaux. Couleurs vives avec des mines et des pointes r\u00e9sistantes \u00e0 la casse. <span class=\"more_dots\">&#8230;<\/span><\/p>\n<p><a class=\"btn btn-secondary understrap-read-more-link\" href=\"https:\/\/trade.colart.com\/fr\/product\/winsor-newton-studio-collection-boite-metal-crayons-de-couleur-aquarellables-x72\/\">Read More&#8230;<span class=\"screen-reader-text\"> from Winsor &amp; Newton Studio Collection Boite Metal Crayons De Couleur Aquarellables x72<\/span><\/a><\/p>\n","protected":false},"featured_media":65827,"comment_status":"closed","ping_status":"closed","template":"","meta":{"_acf_changed":false},"product_brand":[],"product_cat":[313,309],"product_tag":[],"class_list":{"0":"post-65822","1":"product","2":"type-product","3":"status-publish","4":"has-post-thumbnail","6":"product_cat-winsor-newton-arts-graphiques-crayons-studio-collection-crayons-de-couleur-aquarellables-studio-collection","7":"product_cat-winsor-newton-coffrets-sets-crayons-studio-collection","9":"first","10":"instock","11":"shipping-taxable","12":"purchasable","13":"product-type-simple"},"acf":[],"_links":{"self":[{"href":"https:\/\/trade.colart.com\/fr\/wp-json\/wp\/v2\/product\/65822","targetHints":{"allow":["GET"]}}],"collection":[{"href":"https:\/\/trade.colart.com\/fr\/wp-json\/wp\/v2\/product"}],"about":[{"href":"https:\/\/trade.colart.com\/fr\/wp-json\/wp\/v2\/types\/product"}],"replies":[{"embeddable":true,"href":"https:\/\/trade.colart.com\/fr\/wp-json\/wp\/v2\/comments?post=65822"}],"wp:featuredmedia":[{"embeddable":true,"href":"https:\/\/trade.colart.com\/fr\/wp-json\/wp\/v2\/media\/65827"}],"wp:attachment":[{"href":"https:\/\/trade.colart.com\/fr\/wp-json\/wp\/v2\/media?parent=65822"}],"wp:term":[{"taxonomy":"product_brand","embeddable":true,"href":"https:\/\/trade.colart.com\/fr\/wp-json\/wp\/v2\/product_brand?post=65822"},{"taxonomy":"product_cat","embeddable":true,"href":"https:\/\/trade.colart.com\/fr\/wp-json\/wp\/v2\/product_cat?post=65822"},{"taxonomy":"product_tag","embeddable":true,"href":"https:\/\/trade.colart.com\/fr\/wp-json\/wp\/v2\/product_tag?post=65822"}],"curies":[{"name":"wp","href":"https:\/\/api.w.org\/{rel}","templated":true}]}}