{"id":65823,"date":"2026-03-12T23:27:57","date_gmt":"2026-03-12T23:27:57","guid":{"rendered":"https:\/\/trade.colart.com\/fr\/product\/winsor-newton-studio-collection-crayons-couleur-x50\/"},"modified":"2026-04-13T08:40:19","modified_gmt":"2026-04-13T08:40:19","slug":"winsor-newton-studio-collection-crayons-couleur-x50","status":"publish","type":"product","link":"https:\/\/trade.colart.com\/fr\/product\/winsor-newton-studio-collection-crayons-couleur-x50\/","title":{"rendered":"Winsor &amp; Newton Studio Collection &#8211; Crayons Couleur x50"},"content":{"rendered":"<p>Collection de crayons de couleur 50 pi\u00e8ces<br \/>\nExplorez la collection de couleurs allant de teintes vives et riches aux tons de peau. Ces crayons \u00e0 base de cire sont tr\u00e8s pigment\u00e9s avec une excellente r\u00e9sistance \u00e0 la lumi\u00e8re, ce qui les rend id\u00e9aux pour obtenir des couleurs intenses ou ajouter des ombrages l\u00e9gers qui r\u00e9sisteront \u00e0 l&#8217;\u00e9preuve du temps.<\/p>\n","protected":false},"excerpt":{"rendered":"<p>Collection de crayons de couleur 50 pi\u00e8ces<br \/>\nExplorez la collection de couleurs allant de teintes vives et riches aux tons de peau. Ces crayons \u00e0 base de cire sont tr\u00e8s pigment\u00e9s avec une excellente r\u00e9sistance \u00e0 la lumi\u00e8re, ce qui les rend id\u00e9aux pour obtenir des couleurs intenses ou ajouter des ombrages l\u00e9gers qui r\u00e9sisteront \u00e0 l&#8217;\u00e9preuve du temps. <span class=\"more_dots\">&#8230;<\/span><\/p>\n<p><a class=\"btn btn-secondary understrap-read-more-link\" href=\"https:\/\/trade.colart.com\/fr\/product\/winsor-newton-studio-collection-crayons-couleur-x50\/\">Read More&#8230;<span class=\"screen-reader-text\"> from Winsor &amp; Newton Studio Collection &#8211; Crayons Couleur x50<\/span><\/a><\/p>\n","protected":false},"featured_media":65835,"comment_status":"closed","ping_status":"closed","template":"","meta":{"_acf_changed":false},"product_brand":[],"product_cat":[309],"product_tag":[],"class_list":{"0":"post-65823","1":"product","2":"type-product","3":"status-publish","4":"has-post-thumbnail","6":"product_cat-winsor-newton-coffrets-sets-crayons-studio-collection","8":"first","9":"instock","10":"shipping-taxable","11":"purchasable","12":"product-type-simple"},"acf":[],"_links":{"self":[{"href":"https:\/\/trade.colart.com\/fr\/wp-json\/wp\/v2\/product\/65823","targetHints":{"allow":["GET"]}}],"collection":[{"href":"https:\/\/trade.colart.com\/fr\/wp-json\/wp\/v2\/product"}],"about":[{"href":"https:\/\/trade.colart.com\/fr\/wp-json\/wp\/v2\/types\/product"}],"replies":[{"embeddable":true,"href":"https:\/\/trade.colart.com\/fr\/wp-json\/wp\/v2\/comments?post=65823"}],"wp:featuredmedia":[{"embeddable":true,"href":"https:\/\/trade.colart.com\/fr\/wp-json\/wp\/v2\/media\/65835"}],"wp:attachment":[{"href":"https:\/\/trade.colart.com\/fr\/wp-json\/wp\/v2\/media?parent=65823"}],"wp:term":[{"taxonomy":"product_brand","embeddable":true,"href":"https:\/\/trade.colart.com\/fr\/wp-json\/wp\/v2\/product_brand?post=65823"},{"taxonomy":"product_cat","embeddable":true,"href":"https:\/\/trade.colart.com\/fr\/wp-json\/wp\/v2\/product_cat?post=65823"},{"taxonomy":"product_tag","embeddable":true,"href":"https:\/\/trade.colart.com\/fr\/wp-json\/wp\/v2\/product_tag?post=65823"}],"curies":[{"name":"wp","href":"https:\/\/api.w.org\/{rel}","templated":true}]}}