{"id":65824,"date":"2026-03-12T23:28:01","date_gmt":"2026-03-12T23:28:01","guid":{"rendered":"https:\/\/trade.colart.com\/fr\/product\/winsor-newton-studio-collection-crayons-aquarellables-x50\/"},"modified":"2026-04-17T10:17:34","modified_gmt":"2026-04-17T10:17:34","slug":"winsor-newton-studio-collection-crayons-aquarellables-x50","status":"publish","type":"product","link":"https:\/\/trade.colart.com\/fr\/product\/winsor-newton-studio-collection-crayons-aquarellables-x50\/","title":{"rendered":"Winsor &amp; Newton Studio Collection &#8211; Crayons Aquarellables x50"},"content":{"rendered":"<p>Set de crayons aquarelle 50 pi\u00e8ces<\/p>\n<p>Explorez la collection de couleurs allant des teintes florales et de ciels aux tons de peau. Ces crayons \u00e0 base de cire, hautement pigment\u00e9s, peuvent \u00eatre utilis\u00e9s \u00e0 sec comme des crayons de couleur ordinaires, ou vous pouvez exp\u00e9rimenter en ajoutant de l&#8217;eau \u00e0 votre travail pour cr\u00e9er de magnifiques effets picturaux.<\/p>\n","protected":false},"excerpt":{"rendered":"<p>Set de crayons aquarelle 50 pi\u00e8ces<\/p>\n<p>Explorez la collection de couleurs allant des teintes florales et de ciels aux tons de peau. Ces crayons \u00e0 base de cire, hautement pigment\u00e9s, peuvent \u00eatre utilis\u00e9s \u00e0 sec comme des crayons de couleur ordinaires, ou vous pouvez exp\u00e9rimenter en ajoutant de l&#8217;eau \u00e0 votre travail pour cr\u00e9er de magnifiques effets picturaux. <span class=\"more_dots\">&#8230;<\/span><\/p>\n<p><a class=\"btn btn-secondary understrap-read-more-link\" href=\"https:\/\/trade.colart.com\/fr\/product\/winsor-newton-studio-collection-crayons-aquarellables-x50\/\">Read More&#8230;<span class=\"screen-reader-text\"> from Winsor &amp; Newton Studio Collection &#8211; Crayons Aquarellables x50<\/span><\/a><\/p>\n","protected":false},"featured_media":65855,"comment_status":"closed","ping_status":"closed","template":"","meta":{"_acf_changed":false},"product_brand":[],"product_cat":[313,309],"product_tag":[],"class_list":{"0":"post-65824","1":"product","2":"type-product","3":"status-publish","4":"has-post-thumbnail","6":"product_cat-winsor-newton-arts-graphiques-crayons-studio-collection-crayons-de-couleur-aquarellables-studio-collection","7":"product_cat-winsor-newton-coffrets-sets-crayons-studio-collection","9":"first","10":"instock","11":"shipping-taxable","12":"purchasable","13":"product-type-simple"},"acf":[],"_links":{"self":[{"href":"https:\/\/trade.colart.com\/fr\/wp-json\/wp\/v2\/product\/65824","targetHints":{"allow":["GET"]}}],"collection":[{"href":"https:\/\/trade.colart.com\/fr\/wp-json\/wp\/v2\/product"}],"about":[{"href":"https:\/\/trade.colart.com\/fr\/wp-json\/wp\/v2\/types\/product"}],"replies":[{"embeddable":true,"href":"https:\/\/trade.colart.com\/fr\/wp-json\/wp\/v2\/comments?post=65824"}],"wp:featuredmedia":[{"embeddable":true,"href":"https:\/\/trade.colart.com\/fr\/wp-json\/wp\/v2\/media\/65855"}],"wp:attachment":[{"href":"https:\/\/trade.colart.com\/fr\/wp-json\/wp\/v2\/media?parent=65824"}],"wp:term":[{"taxonomy":"product_brand","embeddable":true,"href":"https:\/\/trade.colart.com\/fr\/wp-json\/wp\/v2\/product_brand?post=65824"},{"taxonomy":"product_cat","embeddable":true,"href":"https:\/\/trade.colart.com\/fr\/wp-json\/wp\/v2\/product_cat?post=65824"},{"taxonomy":"product_tag","embeddable":true,"href":"https:\/\/trade.colart.com\/fr\/wp-json\/wp\/v2\/product_tag?post=65824"}],"curies":[{"name":"wp","href":"https:\/\/api.w.org\/{rel}","templated":true}]}}