{"id":66007,"date":"2026-03-12T23:23:36","date_gmt":"2026-03-12T23:23:36","guid":{"rendered":"https:\/\/trade.colart.com\/fr\/product\/winsor-newton-professional-watercolour-collection-revival-8-half-pan\/"},"modified":"2026-04-17T07:12:29","modified_gmt":"2026-04-17T07:12:29","slug":"winsor-newton-professional-watercolour-collection-revival-8-half-pan","status":"publish","type":"product","link":"https:\/\/trade.colart.com\/fr\/product\/winsor-newton-professional-watercolour-collection-revival-8-half-pan\/","title":{"rendered":"Winsor &amp; Newton Professional Watercolour Collection Revival 8 Half Pan"},"content":{"rendered":"<p>D\u00e9couvrez notre Collection Revival, comprenant 8 magnifiques couleurs historiques tr\u00e8s pl\u00e9biscit\u00e9es par le pass\u00e9 et inspir\u00e9es par nos archives. Elles sont d\u00e9sormais plus s\u00fbres \u00e0 utiliser et plus permanentes dans le temps. Cet set inclut 8 demi-godets dans une bo\u00eete en m\u00e9tal avec de l&#8217;espace pour ajouter 16 couleurs suppl\u00e9mentaires et personnaliser votre palette.<\/p>\n","protected":false},"excerpt":{"rendered":"<p>D\u00e9couvrez notre Collection Revival, comprenant 8 magnifiques couleurs historiques tr\u00e8s pl\u00e9biscit\u00e9es par le pass\u00e9 et inspir\u00e9es par nos archives. Elles sont d\u00e9sormais plus s\u00fbres \u00e0 utiliser et plus permanentes dans le temps. Cet set inclut 8 demi-godets dans une bo\u00eete en m\u00e9tal avec de l&#8217;espace pour ajouter 16 couleurs suppl\u00e9mentaires et personnaliser votre palette. <span class=\"more_dots\">&#8230;<\/span><\/p>\n<p><a class=\"btn btn-secondary understrap-read-more-link\" href=\"https:\/\/trade.colart.com\/fr\/product\/winsor-newton-professional-watercolour-collection-revival-8-half-pan\/\">Read More&#8230;<span class=\"screen-reader-text\"> from Winsor &amp; Newton Professional Watercolour Collection Revival 8 Half Pan<\/span><\/a><\/p>\n","protected":false},"featured_media":66010,"comment_status":"closed","ping_status":"closed","template":"","meta":{"_acf_changed":false},"product_brand":[],"product_cat":[283],"product_tag":[],"class_list":{"0":"post-66007","1":"product","2":"type-product","3":"status-publish","4":"has-post-thumbnail","6":"product_cat-winsor-newton-couleurs-aquarelle-couleurs-aquarelle-extra-fine-professionnelle-sets-aquarelle-extra-fine-professionnelle","8":"first","9":"instock","10":"shipping-taxable","11":"purchasable","12":"product-type-simple"},"acf":[],"_links":{"self":[{"href":"https:\/\/trade.colart.com\/fr\/wp-json\/wp\/v2\/product\/66007","targetHints":{"allow":["GET"]}}],"collection":[{"href":"https:\/\/trade.colart.com\/fr\/wp-json\/wp\/v2\/product"}],"about":[{"href":"https:\/\/trade.colart.com\/fr\/wp-json\/wp\/v2\/types\/product"}],"replies":[{"embeddable":true,"href":"https:\/\/trade.colart.com\/fr\/wp-json\/wp\/v2\/comments?post=66007"}],"wp:featuredmedia":[{"embeddable":true,"href":"https:\/\/trade.colart.com\/fr\/wp-json\/wp\/v2\/media\/66010"}],"wp:attachment":[{"href":"https:\/\/trade.colart.com\/fr\/wp-json\/wp\/v2\/media?parent=66007"}],"wp:term":[{"taxonomy":"product_brand","embeddable":true,"href":"https:\/\/trade.colart.com\/fr\/wp-json\/wp\/v2\/product_brand?post=66007"},{"taxonomy":"product_cat","embeddable":true,"href":"https:\/\/trade.colart.com\/fr\/wp-json\/wp\/v2\/product_cat?post=66007"},{"taxonomy":"product_tag","embeddable":true,"href":"https:\/\/trade.colart.com\/fr\/wp-json\/wp\/v2\/product_tag?post=66007"}],"curies":[{"name":"wp","href":"https:\/\/api.w.org\/{rel}","templated":true}]}}