{"id":66008,"date":"2026-03-12T23:24:14","date_gmt":"2026-03-12T23:24:14","guid":{"rendered":"https:\/\/trade.colart.com\/fr\/product\/winsor-newton-professional-watercolour-collection-revival-6-tubes\/"},"modified":"2026-04-16T18:20:10","modified_gmt":"2026-04-16T18:20:10","slug":"winsor-newton-professional-watercolour-collection-revival-6-tubes","status":"publish","type":"product","link":"https:\/\/trade.colart.com\/fr\/product\/winsor-newton-professional-watercolour-collection-revival-6-tubes\/","title":{"rendered":"Winsor &amp; Newton Professional Watercolour Collection Revival 6 Tubes"},"content":{"rendered":"<p>D\u00e9couvrez 6 nouvelles couleurs Revival, de magnifiques tons historiques vibrants et gris, d\u00e9sormais plus s\u00fbrs \u00e0 utiliser et plus permanents dans le temps. Contient 6 tubes de 5 ml d&#8217;Aquarelle Professionnelle.<\/p>\n","protected":false},"excerpt":{"rendered":"<p>D\u00e9couvrez 6 nouvelles couleurs Revival, de magnifiques tons historiques vibrants et gris, d\u00e9sormais plus s\u00fbrs \u00e0 utiliser et plus permanents dans le temps. Contient 6 tubes de 5 ml d&#8217;Aquarelle Professionnelle. <span class=\"more_dots\">&#8230;<\/span><\/p>\n<p><a class=\"btn btn-secondary understrap-read-more-link\" href=\"https:\/\/trade.colart.com\/fr\/product\/winsor-newton-professional-watercolour-collection-revival-6-tubes\/\">Read More&#8230;<span class=\"screen-reader-text\"> from Winsor &amp; Newton Professional Watercolour Collection Revival 6 Tubes<\/span><\/a><\/p>\n","protected":false},"featured_media":66017,"comment_status":"closed","ping_status":"closed","template":"","meta":{"_acf_changed":false},"product_brand":[],"product_cat":[283],"product_tag":[],"class_list":{"0":"post-66008","1":"product","2":"type-product","3":"status-publish","4":"has-post-thumbnail","6":"product_cat-winsor-newton-couleurs-aquarelle-couleurs-aquarelle-extra-fine-professionnelle-sets-aquarelle-extra-fine-professionnelle","8":"first","9":"instock","10":"shipping-taxable","11":"purchasable","12":"product-type-simple"},"acf":[],"_links":{"self":[{"href":"https:\/\/trade.colart.com\/fr\/wp-json\/wp\/v2\/product\/66008","targetHints":{"allow":["GET"]}}],"collection":[{"href":"https:\/\/trade.colart.com\/fr\/wp-json\/wp\/v2\/product"}],"about":[{"href":"https:\/\/trade.colart.com\/fr\/wp-json\/wp\/v2\/types\/product"}],"replies":[{"embeddable":true,"href":"https:\/\/trade.colart.com\/fr\/wp-json\/wp\/v2\/comments?post=66008"}],"wp:featuredmedia":[{"embeddable":true,"href":"https:\/\/trade.colart.com\/fr\/wp-json\/wp\/v2\/media\/66017"}],"wp:attachment":[{"href":"https:\/\/trade.colart.com\/fr\/wp-json\/wp\/v2\/media?parent=66008"}],"wp:term":[{"taxonomy":"product_brand","embeddable":true,"href":"https:\/\/trade.colart.com\/fr\/wp-json\/wp\/v2\/product_brand?post=66008"},{"taxonomy":"product_cat","embeddable":true,"href":"https:\/\/trade.colart.com\/fr\/wp-json\/wp\/v2\/product_cat?post=66008"},{"taxonomy":"product_tag","embeddable":true,"href":"https:\/\/trade.colart.com\/fr\/wp-json\/wp\/v2\/product_tag?post=66008"}],"curies":[{"name":"wp","href":"https:\/\/api.w.org\/{rel}","templated":true}]}}