{"id":66702,"date":"2026-03-12T13:38:52","date_gmt":"2026-03-12T13:38:52","guid":{"rendered":"https:\/\/trade.colart.com\/fr\/product\/lefranc-bourgeois-couleurs-huile-fine-set-de-10x40mladdacc-wooden-box-row\/"},"modified":"2026-04-15T14:06:04","modified_gmt":"2026-04-15T14:06:04","slug":"lefranc-bourgeois-le-coffret-deluxe-huile-fine","status":"publish","type":"product","link":"https:\/\/trade.colart.com\/fr\/product\/lefranc-bourgeois-le-coffret-deluxe-huile-fine\/","title":{"rendered":"Lefranc Bourgeois Le Coffret Deluxe Huile Fine\u200b"},"content":{"rendered":"<p>Un beau coffret en bois pour vous initier \u00e0 la technique de l&#8217;huile fine.<\/p>\n<p>Ce coffret contient une s\u00e9lection des \u00e9l\u00e9ments essentiels pour travailler la nouvelle huile fine :<br \/>\n10 couleurs essentielles pr\u00eates \u00e0 l&#8217;emploi en 40ml : jaune primaire, orange vermillon, rouge primaire, bleu outremer, bleu primaire, \u00e9meraude imitation, ocre jaune, terre d&#8217;ombre br\u00fbl\u00e9e, noir d&#8217;ivoire et blanc de titane. <\/p>\n<p>1 M\u00e9dium \u00e0 peindre brillant et 1 solvant min\u00e9ral inodore en 75 ml, qui diluent la peinture et permettent de peindre avec finesse.<\/p>\n<p>2 pinceaux : le pinceau filiforme n\u00b06, id\u00e9al pour l&#8217;esquisse et le travail de fond, et le pinceau rond n\u00b06, id\u00e9al pour les coups de pinceau et l&#8217;\u00e9criture de pr\u00e9cision<\/p>\n<p>Le couteau n\u00b04, id\u00e9al pour les emp\u00e2tements, les lissages et les estompements<\/p>\n<p>Une serviette en coton nid d&#8217;abeille pour essuyer vos outils.<\/p>\n<p>Rangez tout votre mat\u00e9riel dans ce joli coffret en bois et transportez-le facilement gr\u00e2ce \u00e0 sa poign\u00e9e.<\/p>\n","protected":false},"excerpt":{"rendered":"<p>Un beau coffret en bois pour vous initier \u00e0 la technique de l&#8217;huile fine.<\/p>\n<p>Ce coffret contient une s\u00e9lection des \u00e9l\u00e9ments essentiels pour travailler la nouvelle huile fine :<br \/>\n10 couleurs essentielles pr\u00eates \u00e0 l&#8217;emploi en 40ml : jaune primaire, orange vermillon, rouge primaire, bleu outremer, bleu primaire, \u00e9meraude imitation, ocre jaune, terre d&#8217;ombre br\u00fbl\u00e9e, noir d&#8217;ivoire et blanc de titane. <\/p>\n<p>1 M\u00e9dium \u00e0 peindre brillant et 1 solvant min\u00e9ral inodore en 75 ml, qui diluent la peinture et permettent de peindre avec finesse.<\/p>\n<p>2 pinceaux : le pinceau filiforme n\u00b06, id\u00e9al pour l&#8217;esquisse et le travail de fond, et le pinceau rond n\u00b06, id\u00e9al pour les coups de pinceau et l&#8217;\u00e9criture de pr\u00e9cision<\/p>\n<p>Le couteau n\u00b04, id\u00e9al pour les emp\u00e2tements, les lissages et les estompements<\/p>\n<p>Une serviette en coton nid d&#8217;abeille pour essuyer vos outils.<\/p>\n<p>Rangez tout votre mat\u00e9riel dans ce joli coffret en bois et transportez-le facilement gr\u00e2ce \u00e0 sa poign\u00e9e. <span class=\"more_dots\">&#8230;<\/span><\/p>\n<p><a class=\"btn btn-secondary understrap-read-more-link\" href=\"https:\/\/trade.colart.com\/fr\/product\/lefranc-bourgeois-le-coffret-deluxe-huile-fine\/\">Read More&#8230;<span class=\"screen-reader-text\"> from Lefranc Bourgeois Le Coffret Deluxe Huile Fine\u200b<\/span><\/a><\/p>\n","protected":false},"featured_media":66761,"comment_status":"closed","ping_status":"closed","template":"","meta":{"_acf_changed":false},"product_brand":[],"product_cat":[2816],"product_tag":[],"class_list":{"0":"post-66702","1":"product","2":"type-product","3":"status-publish","4":"has-post-thumbnail","6":"product_cat-lefranc-bourgeois-beaux-arts-huile-huile-fine-sets-huile-fine","8":"first","9":"instock","10":"shipping-taxable","11":"purchasable","12":"product-type-simple"},"acf":[],"_links":{"self":[{"href":"https:\/\/trade.colart.com\/fr\/wp-json\/wp\/v2\/product\/66702","targetHints":{"allow":["GET"]}}],"collection":[{"href":"https:\/\/trade.colart.com\/fr\/wp-json\/wp\/v2\/product"}],"about":[{"href":"https:\/\/trade.colart.com\/fr\/wp-json\/wp\/v2\/types\/product"}],"replies":[{"embeddable":true,"href":"https:\/\/trade.colart.com\/fr\/wp-json\/wp\/v2\/comments?post=66702"}],"wp:featuredmedia":[{"embeddable":true,"href":"https:\/\/trade.colart.com\/fr\/wp-json\/wp\/v2\/media\/66761"}],"wp:attachment":[{"href":"https:\/\/trade.colart.com\/fr\/wp-json\/wp\/v2\/media?parent=66702"}],"wp:term":[{"taxonomy":"product_brand","embeddable":true,"href":"https:\/\/trade.colart.com\/fr\/wp-json\/wp\/v2\/product_brand?post=66702"},{"taxonomy":"product_cat","embeddable":true,"href":"https:\/\/trade.colart.com\/fr\/wp-json\/wp\/v2\/product_cat?post=66702"},{"taxonomy":"product_tag","embeddable":true,"href":"https:\/\/trade.colart.com\/fr\/wp-json\/wp\/v2\/product_tag?post=66702"}],"curies":[{"name":"wp","href":"https:\/\/api.w.org\/{rel}","templated":true}]}}