{"id":66796,"date":"2026-03-12T13:39:11","date_gmt":"2026-03-12T13:39:11","guid":{"rendered":"https:\/\/trade.colart.com\/fr\/product\/lefranc-bourgeois-fine-oil-colour-discovery-set-row\/"},"modified":"2026-04-02T07:58:55","modified_gmt":"2026-04-02T07:58:55","slug":"lefranc-bourgeois-le-kit-dinitiation-huile-fine","status":"publish","type":"product","link":"https:\/\/trade.colart.com\/fr\/product\/lefranc-bourgeois-le-kit-dinitiation-huile-fine\/","title":{"rendered":"Lefranc Bourgeois Le Kit d&#8217;Initiation Huile Fine"},"content":{"rendered":"<p>Le cadeau id\u00e9al pour vous initier \u00e0 la peinture \u00e0 l&#8217;huile fine. <\/p>\n<p>Ce coffret est une s\u00e9lection des \u00e9l\u00e9ments essentiels pour d\u00e9couvrir la technique de l&#8217;huile fine :<br \/>\n9 couleurs essentielles : jaune primaire, rouge primaire, bleu outremer, bleu primaire, \u00e9meraude imitation, ocre jaune, terre d&#8217;ombre br\u00fbl\u00e9e, noir d&#8217;ivoire en 20ml et blanc de titane en 40ml.<\/p>\n<p>1 M\u00e9dium \u00e0 peindre brillant et 1 solvant min\u00e9ral inodore en 75 ml, qui diluent la peinture et permettent de peindre avec finesse.<\/p>\n<p>2 pinceaux : le pinceau filiforme n\u00b06, id\u00e9al pour l&#8217;esquisse et le travail sur les fonds, et le pinceau rond n\u00b06, id\u00e9al pour les coups de pinceau et l&#8217;\u00e9criture de pr\u00e9cision<\/p>\n<p>Le couteau n\u00b04, id\u00e9al pour les emp\u00e2tements, les lissages et les estompements<\/p>\n<p>Une serviette en coton nid d&#8217;abeille pour essuyer vos outils<\/p>\n","protected":false},"excerpt":{"rendered":"<p>Le cadeau id\u00e9al pour vous initier \u00e0 la peinture \u00e0 l&#8217;huile fine. <\/p>\n<p>Ce coffret est une s\u00e9lection des \u00e9l\u00e9ments essentiels pour d\u00e9couvrir la technique de l&#8217;huile fine :<br \/>\n9 couleurs essentielles : jaune primaire, rouge primaire, bleu outremer, bleu primaire, \u00e9meraude imitation, ocre jaune, terre d&#8217;ombre br\u00fbl\u00e9e, noir d&#8217;ivoire en 20ml et blanc de titane en 40ml.<\/p>\n<p>1 M\u00e9dium \u00e0 peindre brillant et 1 solvant min\u00e9ral inodore en 75 ml, qui diluent la peinture et permettent de peindre avec finesse.<\/p>\n<p>2 pinceaux : le pinceau filiforme n\u00b06, id\u00e9al pour l&#8217;esquisse et le travail sur les fonds, et le pinceau rond n\u00b06, id\u00e9al pour les coups de pinceau et l&#8217;\u00e9criture de pr\u00e9cision<\/p>\n<p>Le couteau n\u00b04, id\u00e9al pour les emp\u00e2tements, les lissages et les estompements<\/p>\n<p>Une serviette en coton nid d&#8217;abeille pour essuyer vos outils <span class=\"more_dots\">&#8230;<\/span><\/p>\n<p><a class=\"btn btn-secondary understrap-read-more-link\" href=\"https:\/\/trade.colart.com\/fr\/product\/lefranc-bourgeois-le-kit-dinitiation-huile-fine\/\">Read More&#8230;<span class=\"screen-reader-text\"> from Lefranc Bourgeois Le Kit d&#8217;Initiation Huile Fine<\/span><\/a><\/p>\n","protected":false},"featured_media":66806,"comment_status":"closed","ping_status":"closed","template":"","meta":{"_acf_changed":false},"product_brand":[],"product_cat":[2816],"product_tag":[],"class_list":{"0":"post-66796","1":"product","2":"type-product","3":"status-publish","4":"has-post-thumbnail","6":"product_cat-lefranc-bourgeois-beaux-arts-huile-huile-fine-sets-huile-fine","8":"first","9":"instock","10":"shipping-taxable","11":"purchasable","12":"product-type-simple"},"acf":[],"_links":{"self":[{"href":"https:\/\/trade.colart.com\/fr\/wp-json\/wp\/v2\/product\/66796","targetHints":{"allow":["GET"]}}],"collection":[{"href":"https:\/\/trade.colart.com\/fr\/wp-json\/wp\/v2\/product"}],"about":[{"href":"https:\/\/trade.colart.com\/fr\/wp-json\/wp\/v2\/types\/product"}],"replies":[{"embeddable":true,"href":"https:\/\/trade.colart.com\/fr\/wp-json\/wp\/v2\/comments?post=66796"}],"wp:featuredmedia":[{"embeddable":true,"href":"https:\/\/trade.colart.com\/fr\/wp-json\/wp\/v2\/media\/66806"}],"wp:attachment":[{"href":"https:\/\/trade.colart.com\/fr\/wp-json\/wp\/v2\/media?parent=66796"}],"wp:term":[{"taxonomy":"product_brand","embeddable":true,"href":"https:\/\/trade.colart.com\/fr\/wp-json\/wp\/v2\/product_brand?post=66796"},{"taxonomy":"product_cat","embeddable":true,"href":"https:\/\/trade.colart.com\/fr\/wp-json\/wp\/v2\/product_cat?post=66796"},{"taxonomy":"product_tag","embeddable":true,"href":"https:\/\/trade.colart.com\/fr\/wp-json\/wp\/v2\/product_tag?post=66796"}],"curies":[{"name":"wp","href":"https:\/\/api.w.org\/{rel}","templated":true}]}}