{"id":66797,"date":"2026-04-02T05:25:12","date_gmt":"2026-04-02T05:25:12","guid":{"rendered":"https:\/\/trade.colart.com\/fr\/product\/winsor-newton-professionnels-pinceaux-en-martre-synth%c3%a9tique-pour-aquarelle-4-paquets\/"},"modified":"2026-04-17T13:42:28","modified_gmt":"2026-04-17T13:42:28","slug":"winsor-newton-professionnels-pinceaux-en-martre-synth%c3%a9tique-pour-aquarelle-4-paquets","status":"publish","type":"product","link":"https:\/\/trade.colart.com\/fr\/product\/winsor-newton-professionnels-pinceaux-en-martre-synth%c3%a9tique-pour-aquarelle-4-paquets\/","title":{"rendered":"Winsor &amp; Newton Professionnels Pinceaux en Martre Synth\u00e9tique pour Aquarelle 4 Paquets"},"content":{"rendered":"<p>Ce set contient 4 pinceaux Aquarelle Professionnelle en poils de martre synth\u00e9tique, rang\u00e9s dans une pochette en toile pratique pour le rangement et le transport, tous con\u00e7us pour accompagner l&#8217;artiste dans son parcours cr\u00e9atif. La pochette est dot\u00e9e d&#8217;une fermeture Velcro et de 7 poches int\u00e9rieures. 6 poches sont id\u00e9ales pour les pinceaux \u00e0 manche court (longueur maximale de 240 mm) et 1 poche plus large peut contenir d&#8217;autres outils de peinture.<\/p>\n","protected":false},"excerpt":{"rendered":"<p>Ce set contient 4 pinceaux Aquarelle Professionnelle en poils de martre synth\u00e9tique, rang\u00e9s dans une pochette en toile pratique pour le rangement et le transport, tous con\u00e7us pour accompagner l&#8217;artiste dans son parcours cr\u00e9atif. La pochette est dot\u00e9e d&#8217;une fermeture Velcro et de 7 poches int\u00e9rieures. 6 poches sont id\u00e9ales pour les pinceaux \u00e0 manche court (longueur maximale de 240 mm) et 1 poche plus large peut contenir d&#8217;autres outils de peinture. <span class=\"more_dots\">&#8230;<\/span><\/p>\n<p><a class=\"btn btn-secondary understrap-read-more-link\" href=\"https:\/\/trade.colart.com\/fr\/product\/winsor-newton-professionnels-pinceaux-en-martre-synth%c3%a9tique-pour-aquarelle-4-paquets\/\">Read More&#8230;<span class=\"screen-reader-text\"> from Winsor &amp; Newton Professionnels Pinceaux en Martre Synth\u00e9tique pour Aquarelle 4 Paquets<\/span><\/a><\/p>\n","protected":false},"featured_media":66809,"comment_status":"closed","ping_status":"closed","template":"","meta":{"_acf_changed":false},"product_brand":[],"product_cat":[307,308],"product_tag":[],"class_list":{"0":"post-66797","1":"product","2":"type-product","3":"status-publish","4":"has-post-thumbnail","6":"product_cat-winsor-newton-pinceaux-set-pinceaux","7":"product_cat-winsor-newton-coffrets-sets-pinceaux","9":"first","10":"instock","11":"shipping-taxable","12":"purchasable","13":"product-type-simple"},"acf":[],"_links":{"self":[{"href":"https:\/\/trade.colart.com\/fr\/wp-json\/wp\/v2\/product\/66797","targetHints":{"allow":["GET"]}}],"collection":[{"href":"https:\/\/trade.colart.com\/fr\/wp-json\/wp\/v2\/product"}],"about":[{"href":"https:\/\/trade.colart.com\/fr\/wp-json\/wp\/v2\/types\/product"}],"replies":[{"embeddable":true,"href":"https:\/\/trade.colart.com\/fr\/wp-json\/wp\/v2\/comments?post=66797"}],"wp:featuredmedia":[{"embeddable":true,"href":"https:\/\/trade.colart.com\/fr\/wp-json\/wp\/v2\/media\/66809"}],"wp:attachment":[{"href":"https:\/\/trade.colart.com\/fr\/wp-json\/wp\/v2\/media?parent=66797"}],"wp:term":[{"taxonomy":"product_brand","embeddable":true,"href":"https:\/\/trade.colart.com\/fr\/wp-json\/wp\/v2\/product_brand?post=66797"},{"taxonomy":"product_cat","embeddable":true,"href":"https:\/\/trade.colart.com\/fr\/wp-json\/wp\/v2\/product_cat?post=66797"},{"taxonomy":"product_tag","embeddable":true,"href":"https:\/\/trade.colart.com\/fr\/wp-json\/wp\/v2\/product_tag?post=66797"}],"curies":[{"name":"wp","href":"https:\/\/api.w.org\/{rel}","templated":true}]}}