{"id":66800,"date":"2026-04-02T05:24:58","date_gmt":"2026-04-02T05:24:58","guid":{"rendered":"https:\/\/trade.colart.com\/fr\/product\/winsor-newton-artistes-pinceaux-en-poils-synth%c3%a9tiques-pour-couleurs-%c3%a0-huile-8-paquets\/"},"modified":"2026-04-09T10:52:20","modified_gmt":"2026-04-09T10:52:20","slug":"winsor-newton-artistes-pinceaux-en-poils-synth%c3%a9tiques-pour-couleurs-%c3%a0-huile-8-paquets","status":"publish","type":"product","link":"https:\/\/trade.colart.com\/fr\/product\/winsor-newton-artistes-pinceaux-en-poils-synth%c3%a9tiques-pour-couleurs-%c3%a0-huile-8-paquets\/","title":{"rendered":"Winsor &amp; Newton Artistes Pinceaux en Poils Synth\u00e9tiques pour Couleurs \u00e0 Huile 8 Paquets"},"content":{"rendered":"<p>Ce set contient 8 pinceaux en soie de porc synth\u00e9tique Artists&#8217;, rang\u00e9s dans un rouleau en toile pratique pour le stockage et le transport, tous con\u00e7us pour accompagner l&#8217;artiste dans son parcours cr\u00e9atif. Le rouleau est dot\u00e9 d&#8217;une fermeture Velcro et de 10 poches int\u00e9rieures, id\u00e9ales pour les pinceaux \u00e0 long manche (longueur maximale de 330 mm).<\/p>\n","protected":false},"excerpt":{"rendered":"<p>Ce set contient 8 pinceaux en soie de porc synth\u00e9tique Artists&#8217;, rang\u00e9s dans un rouleau en toile pratique pour le stockage et le transport, tous con\u00e7us pour accompagner l&#8217;artiste dans son parcours cr\u00e9atif. Le rouleau est dot\u00e9 d&#8217;une fermeture Velcro et de 10 poches int\u00e9rieures, id\u00e9ales pour les pinceaux \u00e0 long manche (longueur maximale de 330 mm). <span class=\"more_dots\">&#8230;<\/span><\/p>\n<p><a class=\"btn btn-secondary understrap-read-more-link\" href=\"https:\/\/trade.colart.com\/fr\/product\/winsor-newton-artistes-pinceaux-en-poils-synth%c3%a9tiques-pour-couleurs-%c3%a0-huile-8-paquets\/\">Read More&#8230;<span class=\"screen-reader-text\"> from Winsor &amp; Newton Artistes Pinceaux en Poils Synth\u00e9tiques pour Couleurs \u00e0 Huile 8 Paquets<\/span><\/a><\/p>\n","protected":false},"featured_media":66833,"comment_status":"closed","ping_status":"closed","template":"","meta":{"_acf_changed":false},"product_brand":[],"product_cat":[307,308],"product_tag":[],"class_list":{"0":"post-66800","1":"product","2":"type-product","3":"status-publish","4":"has-post-thumbnail","6":"product_cat-winsor-newton-pinceaux-set-pinceaux","7":"product_cat-winsor-newton-coffrets-sets-pinceaux","9":"first","10":"instock","11":"shipping-taxable","12":"purchasable","13":"product-type-simple"},"acf":[],"_links":{"self":[{"href":"https:\/\/trade.colart.com\/fr\/wp-json\/wp\/v2\/product\/66800","targetHints":{"allow":["GET"]}}],"collection":[{"href":"https:\/\/trade.colart.com\/fr\/wp-json\/wp\/v2\/product"}],"about":[{"href":"https:\/\/trade.colart.com\/fr\/wp-json\/wp\/v2\/types\/product"}],"replies":[{"embeddable":true,"href":"https:\/\/trade.colart.com\/fr\/wp-json\/wp\/v2\/comments?post=66800"}],"wp:featuredmedia":[{"embeddable":true,"href":"https:\/\/trade.colart.com\/fr\/wp-json\/wp\/v2\/media\/66833"}],"wp:attachment":[{"href":"https:\/\/trade.colart.com\/fr\/wp-json\/wp\/v2\/media?parent=66800"}],"wp:term":[{"taxonomy":"product_brand","embeddable":true,"href":"https:\/\/trade.colart.com\/fr\/wp-json\/wp\/v2\/product_brand?post=66800"},{"taxonomy":"product_cat","embeddable":true,"href":"https:\/\/trade.colart.com\/fr\/wp-json\/wp\/v2\/product_cat?post=66800"},{"taxonomy":"product_tag","embeddable":true,"href":"https:\/\/trade.colart.com\/fr\/wp-json\/wp\/v2\/product_tag?post=66800"}],"curies":[{"name":"wp","href":"https:\/\/api.w.org\/{rel}","templated":true}]}}