{"id":66801,"date":"2026-03-12T23:29:34","date_gmt":"2026-03-12T23:29:34","guid":{"rendered":"https:\/\/trade.colart.com\/fr\/product\/winsor-newton-winton-wooden-set-8x37ml\/"},"modified":"2026-04-15T02:22:21","modified_gmt":"2026-04-15T02:22:21","slug":"winsor-newton-winton-wooden-set-8x37ml","status":"publish","type":"product","link":"https:\/\/trade.colart.com\/fr\/product\/winsor-newton-winton-wooden-set-8x37ml\/","title":{"rendered":"Winsor &amp; Newton Winton Wooden Set 8x37ml"},"content":{"rendered":"<p>D\u00e9couvrez l&#8217;exp\u00e9rience ultime de la peinture \u00e0 l&#8217;huile et voyez le monde \u00e0 travers les yeux de l&#8217;artiste.<\/p>\n<p>Notre coffret cadeau complet contient une bo\u00eete en bois r\u00e9sistante remplie de peintures \u00e0 l&#8217;huile Winton de haute qualit\u00e9, d&#8217;additifs essentiels, de pinceaux premium et de tous les accessoires n\u00e9cessaires pour ma\u00eetriser l&#8217;art de la peinture \u00e0 l&#8217;huile. Que ce soit pour vous-m\u00eame ou pour offir \u00e0 un artiste qui vous est cher, ce coffret est le cadeau parfait pour inspirer la cr\u00e9ativit\u00e9 et l&#8217;expression artistique.<\/p>\n","protected":false},"excerpt":{"rendered":"<p>D\u00e9couvrez l&#8217;exp\u00e9rience ultime de la peinture \u00e0 l&#8217;huile et voyez le monde \u00e0 travers les yeux de l&#8217;artiste.<\/p>\n<p>Notre coffret cadeau complet contient une bo\u00eete en bois r\u00e9sistante remplie de peintures \u00e0 l&#8217;huile Winton de haute qualit\u00e9, d&#8217;additifs essentiels, de pinceaux premium et de tous les accessoires n\u00e9cessaires pour ma\u00eetriser l&#8217;art de la peinture \u00e0 l&#8217;huile. Que ce soit pour vous-m\u00eame ou pour offir \u00e0 un artiste qui vous est cher, ce coffret est le cadeau parfait pour inspirer la cr\u00e9ativit\u00e9 et l&#8217;expression artistique. <span class=\"more_dots\">&#8230;<\/span><\/p>\n<p><a class=\"btn btn-secondary understrap-read-more-link\" href=\"https:\/\/trade.colart.com\/fr\/product\/winsor-newton-winton-wooden-set-8x37ml\/\">Read More&#8230;<span class=\"screen-reader-text\"> from Winsor &amp; Newton Winton Wooden Set 8x37ml<\/span><\/a><\/p>\n","protected":false},"featured_media":66834,"comment_status":"closed","ping_status":"closed","template":"","meta":{"_acf_changed":false},"product_brand":[],"product_cat":[276,274],"product_tag":[],"class_list":{"0":"post-66801","1":"product","2":"type-product","3":"status-publish","4":"has-post-thumbnail","6":"product_cat-winsor-newton-couleurs-couleur-a-lhuile-couleurs-huile-fine-winton-sets-huile-fine-winton","7":"product_cat-winsor-newton-coffrets-sets-huile-fine-winton","9":"first","10":"instock","11":"shipping-taxable","12":"purchasable","13":"product-type-simple"},"acf":[],"_links":{"self":[{"href":"https:\/\/trade.colart.com\/fr\/wp-json\/wp\/v2\/product\/66801","targetHints":{"allow":["GET"]}}],"collection":[{"href":"https:\/\/trade.colart.com\/fr\/wp-json\/wp\/v2\/product"}],"about":[{"href":"https:\/\/trade.colart.com\/fr\/wp-json\/wp\/v2\/types\/product"}],"replies":[{"embeddable":true,"href":"https:\/\/trade.colart.com\/fr\/wp-json\/wp\/v2\/comments?post=66801"}],"wp:featuredmedia":[{"embeddable":true,"href":"https:\/\/trade.colart.com\/fr\/wp-json\/wp\/v2\/media\/66834"}],"wp:attachment":[{"href":"https:\/\/trade.colart.com\/fr\/wp-json\/wp\/v2\/media?parent=66801"}],"wp:term":[{"taxonomy":"product_brand","embeddable":true,"href":"https:\/\/trade.colart.com\/fr\/wp-json\/wp\/v2\/product_brand?post=66801"},{"taxonomy":"product_cat","embeddable":true,"href":"https:\/\/trade.colart.com\/fr\/wp-json\/wp\/v2\/product_cat?post=66801"},{"taxonomy":"product_tag","embeddable":true,"href":"https:\/\/trade.colart.com\/fr\/wp-json\/wp\/v2\/product_tag?post=66801"}],"curies":[{"name":"wp","href":"https:\/\/api.w.org\/{rel}","templated":true}]}}