{"id":66802,"date":"2026-03-12T23:29:44","date_gmt":"2026-03-12T23:29:44","guid":{"rendered":"https:\/\/trade.colart.com\/fr\/product\/winsor-newton-galeria-acrylic-colour-wooden-box-set-15pc\/"},"modified":"2026-04-10T11:37:08","modified_gmt":"2026-04-10T11:37:08","slug":"winsor-newton-galeria-acrylic-colour-wooden-box-set-15pc","status":"publish","type":"product","link":"https:\/\/trade.colart.com\/fr\/product\/winsor-newton-galeria-acrylic-colour-wooden-box-set-15pc\/","title":{"rendered":"Winsor &amp; Newton Galeria Acrylic Colour Wooden Box Set 15pc\u200b"},"content":{"rendered":"<p>Notre coffret cadeau complet contient une bo\u00eete en bois r\u00e9sistante, remplie de peintures acryliques Galeria de haute qualit\u00e9, d&#8217;additifs essentiels, de pinceaux premium et de tous les accessoires n\u00e9cessaires pour ma\u00eetriser l&#8217;art de la peinture acrylique. Que ce soit pour vous-m\u00eame ou pour un artiste qui vous est cher, ce set est le cadeau parfait pour inspirer la cr\u00e9ativit\u00e9 et l&#8217;expression artistique.<\/p>\n","protected":false},"excerpt":{"rendered":"<p>Notre coffret cadeau complet contient une bo\u00eete en bois r\u00e9sistante, remplie de peintures acryliques Galeria de haute qualit\u00e9, d&#8217;additifs essentiels, de pinceaux premium et de tous les accessoires n\u00e9cessaires pour ma\u00eetriser l&#8217;art de la peinture acrylique. Que ce soit pour vous-m\u00eame ou pour un artiste qui vous est cher, ce set est le cadeau parfait pour inspirer la cr\u00e9ativit\u00e9 et l&#8217;expression artistique. <span class=\"more_dots\">&#8230;<\/span><\/p>\n<p><a class=\"btn btn-secondary understrap-read-more-link\" href=\"https:\/\/trade.colart.com\/fr\/product\/winsor-newton-galeria-acrylic-colour-wooden-box-set-15pc\/\">Read More&#8230;<span class=\"screen-reader-text\"> from Winsor &amp; Newton Galeria Acrylic Colour Wooden Box Set 15pc\u200b<\/span><\/a><\/p>\n","protected":false},"featured_media":66840,"comment_status":"closed","ping_status":"closed","template":"","meta":{"_acf_changed":false},"product_brand":[],"product_cat":[319,318],"product_tag":[],"class_list":{"0":"post-66802","1":"product","2":"type-product","3":"status-publish","4":"has-post-thumbnail","6":"product_cat-winsor-newton-couleurs-acrylique-couleurs-acrylique-galeria-sets-acrylique-galeria","7":"product_cat-winsor-newton-coffrets-sets-acrylique-galeria","9":"first","10":"instock","11":"shipping-taxable","12":"purchasable","13":"product-type-simple"},"acf":[],"_links":{"self":[{"href":"https:\/\/trade.colart.com\/fr\/wp-json\/wp\/v2\/product\/66802","targetHints":{"allow":["GET"]}}],"collection":[{"href":"https:\/\/trade.colart.com\/fr\/wp-json\/wp\/v2\/product"}],"about":[{"href":"https:\/\/trade.colart.com\/fr\/wp-json\/wp\/v2\/types\/product"}],"replies":[{"embeddable":true,"href":"https:\/\/trade.colart.com\/fr\/wp-json\/wp\/v2\/comments?post=66802"}],"wp:featuredmedia":[{"embeddable":true,"href":"https:\/\/trade.colart.com\/fr\/wp-json\/wp\/v2\/media\/66840"}],"wp:attachment":[{"href":"https:\/\/trade.colart.com\/fr\/wp-json\/wp\/v2\/media?parent=66802"}],"wp:term":[{"taxonomy":"product_brand","embeddable":true,"href":"https:\/\/trade.colart.com\/fr\/wp-json\/wp\/v2\/product_brand?post=66802"},{"taxonomy":"product_cat","embeddable":true,"href":"https:\/\/trade.colart.com\/fr\/wp-json\/wp\/v2\/product_cat?post=66802"},{"taxonomy":"product_tag","embeddable":true,"href":"https:\/\/trade.colart.com\/fr\/wp-json\/wp\/v2\/product_tag?post=66802"}],"curies":[{"name":"wp","href":"https:\/\/api.w.org\/{rel}","templated":true}]}}